{"id":1801602,"date":"2025-03-27T22:18:41","date_gmt":"2025-03-27T20:18:41","guid":{"rendered":"https:\/\/liquidmaster.pl\/chemical-guys-vertua-bond-408-paint-cleaner-preparat-przygotuje-lakier-pod-ostateczna-ochrone\/"},"modified":"2026-04-21T07:55:54","modified_gmt":"2026-04-21T05:55:54","slug":"chemical-guys-vertua-bond-408-paint-cleaner-preparat-przygotuje-lakier-pod-ostateczna-ochrone","status":"publish","type":"product","link":"https:\/\/liquidmaster.pl\/en\/chemical-guys-vertua-bond-408-paint-cleaner-preparat-przygotuje-lakier-pod-ostateczna-ochrone\/","title":{"rendered":"Chemical Guys Vertua Bond 408 Paint Cleaner - the preparation will prepare the varnish for final protection"},"content":{"rendered":"<p>Cleaner that will prepare your paintwork for the application of final protection: wax or sealant<\/p>\n<ul>\n<li>removes slight oxidation, stains, oil residues from polishing pastes<\/li>\n<li>increases the durability of the wax or sealant<\/li>\n<li>also acts as a binder for the next layer of wax or sealant<\/li>\n<li>can be used by hand or with a polisher on a finishing pad<\/li>\n<li>can be used after washing, after claying or polishing and before applying final protection<\/li>\n<li>enhances the WET-LOOK effect<\/li>\n<\/ul>","protected":false},"excerpt":{"rendered":"<p>Cleaner kt\u00f3ry przygotuje tw\u00f3j lakier na na\u0142o\u017cenie ostatecznej ochrony: wosku lub sealant-a usuwa delikatne utlenienia, zacieki, resztki olejk\u00f3w po pastach polerskich zwi\u0119ksza trwa\u0142o\u015b\u0107 wosku lub sealanta dzia\u0142a r\u00f3wnie\u017c jako \u015brodek wi\u0105\u017c\u0105cy dla kolejnej warstwy wosku lub sealant-a mo\u017ce by\u0107 uzywany r\u0119cznie lub polerk\u0105 na padzie finishing mo\u017ce byc u\u017cywany po myciu, po glinkowaniu lub polerowaniu&hellip;&nbsp;<a href=\"https:\/\/liquidmaster.pl\/en\/chemical-guys-vertua-bond-408-paint-cleaner-preparat-przygotuje-lakier-pod-ostateczna-ochrone\/\" rel=\"bookmark\">Read More \u00bb<span class=\"screen-reader-text\">Chemical Guys Vertua Bond 408 Paint Cleaner - the preparation will prepare the varnish for final protection<\/span><\/a><\/p>","protected":false},"featured_media":1846487,"comment_status":"open","ping_status":"open","template":"","meta":{"neve_meta_sidebar":"","neve_meta_container":"","neve_meta_enable_content_width":"","neve_meta_content_width":0,"neve_meta_title_alignment":"","neve_meta_author_avatar":"","neve_post_elements_order":"","neve_meta_disable_header":"","neve_meta_disable_footer":"","neve_meta_disable_title":"","_themeisle_gutenberg_block_has_review":false},"product_brand":[],"product_cat":[820,733,808],"product_tag":[278],"class_list":{"0":"post-1801602","1":"product","2":"type-product","3":"status-publish","4":"has-post-thumbnail","6":"product_cat-cleanery-pre-wax","7":"product_cat-na-zewnatrz","8":"product_cat-przygotowanie-lakieru","9":"product_tag-chemical-guys","11":"first","12":"outofstock","13":"taxable","14":"shipping-taxable","15":"purchasable","16":"product-type-simple"},"_links":{"self":[{"href":"https:\/\/liquidmaster.pl\/en\/wp-json\/wp\/v2\/product\/1801602","targetHints":{"allow":["GET"]}}],"collection":[{"href":"https:\/\/liquidmaster.pl\/en\/wp-json\/wp\/v2\/product"}],"about":[{"href":"https:\/\/liquidmaster.pl\/en\/wp-json\/wp\/v2\/types\/product"}],"replies":[{"embeddable":true,"href":"https:\/\/liquidmaster.pl\/en\/wp-json\/wp\/v2\/comments?post=1801602"}],"wp:featuredmedia":[{"embeddable":true,"href":"https:\/\/liquidmaster.pl\/en\/wp-json\/wp\/v2\/media\/1846487"}],"wp:attachment":[{"href":"https:\/\/liquidmaster.pl\/en\/wp-json\/wp\/v2\/media?parent=1801602"}],"wp:term":[{"taxonomy":"product_brand","embeddable":true,"href":"https:\/\/liquidmaster.pl\/en\/wp-json\/wp\/v2\/product_brand?post=1801602"},{"taxonomy":"product_cat","embeddable":true,"href":"https:\/\/liquidmaster.pl\/en\/wp-json\/wp\/v2\/product_cat?post=1801602"},{"taxonomy":"product_tag","embeddable":true,"href":"https:\/\/liquidmaster.pl\/en\/wp-json\/wp\/v2\/product_tag?post=1801602"}],"curies":[{"name":"wp","href":"https:\/\/api.w.org\/{rel}","templated":true}]}}