{"id":1801600,"date":"2025-03-27T22:18:17","date_gmt":"2025-03-27T20:18:17","guid":{"rendered":"https:\/\/liquidmaster.pl\/chemical-guys-the-goat-boars-hair-detail-brush-pedzelek-do-trudno-dostepnych-miejsc\/"},"modified":"2026-04-01T15:16:55","modified_gmt":"2026-04-01T13:16:55","slug":"chemical-guys-the-goat-boars-hair-detail-brush-pedzelek-do-trudno-dostepnych-miejsc","status":"publish","type":"product","link":"https:\/\/liquidmaster.pl\/en\/chemical-guys-the-goat-boars-hair-detail-brush-pedzelek-do-trudno-dostepnych-miejsc\/","title":{"rendered":"Chemical Guys The Goat - Boar&#039;s Hair Detail Brush - a brush for hard-to-reach places"},"content":{"rendered":"<p>\u00a0<\/p>\n<p data-placeholder=\"T\u0142umaczenie\" dir=\"ltr\">A versatile goat bristle brush designed for fine interior and exterior detailing.<\/p>\n<p data-placeholder=\"T\u0142umaczenie\" dir=\"ltr\">The brush is made of fine goat bristles and durable plastic parts.<\/p>\n<p data-placeholder=\"T\u0142umaczenie\" dir=\"ltr\">Goat hair is known for being soft on sensitive surfaces and highly durable, able to withstand years of intense cleaning.<\/p>\n<p>\u00a0<\/p>\n<p>\u00a0<\/p>\n<p>\u00a0<\/p>","protected":false},"excerpt":{"rendered":"<p>\u00a0 Wszechstronny p\u0119dzel z w\u0142osia kozy przeznaczony do drobnych detali wewn\u0119trznych i zewn\u0119trznych. P\u0119dzel jest wykonany z cienkiego w\u0142osia kozy i wytrzyma\u0142ych plastikowych cz\u0119\u015bci. Sier\u015b\u0107 kozy s\u0142ynie z delikatno\u015bci na wra\u017cliwych powierzchniach i du\u017cej trwa\u0142o\u015bci, kt\u00f3ra wytrzyma lata intensywnego czyszczenia. \u00a0 \u00a0 \u00a0<\/p>","protected":false},"featured_media":1846485,"comment_status":"open","ping_status":"open","template":"","meta":{"neve_meta_sidebar":"","neve_meta_container":"","neve_meta_enable_content_width":"","neve_meta_content_width":0,"neve_meta_title_alignment":"","neve_meta_author_avatar":"","neve_post_elements_order":"","neve_meta_disable_header":"","neve_meta_disable_footer":"","neve_meta_disable_title":"","_themeisle_gutenberg_block_has_review":false},"product_brand":[],"product_cat":[757,778,777],"product_tag":[278],"class_list":{"0":"post-1801600","1":"product","2":"type-product","3":"status-publish","4":"has-post-thumbnail","6":"product_cat-akcesoria","7":"product_cat-do-plastikow-wewnetrznych","8":"product_cat-szczotki-i-pedzelki","9":"product_tag-chemical-guys","11":"first","12":"outofstock","13":"taxable","14":"shipping-taxable","15":"purchasable","16":"product-type-simple"},"_links":{"self":[{"href":"https:\/\/liquidmaster.pl\/en\/wp-json\/wp\/v2\/product\/1801600","targetHints":{"allow":["GET"]}}],"collection":[{"href":"https:\/\/liquidmaster.pl\/en\/wp-json\/wp\/v2\/product"}],"about":[{"href":"https:\/\/liquidmaster.pl\/en\/wp-json\/wp\/v2\/types\/product"}],"replies":[{"embeddable":true,"href":"https:\/\/liquidmaster.pl\/en\/wp-json\/wp\/v2\/comments?post=1801600"}],"wp:featuredmedia":[{"embeddable":true,"href":"https:\/\/liquidmaster.pl\/en\/wp-json\/wp\/v2\/media\/1846485"}],"wp:attachment":[{"href":"https:\/\/liquidmaster.pl\/en\/wp-json\/wp\/v2\/media?parent=1801600"}],"wp:term":[{"taxonomy":"product_brand","embeddable":true,"href":"https:\/\/liquidmaster.pl\/en\/wp-json\/wp\/v2\/product_brand?post=1801600"},{"taxonomy":"product_cat","embeddable":true,"href":"https:\/\/liquidmaster.pl\/en\/wp-json\/wp\/v2\/product_cat?post=1801600"},{"taxonomy":"product_tag","embeddable":true,"href":"https:\/\/liquidmaster.pl\/en\/wp-json\/wp\/v2\/product_tag?post=1801600"}],"curies":[{"name":"wp","href":"https:\/\/api.w.org\/{rel}","templated":true}]}}