{"id":1801590,"date":"2025-03-27T22:17:50","date_gmt":"2025-03-27T20:17:50","guid":{"rendered":"https:\/\/liquidmaster.pl\/chemical-guys-large-tire-dressing-applicator-pad-aplikator-do-opon\/"},"modified":"2026-04-19T03:03:57","modified_gmt":"2026-04-19T01:03:57","slug":"chemical-guys-large-tire-dressing-applicator-pad-aplikator-do-opon","status":"publish","type":"product","link":"https:\/\/liquidmaster.pl\/en\/chemical-guys-large-tire-dressing-applicator-pad-aplikator-do-opon\/","title":{"rendered":"Chemical Guys Large Tire Dressing Applicator Pad - tire applicator"},"content":{"rendered":"<p>Large Tire Applicator Applicator Pads are a large 4-by-4-inch tire dressing applicator that is contoured to fit the tire.<br \/>\nThe applicator is in the shape of a square with grooves for the fingers, thanks to which the grip is secure and at the same time protecting the hands from dirt.<br \/>\nThe unique shape of the applicator evenly distributes the product, limiting its loss.<br \/>\nThe Durafoam Contoured Large Tire dressing applicator is made of two different densities of foam.<br \/>\nIt is reusable.<\/p>\n<p>\n\u00a0<\/p>\n<p>\n\u00a0<\/p>\n<p align=\"center\">\n\u00a0<\/p>","protected":false},"excerpt":{"rendered":"<p>Large Tire Applicator Applicator Pads to du\u017cy aplikator do dressingu do opon o wymiarach 4 na 4 cale, kt\u00f3ry jest wyprofilowany tak, aby pasowa\u0142 do opony. Aplikator jest w kszta\u0142cie kwadratu z rowkami na palce, dzi\u0119ki kt\u00f3rym uchwyt jest pewny, przy okazji chroni\u0105c d\u0142onie przed zabrudzeniem. Unikalny kszta\u0142t aplikatora r\u00f3wnomiernie rozprowadza produkt, ograniczaj\u0105c jego straty.&hellip;&nbsp;<a href=\"https:\/\/liquidmaster.pl\/en\/chemical-guys-large-tire-dressing-applicator-pad-aplikator-do-opon\/\" rel=\"bookmark\">Read More \u00bb<span class=\"screen-reader-text\">Chemical Guys Large Tire Dressing Applicator Pad - tire applicator<\/span><\/a><\/p>","protected":false},"featured_media":1846469,"comment_status":"open","ping_status":"open","template":"","meta":{"neve_meta_sidebar":"","neve_meta_container":"","neve_meta_enable_content_width":"","neve_meta_content_width":0,"neve_meta_title_alignment":"","neve_meta_author_avatar":"","neve_post_elements_order":"","neve_meta_disable_header":"","neve_meta_disable_footer":"","neve_meta_disable_title":"","_themeisle_gutenberg_block_has_review":false},"product_brand":[],"product_cat":[745,733,779],"product_tag":[278],"class_list":{"0":"post-1801590","1":"product","2":"type-product","3":"status-publish","4":"has-post-thumbnail","6":"product_cat-kola-i-opony","7":"product_cat-na-zewnatrz","8":"product_cat-szczotki-pedzelki-i-aplikatory-do-kol","9":"product_tag-chemical-guys","11":"first","12":"instock","13":"taxable","14":"shipping-taxable","15":"purchasable","16":"product-type-simple"},"_links":{"self":[{"href":"https:\/\/liquidmaster.pl\/en\/wp-json\/wp\/v2\/product\/1801590","targetHints":{"allow":["GET"]}}],"collection":[{"href":"https:\/\/liquidmaster.pl\/en\/wp-json\/wp\/v2\/product"}],"about":[{"href":"https:\/\/liquidmaster.pl\/en\/wp-json\/wp\/v2\/types\/product"}],"replies":[{"embeddable":true,"href":"https:\/\/liquidmaster.pl\/en\/wp-json\/wp\/v2\/comments?post=1801590"}],"wp:featuredmedia":[{"embeddable":true,"href":"https:\/\/liquidmaster.pl\/en\/wp-json\/wp\/v2\/media\/1846469"}],"wp:attachment":[{"href":"https:\/\/liquidmaster.pl\/en\/wp-json\/wp\/v2\/media?parent=1801590"}],"wp:term":[{"taxonomy":"product_brand","embeddable":true,"href":"https:\/\/liquidmaster.pl\/en\/wp-json\/wp\/v2\/product_brand?post=1801590"},{"taxonomy":"product_cat","embeddable":true,"href":"https:\/\/liquidmaster.pl\/en\/wp-json\/wp\/v2\/product_cat?post=1801590"},{"taxonomy":"product_tag","embeddable":true,"href":"https:\/\/liquidmaster.pl\/en\/wp-json\/wp\/v2\/product_tag?post=1801590"}],"curies":[{"name":"wp","href":"https:\/\/api.w.org\/{rel}","templated":true}]}}