{"id":1801532,"date":"2025-03-27T22:13:44","date_gmt":"2025-03-27T20:13:44","guid":{"rendered":"https:\/\/liquidmaster.pl\/vikan-wipe-n-shine-707752-sciagaczka-do-wody-25cm\/"},"modified":"2026-04-18T04:18:22","modified_gmt":"2026-04-18T02:18:22","slug":"vikan-wipe-n-shine-707752-sciagaczka-do-wody-25cm","status":"publish","type":"product","link":"https:\/\/liquidmaster.pl\/en\/vikan-wipe-n-shine-707752-sciagaczka-do-wody-25cm\/","title":{"rendered":"Vikan Wipe-N-Shine 707752 - 25cm water squeegee"},"content":{"rendered":"<p>Vikan Wipe-N-Shine 707752 \u2013 a safe and gentle squeegee for paint. Made only of rubber and polypropylene, it has no sharp edges. The soft rubber strip adapts to any surface to be dried. Fits all Vikan handles.<\/p>\n<p>Length: 250 mm<\/p>","protected":false},"excerpt":{"rendered":"<p>Vikan Wipe-N-Shine 707752 \u2013 bezpieczna i \u0142agodna dla lakieru \u015bci\u0105gaczka do wody. Wykonana wy\u0142\u0105cznie z gumy i polipropylenu, nie posiada ostrych kraw\u0119dzi. Mi\u0119kka listwa gumowa dopasowuje si\u0119 do ka\u017cdej osuszanej powierzchni. Pasuje do wszystkich trzonk\u00f3w Vikan. D\u0142ugo\u015b\u0107: 250 mm<\/p>","protected":false},"featured_media":1846392,"comment_status":"open","ping_status":"open","template":"","meta":{"neve_meta_sidebar":"","neve_meta_container":"","neve_meta_enable_content_width":"","neve_meta_content_width":0,"neve_meta_title_alignment":"","neve_meta_author_avatar":"","neve_post_elements_order":"","neve_meta_disable_header":"","neve_meta_disable_footer":"","neve_meta_disable_title":"","_themeisle_gutenberg_block_has_review":false},"product_brand":[],"product_cat":[734,733,821],"product_tag":[377],"class_list":{"0":"post-1801532","1":"product","2":"type-product","3":"status-publish","4":"has-post-thumbnail","6":"product_cat-mycie-i-osuszanie","7":"product_cat-na-zewnatrz","8":"product_cat-wspomaganie-osuszania","9":"product_tag-vikan","11":"first","12":"instock","13":"taxable","14":"shipping-taxable","15":"purchasable","16":"product-type-simple"},"_links":{"self":[{"href":"https:\/\/liquidmaster.pl\/en\/wp-json\/wp\/v2\/product\/1801532","targetHints":{"allow":["GET"]}}],"collection":[{"href":"https:\/\/liquidmaster.pl\/en\/wp-json\/wp\/v2\/product"}],"about":[{"href":"https:\/\/liquidmaster.pl\/en\/wp-json\/wp\/v2\/types\/product"}],"replies":[{"embeddable":true,"href":"https:\/\/liquidmaster.pl\/en\/wp-json\/wp\/v2\/comments?post=1801532"}],"wp:featuredmedia":[{"embeddable":true,"href":"https:\/\/liquidmaster.pl\/en\/wp-json\/wp\/v2\/media\/1846392"}],"wp:attachment":[{"href":"https:\/\/liquidmaster.pl\/en\/wp-json\/wp\/v2\/media?parent=1801532"}],"wp:term":[{"taxonomy":"product_brand","embeddable":true,"href":"https:\/\/liquidmaster.pl\/en\/wp-json\/wp\/v2\/product_brand?post=1801532"},{"taxonomy":"product_cat","embeddable":true,"href":"https:\/\/liquidmaster.pl\/en\/wp-json\/wp\/v2\/product_cat?post=1801532"},{"taxonomy":"product_tag","embeddable":true,"href":"https:\/\/liquidmaster.pl\/en\/wp-json\/wp\/v2\/product_tag?post=1801532"}],"curies":[{"name":"wp","href":"https:\/\/api.w.org\/{rel}","templated":true}]}}