{"id":1801528,"date":"2025-03-27T22:13:19","date_gmt":"2025-03-27T20:13:19","guid":{"rendered":"https:\/\/liquidmaster.pl\/vikan-multi-brush-rim-cleaner-525252-szczotka-do-felg\/"},"modified":"2026-04-18T04:18:21","modified_gmt":"2026-04-18T02:18:21","slug":"vikan-multi-brush-rim-cleaner-525252-szczotka-do-felg","status":"publish","type":"product","link":"https:\/\/liquidmaster.pl\/en\/vikan-szczotka-do-felg-2\/","title":{"rendered":"Vikan Multi Brush Rim Cleaner 525252 - brush for rims"},"content":{"rendered":"<p>Vikan Multi Brush Rim Cleaner 525252 \u2013 brush for cleaning rims with a rubber edge. High quality, wear-resistant. <\/p>\n<p>Made of soft and dense VTS polyester bristles, resistant to rim cleaning agents. It has no sharp edges (all covered with rubber). Safe for aluminum rims (bristle ends split).<\/p>","protected":false},"excerpt":{"rendered":"<p>Vikan Multi Brush Rim Cleaner 525252 \u2013 szczotka do mycia felg z gumowym rantem. Wysokiej jako\u015bci, odporna na zu\u017cycie. Wykonana z mi\u0119kkiego i g\u0119stego w\u0142osia poliestrowego VTS,\u00a0odpornego na dzia\u0142anie \u015brodk\u00f3w do mycia felg. Nie posiada ostrych kraw\u0119dzi (ca\u0142o\u015b\u0107 zalana gum\u0105). Bezpieczna dla felg aluminiowych (ko\u0144c\u00f3wki w\u0142osia rozdwajane).<\/p>","protected":false},"featured_media":1846386,"comment_status":"open","ping_status":"open","template":"","meta":{"neve_meta_sidebar":"","neve_meta_container":"","neve_meta_enable_content_width":"","neve_meta_content_width":0,"neve_meta_title_alignment":"","neve_meta_author_avatar":"","neve_post_elements_order":"","neve_meta_disable_header":"","neve_meta_disable_footer":"","neve_meta_disable_title":"","_themeisle_gutenberg_block_has_review":false},"product_brand":[],"product_cat":[745,733,779],"product_tag":[377],"class_list":{"0":"post-1801528","1":"product","2":"type-product","3":"status-publish","4":"has-post-thumbnail","6":"product_cat-kola-i-opony","7":"product_cat-na-zewnatrz","8":"product_cat-szczotki-pedzelki-i-aplikatory-do-kol","9":"product_tag-vikan","11":"first","12":"instock","13":"taxable","14":"shipping-taxable","15":"purchasable","16":"product-type-simple"},"_links":{"self":[{"href":"https:\/\/liquidmaster.pl\/en\/wp-json\/wp\/v2\/product\/1801528","targetHints":{"allow":["GET"]}}],"collection":[{"href":"https:\/\/liquidmaster.pl\/en\/wp-json\/wp\/v2\/product"}],"about":[{"href":"https:\/\/liquidmaster.pl\/en\/wp-json\/wp\/v2\/types\/product"}],"replies":[{"embeddable":true,"href":"https:\/\/liquidmaster.pl\/en\/wp-json\/wp\/v2\/comments?post=1801528"}],"wp:featuredmedia":[{"embeddable":true,"href":"https:\/\/liquidmaster.pl\/en\/wp-json\/wp\/v2\/media\/1846386"}],"wp:attachment":[{"href":"https:\/\/liquidmaster.pl\/en\/wp-json\/wp\/v2\/media?parent=1801528"}],"wp:term":[{"taxonomy":"product_brand","embeddable":true,"href":"https:\/\/liquidmaster.pl\/en\/wp-json\/wp\/v2\/product_brand?post=1801528"},{"taxonomy":"product_cat","embeddable":true,"href":"https:\/\/liquidmaster.pl\/en\/wp-json\/wp\/v2\/product_cat?post=1801528"},{"taxonomy":"product_tag","embeddable":true,"href":"https:\/\/liquidmaster.pl\/en\/wp-json\/wp\/v2\/product_tag?post=1801528"}],"curies":[{"name":"wp","href":"https:\/\/api.w.org\/{rel}","templated":true}]}}