{"id":1801406,"date":"2025-03-27T22:05:03","date_gmt":"2025-03-27T20:05:03","guid":{"rendered":"https:\/\/liquidmaster.pl\/scangrip-vega-lite-1500\/"},"modified":"2026-04-18T04:17:53","modified_gmt":"2026-04-18T02:17:53","slug":"scangrip-vega-lite-1500","status":"publish","type":"product","link":"https:\/\/liquidmaster.pl\/en\/scangrip-vega-lite-1500\/","title":{"rendered":"Scangrip VEGA LITE 1500"},"content":{"rendered":"<p style=\"margin: 0pt; text-align: justify;\">VEGA LITE 1500 C+R to \u00a0wytrzyma\u0142y, lekki reflektor LED o 2-stopniowej mocy. W lampie umieszczono 66 di\u00f3d kt\u00f3re generuj\u0105 intensywne \u015bwiat\u0142o o mocy do 1500 lumen\u00f3w. Mocne diody LED pozwalaj\u0105 uzyska\u0107 jednolite rozproszone i nieo\u015blepiaj\u0105ce \u015bwiat\u0142o robocze. <\/p>\n<p style=\"margin: 0pt; text-align: justify;\">\u00a0<\/p>\n<p style=\"margin: 0pt; text-align: justify;\">Lekka, solidna i wytrzyma\u0142a oprawa reflektor\u00f3w VEGA LITE jest wykonana z plastiku o wysokiej odporno\u015bci na uderzenia. W przeciwie\u0144stwie do reflektor\u00f3w halogenowych nie stwarzaj\u0105 one zagro\u017cenia powstania po\u017caru, poniewa\u017c diody LED nie generuj\u0105 ciep\u0142a. Rami\u0119 oprawy wykonane jest ze stali i mo\u017cna je zamontowa\u0107 bezpo\u015brednio na STOJAKU SCANGRIP, SCANGRIP NA KO\u0141ACH lub uchwycie magnetycznym.<\/p>\n<p style=\"margin: 0pt; text-align: justify;\">\u00a0<\/p>\n<p style=\"margin: 0pt; text-align: justify;\">Lampa Vega 1500 C+R zosta\u0142a zaprojektowana do pracy w trudnych warunkach i posiada 2 gniazda zasilaj\u0105ce SCHUKO z ty\u0142u obudowy.<\/p>\n<p style=\"margin: 0pt; text-align: justify;\">\u00a0<\/p>\n<p style=\"margin: 0pt; text-align: justify;\">Reflektor jest r\u00f3wnie\u017c wodoszczelny i py\u0142oodporny wed\u0142ug standard\u00f3w IP54.<\/p>\n<p style=\"margin: 0pt; text-align: justify;\">\u00a0<\/p>\n<tr style=\"height: 22.65pt;\">\n<p style=\"margin: 0pt; text-align: center; background-color: rgb(0, 0, 0);\">DANE TECHNICZNE<\/p>\n<\/tr>\n<tr style=\"height: 22.65pt;\">\n<p style=\"margin: 0pt; text-align: left;\">\u017ar\u00f3d\u0142o \u015bwiat\u0142a<\/p>\n<p style=\"margin: 0pt; text-align: center; background-color: rgb(242, 242, 242);\">66 LED<\/p>\n<\/tr>\n<tr style=\"height: 22.65pt;\">\n<p style=\"margin: 0pt; text-align: left;\">moc \u015bwiat\u0142a max.\/min. \u00a0[lm]<\/p>\n<p style=\"margin: 0pt; text-align: center; background-color: rgb(242, 242, 242);\">1500\/750<\/p>\n<\/tr>\n<tr style=\"height: 22.65pt;\">\n<p style=\"margin: 0pt; text-align: left;\">nat\u0119\u017cenie \u015bwiat\u0142a max.\/min. \u00a0[lux]<\/p>\n<p style=\"margin: 0pt; text-align: center; background-color: rgb(242, 242, 242);\">3000\/1700<\/p>\n<\/tr>\n<tr style=\"height: 22.65pt;\">\n<p style=\"margin: 0pt; text-align: left;\">temperatura barwowa [K]<\/p>\n<p style=\"margin: 0pt; text-align: center; background-color: rgb(242, 242, 242);\">6000<\/p>\n<\/tr>\n<tr style=\"height: 22.65pt;\">\n<p style=\"margin: 0pt; text-align: left;\">wsp\u00f3\u0142czynnik oddawania barw (CRI) [Ra]<\/p>\n<p style=\"margin: 0pt; text-align: center; background-color: rgb(242, 242, 242);\">>80 <\/p>\n<\/tr>\n<tr style=\"height: 22.65pt;\">\n<p style=\"margin: 0pt; text-align: left;\">k\u0105t wi\u0105zki \u015bwiat\u0142a \u00a0[\u00ba]<\/p>\n<p style=\"margin: 0pt; text-align: center; background-color: rgb(242, 242, 242);\">100<\/p>\n<\/tr>\n<tr style=\"height: 22.65pt;\">\n<p style=\"margin: 0pt; text-align: left;\">rodzaj akumulatora \u00a0[mAh]<\/p>\n<p style=\"margin: 0pt; text-align: center; background-color: rgb(242, 242, 242);\">2600 \/ Li-Ion<\/p>\n<\/tr>\n<tr style=\"height: 22.65pt;\">\n<p style=\"margin: 0pt; text-align: left;\">czas \u00a0pracy na baterii \u00a0[h]<\/p>\n<p style=\"margin: 0pt; text-align: center; background-color: rgb(242, 242, 242);\">do 3<\/p>\n<\/tr>\n<tr style=\"height: 22.65pt;\">\n<p style=\"margin: 0pt; text-align: left;\">czas \u0142adowania baterii [h]<\/p>\n<p style=\"margin: 0pt; text-align: center; background-color: rgb(242, 242, 242);\">1,5<\/p>\n<\/tr>\n<tr style=\"height: 22.65pt;\">\n<p style=\"margin: 0pt; text-align: left;\">zasilanie \u00a0[V]<\/p>\n<p style=\"margin: 0pt; text-align: center; background-color: rgb(242, 242, 242);\">100-240<\/p>\n<\/tr>\n<tr style=\"height: 22.65pt;\">\n<p style=\"margin: 0pt; text-align: left;\">d\u0142ugo\u015b\u0107 przewodu zasiliaj\u0105cego \u00a0[m]<\/p>\n<p style=\"margin: 0pt; text-align: center; background-color: rgb(242, 242, 242);\">5<\/p>\n<\/tr>\n<tr style=\"height: 22.65pt;\">\n<p style=\"margin: 0pt; text-align: left;\">zakres temperatur otoczenia pracy \u00a0[\u00baC]<\/p>\n<p style=\"margin: 0pt; text-align: center; background-color: rgb(242, 242, 242);\">-10 \u00a0+40<\/p>\n<\/tr>\n<tr style=\"height: 22.65pt;\">\n<p style=\"margin: 0pt; text-align: left;\">stopie\u0144 ochrony<\/p>\n<p style=\"margin: 0pt; text-align: center; background-color: rgb(242, 242, 242);\">IP54<\/p>\n<\/tr>\n<tr style=\"height: 22.65pt;\">\n<p style=\"margin: 0pt; text-align: left;\">wytrzyma\u0142o\u015b\u0107 mechaniczna urz\u0105dzenia<\/p>\n<p style=\"margin: 0pt; text-align: center; background-color: rgb(242, 242, 242);\">IK07<\/p>\n<\/tr>\n<tr style=\"height: 22.65pt;\">\n<p style=\"margin: 0pt; text-align: left;\">wymiary \u00a0[mm]<\/p>\n<p style=\"margin: 0pt; text-align: center; background-color: rgb(242, 242, 242);\">288x103x280<\/p>\n<\/tr>\n<tr style=\"height: 22.65pt;\">\n<p style=\"margin: 0pt; text-align: left;\">waga \u00a0[kg]<\/p>\n<p style=\"margin: 0pt; text-align: center; background-color: rgb(242, 242, 242);\">2,59<\/p>\n<\/tr>\n","protected":false},"excerpt":{"rendered":"<p>VEGA LITE 1500 C+R is a durable, lightweight LED headlamp with 2-level power. The lamp contains 66 diodes that generate intense light with a power of up to 1,500 lumens. Powerful LED diodes allow for uniform, diffused and glare-free work light.  The light, solid and durable VEGA LITE headlight housing is made of high impact-resistant plastic.\u2026&nbsp;<a href=\"https:\/\/liquidmaster.pl\/en\/scangrip-vega-lite-1500\/\" rel=\"bookmark\">Read More \u00bb<span class=\"screen-reader-text\">Scangrip VEGA LITE 1500<\/span><\/a><\/p>","protected":false},"featured_media":1846199,"comment_status":"open","ping_status":"open","template":"","meta":{"neve_meta_sidebar":"","neve_meta_container":"","neve_meta_enable_content_width":"","neve_meta_content_width":0,"neve_meta_title_alignment":"","neve_meta_author_avatar":"","neve_post_elements_order":"","neve_meta_disable_header":"","neve_meta_disable_footer":"","neve_meta_disable_title":"","_themeisle_gutenberg_block_has_review":false},"product_brand":[],"product_cat":[749,827,748],"product_tag":[356],"class_list":{"0":"post-1801406","1":"product","2":"type-product","3":"status-publish","4":"has-post-thumbnail","6":"product_cat-akcesoria-polerskie","7":"product_cat-lampy-inspekcyjne","8":"product_cat-polerowanie","9":"product_tag-scangrip","11":"first","12":"outofstock","13":"taxable","14":"shipping-taxable","15":"purchasable","16":"product-type-simple"},"_links":{"self":[{"href":"https:\/\/liquidmaster.pl\/en\/wp-json\/wp\/v2\/product\/1801406","targetHints":{"allow":["GET"]}}],"collection":[{"href":"https:\/\/liquidmaster.pl\/en\/wp-json\/wp\/v2\/product"}],"about":[{"href":"https:\/\/liquidmaster.pl\/en\/wp-json\/wp\/v2\/types\/product"}],"replies":[{"embeddable":true,"href":"https:\/\/liquidmaster.pl\/en\/wp-json\/wp\/v2\/comments?post=1801406"}],"wp:featuredmedia":[{"embeddable":true,"href":"https:\/\/liquidmaster.pl\/en\/wp-json\/wp\/v2\/media\/1846199"}],"wp:attachment":[{"href":"https:\/\/liquidmaster.pl\/en\/wp-json\/wp\/v2\/media?parent=1801406"}],"wp:term":[{"taxonomy":"product_brand","embeddable":true,"href":"https:\/\/liquidmaster.pl\/en\/wp-json\/wp\/v2\/product_brand?post=1801406"},{"taxonomy":"product_cat","embeddable":true,"href":"https:\/\/liquidmaster.pl\/en\/wp-json\/wp\/v2\/product_cat?post=1801406"},{"taxonomy":"product_tag","embeddable":true,"href":"https:\/\/liquidmaster.pl\/en\/wp-json\/wp\/v2\/product_tag?post=1801406"}],"curies":[{"name":"wp","href":"https:\/\/api.w.org\/{rel}","templated":true}]}}