{"id":1801372,"date":"2025-03-27T22:02:31","date_gmt":"2025-03-27T20:02:31","guid":{"rendered":"https:\/\/liquidmaster.pl\/scangrip-vega-lite-4000\/"},"modified":"2026-04-18T04:17:44","modified_gmt":"2026-04-18T02:17:44","slug":"scangrip-vega-lite-4000","status":"publish","type":"product","link":"https:\/\/liquidmaster.pl\/en\/scangrip-vega-lite-4000\/","title":{"rendered":"Scangrip VEGA LITE 4000"},"content":{"rendered":"<p style=\"margin: 0pt; text-align: justify;\">SCANGRIP VEGA LITE 4000<\/p>\n<p style=\"margin: 0pt; text-align: justify;\">VEGA LITE 4000 to \u00a0wytrzyma\u0142y, lekki reflektor LED pochodz\u0105cy od du\u0144skiej marki SCANGRIP. W lampie umieszczono 123 diody kt\u00f3re generuj\u0105 intensywne \u015bwiat\u0142o o mocy 4000 lumen\u00f3w. Mocne diody LED pozwalaj\u0105 uzyska\u0107 jednolite rozproszone i nieo\u015blepiaj\u0105ce \u015bwiat\u0142o robocze. <\/p>\n<p style=\"margin: 0pt; text-align: justify;\">\u00a0<\/p>\n<p style=\"margin: 0pt; text-align: justify;\">Lekka, solidna i wytrzyma\u0142a oprawa reflektor\u00f3w VEGA LITE jest wykonana z plastiku o wysokiej odporno\u015bci na uderzenia. W przeciwie\u0144stwie do reflektor\u00f3w halogenowych nie stwarzaj\u0105 one zagro\u017cenia powstania po\u017caru, poniewa\u017c diody LED nie generuj\u0105 ciep\u0142a. Rami\u0119 oprawy wykonane jest ze stali i mo\u017cna je zamontowa\u0107 bezpo\u015brednio na STOJAKU SCANGRIP lub SCANGRIP NA KO\u0141ACH.<\/p>\n<p style=\"margin: 0pt; text-align: justify;\">\u00a0<\/p>\n<p style=\"margin: 0pt; text-align: justify;\">Lampa Vega LITE 4000 zosta\u0142a zaprojektowana do pracy w trudnych warunkach i posiada 2 gniazda zasilaj\u0105ce SCHUKO z ty\u0142u obudowy.<\/p>\n<p style=\"margin: 0pt; text-align: justify;\">\u00a0<\/p>\n<p style=\"margin: 0pt; text-align: justify;\">Reflektor jest r\u00f3wnie\u017c wodoszczelny i py\u0142oodporny wed\u0142ug standard\u00f3w IP54.<\/p>\n<p style=\"margin: 0pt; text-align: justify;\">\u00a0<\/p>\n<tr style=\"height: 22.65pt;\">\n<p style=\"margin: 0pt; text-align: center; background-color: rgb(0, 0, 0);\">DANE TECHNICZNE<\/p>\n<\/tr>\n<tr style=\"height: 22.65pt;\">\n<p style=\"margin: 0pt; text-align: left;\">\u017ar\u00f3d\u0142o \u015bwiat\u0142a<\/p>\n<p style=\"margin: 0pt; text-align: center; background-color: rgb(242, 242, 242);\">123 LED<\/p>\n<\/tr>\n<tr style=\"height: 22.65pt;\">\n<p style=\"margin: 0pt; text-align: left;\">moc \u015bwiat\u0142a \u00a0[lm]<\/p>\n<p style=\"margin: 0pt; text-align: center; background-color: rgb(242, 242, 242);\">4000<\/p>\n<\/tr>\n<tr style=\"height: 22.65pt;\">\n<p style=\"margin: 0pt; text-align: left;\">nat\u0119\u017cenie \u015bwiat\u0142a \u00a0[lux]<\/p>\n<p style=\"margin: 0pt; text-align: center; background-color: rgb(242, 242, 242);\">6000<\/p>\n<\/tr>\n<tr style=\"height: 22.65pt;\">\n<p style=\"margin: 0pt; text-align: left;\">temperatura barwowa [K]<\/p>\n<p style=\"margin: 0pt; text-align: center; background-color: rgb(242, 242, 242);\">6000<\/p>\n<\/tr>\n<tr style=\"height: 22.65pt;\">\n<p style=\"margin: 0pt; text-align: left;\">wsp\u00f3\u0142czynnik oddawania barw (CRI) [Ra]<\/p>\n<p style=\"margin: 0pt; text-align: center; background-color: rgb(242, 242, 242);\">>80 <\/p>\n<\/tr>\n<tr style=\"height: 22.65pt;\">\n<p style=\"margin: 0pt; text-align: left;\">k\u0105t wi\u0105zki \u015bwiat\u0142a [\u00ba]<\/p>\n<p style=\"margin: 0pt; text-align: center; background-color: rgb(242, 242, 242);\">100<\/p>\n<\/tr>\n<tr style=\"height: 22.65pt;\">\n<p style=\"margin: 0pt; text-align: left;\">zasilanie \u00a0[V]<\/p>\n<p style=\"margin: 0pt; text-align: center; background-color: rgb(242, 242, 242);\">100-240<\/p>\n<\/tr>\n<tr style=\"height: 22.65pt;\">\n<p style=\"margin: 0pt; text-align: left;\">d\u0142ugo\u015b\u0107 przewodu zasiliaj\u0105cego \u00a0[m]<\/p>\n<p style=\"margin: 0pt; text-align: center; background-color: rgb(242, 242, 242);\">5<\/p>\n<\/tr>\n<tr style=\"height: 22.65pt;\">\n<p style=\"margin: 0pt; text-align: left;\">zakres temperatur otoczenia pracy \u00a0[\u00baC]<\/p>\n<p style=\"margin: 0pt; text-align: center; background-color: rgb(242, 242, 242);\">-10 \u00a0+40<\/p>\n<\/tr>\n<tr style=\"height: 22.65pt;\">\n<p style=\"margin: 0pt; text-align: left;\">stopie\u0144 ochrony<\/p>\n<p style=\"margin: 0pt; text-align: center; background-color: rgb(242, 242, 242);\">IP54<\/p>\n<\/tr>\n<tr style=\"height: 22.65pt;\">\n<p style=\"margin: 0pt; text-align: left;\">wytrzyma\u0142o\u015b\u0107 mechaniczna urz\u0105dzenia<\/p>\n<p style=\"margin: 0pt; text-align: center; background-color: rgb(242, 242, 242);\">IK07<\/p>\n<\/tr>\n<tr style=\"height: 22.65pt;\">\n<p style=\"margin: 0pt; text-align: left;\">wymiary \u00a0[mm]<\/p>\n<p style=\"margin: 0pt; text-align: center; background-color: rgb(242, 242, 242);\">318x117x310<\/p>\n<\/tr>\n<tr style=\"height: 22.65pt;\">\n<p style=\"margin: 0pt; text-align: left;\">waga \u00a0[kg]<\/p>\n<p style=\"margin: 0pt; text-align: center; background-color: rgb(242, 242, 242);\">3,43<\/p>\n<\/tr>\n","protected":false},"excerpt":{"rendered":"<p>SCANGRIP VEGA LITE 4000 VEGA LITE 4000 is a durable, lightweight LED spotlight from the Danish brand SCANGRIP. The lamp contains 123 diodes that generate intense light with a power of 4,000 lumens. Powerful LED diodes allow for uniform, diffused and glare-free work light.  The light, solid and durable VEGA LITE headlamp frame is made of plastic with\u2026&nbsp;<a href=\"https:\/\/liquidmaster.pl\/en\/scangrip-vega-lite-4000\/\" rel=\"bookmark\">Read More \u00bb<span class=\"screen-reader-text\">Scangrip VEGA LITE 4000<\/span><\/a><\/p>","protected":false},"featured_media":1846147,"comment_status":"open","ping_status":"open","template":"","meta":{"neve_meta_sidebar":"","neve_meta_container":"","neve_meta_enable_content_width":"","neve_meta_content_width":0,"neve_meta_title_alignment":"","neve_meta_author_avatar":"","neve_post_elements_order":"","neve_meta_disable_header":"","neve_meta_disable_footer":"","neve_meta_disable_title":"","_themeisle_gutenberg_block_has_review":false},"product_brand":[],"product_cat":[749,827,748],"product_tag":[356],"class_list":{"0":"post-1801372","1":"product","2":"type-product","3":"status-publish","4":"has-post-thumbnail","6":"product_cat-akcesoria-polerskie","7":"product_cat-lampy-inspekcyjne","8":"product_cat-polerowanie","9":"product_tag-scangrip","11":"first","12":"outofstock","13":"taxable","14":"shipping-taxable","15":"purchasable","16":"product-type-simple"},"_links":{"self":[{"href":"https:\/\/liquidmaster.pl\/en\/wp-json\/wp\/v2\/product\/1801372","targetHints":{"allow":["GET"]}}],"collection":[{"href":"https:\/\/liquidmaster.pl\/en\/wp-json\/wp\/v2\/product"}],"about":[{"href":"https:\/\/liquidmaster.pl\/en\/wp-json\/wp\/v2\/types\/product"}],"replies":[{"embeddable":true,"href":"https:\/\/liquidmaster.pl\/en\/wp-json\/wp\/v2\/comments?post=1801372"}],"wp:featuredmedia":[{"embeddable":true,"href":"https:\/\/liquidmaster.pl\/en\/wp-json\/wp\/v2\/media\/1846147"}],"wp:attachment":[{"href":"https:\/\/liquidmaster.pl\/en\/wp-json\/wp\/v2\/media?parent=1801372"}],"wp:term":[{"taxonomy":"product_brand","embeddable":true,"href":"https:\/\/liquidmaster.pl\/en\/wp-json\/wp\/v2\/product_brand?post=1801372"},{"taxonomy":"product_cat","embeddable":true,"href":"https:\/\/liquidmaster.pl\/en\/wp-json\/wp\/v2\/product_cat?post=1801372"},{"taxonomy":"product_tag","embeddable":true,"href":"https:\/\/liquidmaster.pl\/en\/wp-json\/wp\/v2\/product_tag?post=1801372"}],"curies":[{"name":"wp","href":"https:\/\/api.w.org\/{rel}","templated":true}]}}