{"id":1801368,"date":"2025-03-27T22:02:31","date_gmt":"2025-03-27T20:02:31","guid":{"rendered":"https:\/\/liquidmaster.pl\/scangrip-nova-bonnet\/"},"modified":"2026-04-18T04:17:43","modified_gmt":"2026-04-18T02:17:43","slug":"scangrip-nova-bonnet","status":"publish","type":"product","link":"https:\/\/liquidmaster.pl\/en\/scangrip-nova-bonnet\/","title":{"rendered":"Scangrip NOVA BONNET"},"content":{"rendered":"<p style=\"margin: 0pt; text-align: justify;\">SCANGRIP NOVA BONNET<\/p>\n<p style=\"margin: 0pt; text-align: justify;\">2000 lumen\u00f3w mocy \u015bwietlnej lampy NOVA BONNET w po\u0142\u0105czeniu z maksymaln\u0105 elastyczno\u015bci\u0105 ustawienia zapewnia doskona\u0142e o\u015bwietlenie ca\u0142ej komory silnika. NOVA BONNET zar\u00f3wno znakomicie o\u015bwietla wn\u0119trze komory silnika lub wn\u0119trze pojazdu jak r\u00f3wnie\u017c jest jednocze\u015bnie lamp\u0105 r\u0119czn\u0105 NOVA R.<\/p>\n<p style=\"margin: 0pt; text-align: justify;\">\u00a0<\/p>\n<p style=\"margin: 0pt; text-align: justify;\">Wysoki wsp\u00f3\u0142czynnik CRI (zbli\u017cony do \u015bwiat\u0142a s\u0142onecznego) sprawia \u017ce szczeg\u00f3lnie nadaje si\u0119 do \u00a0o\u015bwietlenia miejsca pracy. 5 stopniowy \u015bciemniacz umo\u017cliwia regulacj\u0119 o\u015bwietlenia na pi\u0119ciu r\u00f3\u017cnych poziomach &#8211; pozwala na dopasowanie rodzaju o\u015bwietlenia do otoczenia oraz maksymalne zoptymalizowanie czasu pracy. <\/p>\n<p style=\"margin: 0pt; text-align: justify;\">\u00a0<\/p>\n<p style=\"margin: 0pt; text-align: justify;\">Wbudowany akumulator litowo-jonowy o pojemno\u015bci 4000mAh pozwala na prac\u0119 do 20h w zale\u017cno\u015bci od stopnia wykorzystania lampy. <\/p>\n<p style=\"margin: 0pt; text-align: justify;\">\u00a0<\/p>\n<p style=\"margin: 0pt; text-align: justify;\">NOVA BONNET dostarczana jest z regulowanym, teleskopowym uchwytem (1,2-1,7m) z mi\u0119kkimi hakami na ko\u0144cach kt\u00f3re zapewniaj\u0105 solidne mocowanie do pojazdu nie powoduj\u0105c przy tym zarysowa\u0144. Teleskopowy uchwyt wyposa\u017cony jest w metalowy wspornik kt\u00f3ry mo\u017cna przesuwa\u0107 w dowolne miejsce w zale\u017cno\u015bci od potrzeby ustawienia \u015bwiat\u0142a. Mocne magnesy w podstawie lampy NOVA R umo\u017cliwiaj\u0105 elastyczne i pewne mocowanie lampy do wspornika.<\/p>\n<p style=\"margin: 0pt; text-align: justify;\">Konstrukcja lampy umo\u017cliwia tak\u017ce zamocowanie na stojaku SCANGRIP TRIPOD lub stojaku SCANGRIP NA KO\u0141ACH.<\/p>\n<p style=\"margin: 0pt; text-align: justify;\">\u00a0<\/p>\n<p style=\"margin: 0pt; text-align: justify;\">Obudowa lampy NOVA R wykonana jest z odlewnego aluminium, co zapewnia jej wyj\u0105tkow\u0105 trwa\u0142o\u015b\u0107 i odporno\u015b\u0107 na uderzenia &#8211; stopie\u0144 ochronny IK07. <\/p>\n<p style=\"margin: 0pt; text-align: justify;\">\u00a0<\/p>\n<p style=\"margin: 0pt; text-align: justify;\">Urz\u0105dzenie jest r\u00f3wnie\u017c wodoszczelne i py\u0142oodporne wed\u0142ug standard\u00f3w IP67.<\/p>\n<p style=\"margin: 0pt; text-align: justify;\">\u00a0<\/p>\n<tr style=\"height: 22.65pt;\">\n<p style=\"margin: 0pt; text-align: center; background-color: rgb(0, 0, 0);\">DANE TECHNICZNE<\/p>\n<\/tr>\n<tr style=\"height: 22.65pt;\">\n<p style=\"margin: 0pt; text-align: left;\">\u017ar\u00f3d\u0142o \u015bwiat\u0142a<\/p>\n<p style=\"margin: 0pt; text-align: center; background-color: rgb(242, 242, 242);\">High efficiency COB LED<\/p>\n<\/tr>\n<tr style=\"height: 22.65pt;\">\n<p style=\"margin: 0pt; text-align: left;\">moc \u015bwiat\u0142a min.-max. \u00a0[lm]<\/p>\n<p style=\"margin: 0pt; text-align: center; background-color: rgb(242, 242, 242);\">200-2000<\/p>\n<\/tr>\n<tr style=\"height: 22.65pt;\">\n<p style=\"margin: 0pt; text-align: left;\">nat\u0119\u017cenie \u015bwiat\u0142a min.-max. \u00a0[lux]<\/p>\n<p style=\"margin: 0pt; text-align: center; background-color: rgb(242, 242, 242);\">300-3000<\/p>\n<\/tr>\n<tr style=\"height: 22.65pt;\">\n<p style=\"margin: 0pt; text-align: left;\">temperatura barwowa \u00a0[K]<\/p>\n<p style=\"margin: 0pt; text-align: center; background-color: rgb(242, 242, 242);\">6000<\/p>\n<\/tr>\n<tr style=\"height: 22.65pt;\">\n<p style=\"margin: 0pt; text-align: left;\">wsp\u00f3\u0142czynnik oddawania barw (CRI) \u00a0[Ra]<\/p>\n<p style=\"margin: 0pt; text-align: center; background-color: rgb(242, 242, 242);\">>80 <\/p>\n<\/tr>\n<tr style=\"height: 22.65pt;\">\n<p style=\"margin: 0pt; text-align: left;\">k\u0105t wi\u0105zki \u015bwiat\u0142a \u00a0[\u00ba]<\/p>\n<p style=\"margin: 0pt; text-align: center; background-color: rgb(242, 242, 242);\">100<\/p>\n<\/tr>\n<tr style=\"height: 22.65pt;\">\n<p style=\"margin: 0pt; text-align: left;\">rodzaj akumulatora \u00a0[mAh]]<\/p>\n<p style=\"margin: 0pt; text-align: center; background-color: rgb(242, 242, 242);\">4000 \/ Li-Ion<\/p>\n<\/tr>\n<tr style=\"height: 22.65pt;\">\n<p style=\"margin: 0pt; text-align: left;\">napi\u0119cie akumulatora \u00a0[V]<\/p>\n<p style=\"margin: 0pt; text-align: center; background-color: rgb(242, 242, 242);\">7,3<\/p>\n<\/tr>\n<tr style=\"height: 22.65pt;\">\n<p style=\"margin: 0pt; text-align: left;\">napi\u0119cie \u0142adowania DC [V]<\/p>\n<p style=\"margin: 0pt; text-align: center; background-color: rgb(242, 242, 242);\">5<\/p>\n<\/tr>\n<tr style=\"height: 22.65pt;\">\n<p style=\"margin: 0pt; text-align: left;\">pr\u0105d \u0142adowania DC [A]<\/p>\n<p style=\"margin: 0pt; text-align: center; background-color: rgb(242, 242, 242);\">2<\/p>\n<\/tr>\n<tr style=\"height: 22.65pt;\">\n<p style=\"margin: 0pt; text-align: left;\">max. pob\u00f3r mocy \u00a0[W]<\/p>\n<p style=\"margin: 0pt; text-align: center; background-color: rgb(242, 242, 242);\">16<\/p>\n<\/tr>\n<tr style=\"height: 22.65pt;\">\n<p style=\"margin: 0pt; text-align: left;\">wyj\u015bcie USB<\/p>\n<p style=\"margin: 0pt; text-align: center; background-color: rgb(242, 242, 242);\">1 x 5V\/1A<\/p>\n<\/tr>\n<tr style=\"height: 22.65pt;\">\n<p style=\"margin: 0pt; text-align: left;\">czas pracy [h]<\/p>\n<p style=\"margin: 0pt; text-align: center; background-color: rgb(242, 242, 242);\">do 20<\/p>\n<\/tr>\n<tr style=\"height: 22.65pt;\">\n<p style=\"margin: 0pt; text-align: left;\">czas \u0142adowania [h]<\/p>\n<p style=\"margin: 0pt; text-align: center; background-color: rgb(242, 242, 242);\">5<\/p>\n<\/tr>\n<tr style=\"height: 22.65pt;\">\n<p style=\"margin: 0pt; text-align: left;\">stopie\u0144 ochrony<\/p>\n<p style=\"margin: 0pt; text-align: center; background-color: rgb(242, 242, 242);\">IP67<\/p>\n<\/tr>\n<tr style=\"height: 22.65pt;\">\n<p style=\"margin: 0pt; text-align: left;\">wytrzyma\u0142o\u015b\u0107 mechaniczna urz\u0105dzenia<\/p>\n<p style=\"margin: 0pt; text-align: center; background-color: rgb(242, 242, 242);\">IK07<\/p>\n<\/tr>\n<tr style=\"height: 22.65pt;\">\n<p style=\"margin: 0pt; text-align: left;\">odporno\u015b\u0107 na upadek \u00a0[m]<\/p>\n<p style=\"margin: 0pt; text-align: center; background-color: rgb(242, 242, 242);\">1<\/p>\n<\/tr>\n<tr style=\"height: 22.65pt;\">\n<p style=\"margin: 0pt; text-align: left;\">zakres temperatur otoczenia pracy [\u00baC]<\/p>\n<p style=\"margin: 0pt; text-align: center; background-color: rgb(242, 242, 242);\">-10 \u00a0+40<\/p>\n<\/tr>\n<tr style=\"height: 22.65pt;\">\n<p style=\"margin: 0pt; text-align: left;\">wymiary \u00a0[mm]<\/p>\n<p style=\"margin: 0pt; text-align: center; background-color: rgb(242, 242, 242);\">220x163x1135<\/p>\n<\/tr>\n<tr style=\"height: 22.65pt;\">\n<p style=\"margin: 0pt; text-align: left;\">waga [g]<\/p>\n<p style=\"margin: 0pt; text-align: center; background-color: rgb(242, 242, 242);\">1690<\/p>\n<\/tr>\n<ul>\n<li>\u00a0<\/li>\n<\/ul>\n","protected":false},"excerpt":{"rendered":"<p>SCANGRIP NOVA BONNET 2000 lumens of light output of the NOVA BONNET lamp combined with maximum setting flexibility ensures perfect illumination of the entire engine compartment. NOVA BONNET both perfectly illuminates the interior of the engine compartment or the interior of the vehicle and is also a NOVA R hand lamp. The high CRI coefficient (close to sunlight) makes it particularly suitable for\u2026&nbsp;<a href=\"https:\/\/liquidmaster.pl\/en\/scangrip-nova-bonnet\/\" rel=\"bookmark\">Read More \u00bb<span class=\"screen-reader-text\">Scangrip NOVA BONNET<\/span><\/a><\/p>","protected":false},"featured_media":1846141,"comment_status":"open","ping_status":"open","template":"","meta":{"neve_meta_sidebar":"","neve_meta_container":"","neve_meta_enable_content_width":"","neve_meta_content_width":0,"neve_meta_title_alignment":"","neve_meta_author_avatar":"","neve_post_elements_order":"","neve_meta_disable_header":"","neve_meta_disable_footer":"","neve_meta_disable_title":"","_themeisle_gutenberg_block_has_review":false},"product_brand":[],"product_cat":[749,827,748],"product_tag":[356],"class_list":{"0":"post-1801368","1":"product","2":"type-product","3":"status-publish","4":"has-post-thumbnail","6":"product_cat-akcesoria-polerskie","7":"product_cat-lampy-inspekcyjne","8":"product_cat-polerowanie","9":"product_tag-scangrip","11":"first","12":"outofstock","13":"taxable","14":"shipping-taxable","15":"purchasable","16":"product-type-simple"},"_links":{"self":[{"href":"https:\/\/liquidmaster.pl\/en\/wp-json\/wp\/v2\/product\/1801368","targetHints":{"allow":["GET"]}}],"collection":[{"href":"https:\/\/liquidmaster.pl\/en\/wp-json\/wp\/v2\/product"}],"about":[{"href":"https:\/\/liquidmaster.pl\/en\/wp-json\/wp\/v2\/types\/product"}],"replies":[{"embeddable":true,"href":"https:\/\/liquidmaster.pl\/en\/wp-json\/wp\/v2\/comments?post=1801368"}],"wp:featuredmedia":[{"embeddable":true,"href":"https:\/\/liquidmaster.pl\/en\/wp-json\/wp\/v2\/media\/1846141"}],"wp:attachment":[{"href":"https:\/\/liquidmaster.pl\/en\/wp-json\/wp\/v2\/media?parent=1801368"}],"wp:term":[{"taxonomy":"product_brand","embeddable":true,"href":"https:\/\/liquidmaster.pl\/en\/wp-json\/wp\/v2\/product_brand?post=1801368"},{"taxonomy":"product_cat","embeddable":true,"href":"https:\/\/liquidmaster.pl\/en\/wp-json\/wp\/v2\/product_cat?post=1801368"},{"taxonomy":"product_tag","embeddable":true,"href":"https:\/\/liquidmaster.pl\/en\/wp-json\/wp\/v2\/product_tag?post=1801368"}],"curies":[{"name":"wp","href":"https:\/\/api.w.org\/{rel}","templated":true}]}}