{"id":1801312,"date":"2025-03-27T21:58:19","date_gmt":"2025-03-27T19:58:19","guid":{"rendered":"https:\/\/liquidmaster.pl\/profi-europe-odkurzacz-profi-6\/"},"modified":"2026-04-20T07:55:03","modified_gmt":"2026-04-20T05:55:03","slug":"profi-europe-odkurzacz-profi-6","status":"publish","type":"product","link":"https:\/\/liquidmaster.pl\/en\/profi-europe-odkurzacz-profi-6\/","title":{"rendered":"Profi Europe Vacuum cleaner Profi 6"},"content":{"rendered":"<p>Odkurzacz Profi 6<\/p>\n<p>Podstawowe wyposa\u017cenie odkurzacza:<\/p>\n<p>&#8211; ssawka ma\u0142a<\/p>\n<p>&#8211; ssawka okr\u0105g\u0142a z w\u0142osiem<\/p>\n<p>&#8211; ssawka szczelinowa<\/p>\n<p>&#8211; w\u0105\u017c 2,8 m\u00a0<\/p>\n<p>&#8211; 2 rury matalowe<\/p>\n<p>&#8211; 2 worki papierowe<\/p>\n<p>&#8211; ssawkoszczotka SPIVAL\u00a0<\/p>\n<p>Odkurzacz Profi 6<\/p>\n<p>SPECYFIKACJA<\/p>\n<p>Pojemno\u015b\u0107 zbiornika:<\/p>\n<p>10l<\/p>\n<p>Zasi\u0119g pracy:<\/p>\n<p>16m<\/p>\n<p>D\u0142ugo\u015b\u0107 W\u0119\u017ca:<\/p>\n<p>2,8m<\/p>\n<p>D\u0142ugo\u015b\u0107 przewodu zasilaj\u0105cego:<\/p>\n<p>12m<\/p>\n<p>Moc silnika:<\/p>\n<p>900W<\/p>\n<p>Waga w kg:<\/p>\n<p>6,3kg<\/p>\n<p>Podci\u015bnienie:<\/p>\n<p>27 kPa<\/p>\n<p>Praktyczna pozycja parking:<\/p>\n<p>Tak<\/p>\n<p>Poziom ha\u0142asu:<\/p>\n<p>67 dB<\/p>\n<p>Ko\u0142a jezdne z bie\u017cni\u0105 gumow\u0105 nie rysuj\u0105ce pod\u0142o\u017ca:<\/p>\n<p>Tak<\/p>\n<p>2 rury ss\u0105ce | ssawka ma\u0142a | ssawka okr\u0105g\u0142a z w\u0142osem | ssawka szczelinowa | ssawka du\u017ca pod\u0142ogowa:<\/p>\n<p>Tak<\/p>\n<p>Mo\u017cliwo\u015b\u0107 sterowania podni\u015bnienia z w\u0119\u017ca:<\/p>\n<p>Tak<\/p>\n<p>Wymiary [d\u0142. x szer. x wys.]:<\/p>\n<p>36 x 35 x 40 cm<\/p>\n<p>Filtr EPA do skutecznej filtracji:<\/p>\n<p>Tak<\/p>\n<p>Polipropylenowy zbiornik odporny na uderzenia:<\/p>\n<p>Tak<\/p>\n<p>Silnik AMETEK o podwy\u017cszonej \u017cywotno\u015bci:<\/p>\n<p>Tak<\/p>\n","protected":false},"excerpt":{"rendered":"<p>Profi 6 vacuum cleaner Basic equipment of the vacuum cleaner: - small nozzle - round nozzle with bristles - crevice nozzle - 2.8 m hose - 2 metal pipes - 2 paper bags - SPIVAL suction brush Profi 6 vacuum cleaner SPECIFICATION Tank capacity: 10l Working range: 16m Hose length: 2.8m Power cord length: 12m Motor power: 900W Weight in kg:\u2026&nbsp;<a href=\"https:\/\/liquidmaster.pl\/en\/profi-europe-odkurzacz-profi-6\/\" rel=\"bookmark\">Read More \u00bb<span class=\"screen-reader-text\">Profi Europe Vacuum cleaner Profi 6<\/span><\/a><\/p>","protected":false},"featured_media":1846057,"comment_status":"open","ping_status":"open","template":"","meta":{"neve_meta_sidebar":"","neve_meta_container":"","neve_meta_enable_content_width":"","neve_meta_content_width":0,"neve_meta_title_alignment":"","neve_meta_author_avatar":"","neve_post_elements_order":"","neve_meta_disable_header":"","neve_meta_disable_footer":"","neve_meta_disable_title":"","_themeisle_gutenberg_block_has_review":false},"product_brand":[],"product_cat":[757,865,918,846],"product_tag":[348],"class_list":{"0":"post-1801312","1":"product","2":"type-product","3":"status-publish","4":"has-post-thumbnail","6":"product_cat-akcesoria","7":"product_cat-odkurzacze","8":"product_cat-odkurzacze-piorace","9":"product_cat-reszta","10":"product_tag-profi-europe","12":"first","13":"instock","14":"taxable","15":"shipping-taxable","16":"purchasable","17":"product-type-simple"},"_links":{"self":[{"href":"https:\/\/liquidmaster.pl\/en\/wp-json\/wp\/v2\/product\/1801312","targetHints":{"allow":["GET"]}}],"collection":[{"href":"https:\/\/liquidmaster.pl\/en\/wp-json\/wp\/v2\/product"}],"about":[{"href":"https:\/\/liquidmaster.pl\/en\/wp-json\/wp\/v2\/types\/product"}],"replies":[{"embeddable":true,"href":"https:\/\/liquidmaster.pl\/en\/wp-json\/wp\/v2\/comments?post=1801312"}],"wp:featuredmedia":[{"embeddable":true,"href":"https:\/\/liquidmaster.pl\/en\/wp-json\/wp\/v2\/media\/1846057"}],"wp:attachment":[{"href":"https:\/\/liquidmaster.pl\/en\/wp-json\/wp\/v2\/media?parent=1801312"}],"wp:term":[{"taxonomy":"product_brand","embeddable":true,"href":"https:\/\/liquidmaster.pl\/en\/wp-json\/wp\/v2\/product_brand?post=1801312"},{"taxonomy":"product_cat","embeddable":true,"href":"https:\/\/liquidmaster.pl\/en\/wp-json\/wp\/v2\/product_cat?post=1801312"},{"taxonomy":"product_tag","embeddable":true,"href":"https:\/\/liquidmaster.pl\/en\/wp-json\/wp\/v2\/product_tag?post=1801312"}],"curies":[{"name":"wp","href":"https:\/\/api.w.org\/{rel}","templated":true}]}}