{"id":1801222,"date":"2025-03-27T21:51:52","date_gmt":"2025-03-27T19:51:52","guid":{"rendered":"https:\/\/liquidmaster.pl\/autoglym-odour-eliminator-500ml-profesjonalny-neutralizator-zapachow-do-samochodu\/"},"modified":"2026-04-18T04:17:13","modified_gmt":"2026-04-18T02:17:13","slug":"autoglym-odour-eliminator-500ml-profesjonalny-neutralizator-zapachow-do-samochodu","status":"publish","type":"product","link":"https:\/\/liquidmaster.pl\/en\/autoglym-odour-eliminator-500ml-profesjonalny-neutralizator-zapachow-do-samochodu\/","title":{"rendered":"Autoglym Odour Eliminator 500ml \u2013 professional car odour neutraliser"},"content":{"rendered":"<p>Autoglym Odor Eliminator \u2013 This product doesn&#039;t suppress unwanted odors, but eliminates them completely. Its special formula breaks down ethereal chains, eliminating odors permanently.<\/p>\n<p>For best results, spray Odor Eliminator inside the vehicle and leave it closed for a few hours. It&#039;s best to do this in the evening. The product doesn&#039;t discolor and counteracts unpleasant odors caused by moisture, animals, tobacco, and exhaust fumes.<\/p>\n<p>Usage:<\/p>\n<p>Spray the interior, upholstery, and headliner, and lock your car overnight. The next day, you&#039;ll be amazed at how fresh the air in your car feels. Odor Eliminator leaves a pleasant scent of elegant cologne. If the odor persists, thoroughly clean the area with Interior Shampoo to permanently eliminate the source of the odor.<\/p>\n<p>Frequently Asked Questions:<\/p>\n<ul>\n<li>How is Odor Eliminator different from standard air fresheners?\n<ul>\n<li>Odor Eliminator actively seeks out the source of the odor and neutralizes it.<\/li>\n<li>It can be applied directly to fabric surfaces to remove stubborn odors directly at the source.<\/li>\n<\/ul>\n<\/li>\n<\/ul>\n<p>\u00a0<\/p>","protected":false},"excerpt":{"rendered":"<p>Autoglym Odour Eliminator \u2013 jest preparatem, kt\u00f3ry nie t\u0142umi niechcianych zapach\u00f3w, lecz je ca\u0142kowicie eliminuje.\u00a0Specjalna formu\u0142a, rozbija \u0142a\u0144cuchy eteryczne, likwiduj\u0105c zapachy na sta\u0142e. Najlepszy efekt uzyskuje si\u0119 przez rozpylenie\u00a0Odour Eliminatora\u00a0do wn\u0119trza pojazdu i zamkni\u0119cia go na kilka godzin. Dobrze jest zrobi\u0107 to wieczorem. Produkt nie powoduje przebarwienia, przeciwdzia\u0142a nieprzyjemnym zapachom, spowodowanych przez wilgo\u0107, zwierz\u0119ta, tyto\u0144&hellip;&nbsp;<a href=\"https:\/\/liquidmaster.pl\/en\/autoglym-odour-eliminator-500ml-profesjonalny-neutralizator-zapachow-do-samochodu\/\" rel=\"bookmark\">Read More \u00bb<span class=\"screen-reader-text\">Autoglym Odour Eliminator 500ml \u2013 professional car odour neutraliser<\/span><\/a><\/p>","protected":false},"featured_media":1845923,"comment_status":"open","ping_status":"open","template":"","meta":{"neve_meta_sidebar":"","neve_meta_container":"","neve_meta_enable_content_width":"","neve_meta_content_width":0,"neve_meta_title_alignment":"","neve_meta_author_avatar":"","neve_post_elements_order":"","neve_meta_disable_header":"","neve_meta_disable_footer":"","neve_meta_disable_title":"","_themeisle_gutenberg_block_has_review":false},"product_brand":[],"product_cat":[810,801,768],"product_tag":[265],"class_list":{"0":"post-1801222","1":"product","2":"type-product","3":"status-publish","4":"has-post-thumbnail","6":"product_cat-neutralizatory-zapachow","7":"product_cat-odswiezacze-powietrza","8":"product_cat-wnetrze-auta","9":"product_tag-autoglym","11":"first","12":"instock","13":"taxable","14":"shipping-taxable","15":"purchasable","16":"product-type-simple"},"_links":{"self":[{"href":"https:\/\/liquidmaster.pl\/en\/wp-json\/wp\/v2\/product\/1801222","targetHints":{"allow":["GET"]}}],"collection":[{"href":"https:\/\/liquidmaster.pl\/en\/wp-json\/wp\/v2\/product"}],"about":[{"href":"https:\/\/liquidmaster.pl\/en\/wp-json\/wp\/v2\/types\/product"}],"replies":[{"embeddable":true,"href":"https:\/\/liquidmaster.pl\/en\/wp-json\/wp\/v2\/comments?post=1801222"}],"wp:featuredmedia":[{"embeddable":true,"href":"https:\/\/liquidmaster.pl\/en\/wp-json\/wp\/v2\/media\/1845923"}],"wp:attachment":[{"href":"https:\/\/liquidmaster.pl\/en\/wp-json\/wp\/v2\/media?parent=1801222"}],"wp:term":[{"taxonomy":"product_brand","embeddable":true,"href":"https:\/\/liquidmaster.pl\/en\/wp-json\/wp\/v2\/product_brand?post=1801222"},{"taxonomy":"product_cat","embeddable":true,"href":"https:\/\/liquidmaster.pl\/en\/wp-json\/wp\/v2\/product_cat?post=1801222"},{"taxonomy":"product_tag","embeddable":true,"href":"https:\/\/liquidmaster.pl\/en\/wp-json\/wp\/v2\/product_tag?post=1801222"}],"curies":[{"name":"wp","href":"https:\/\/api.w.org\/{rel}","templated":true}]}}