{"id":1801214,"date":"2025-03-27T21:51:25","date_gmt":"2025-03-27T19:51:25","guid":{"rendered":"https:\/\/liquidmaster.pl\/autoglym-black-dye-450ml-czernidlo-do-odswiezania-tapicerki-dywanikow-plastikow-i-gumy\/"},"modified":"2026-04-18T04:17:11","modified_gmt":"2026-04-18T02:17:11","slug":"autoglym-black-dye-450ml-czernidlo-do-odswiezania-tapicerki-dywanikow-plastikow-i-gumy","status":"publish","type":"product","link":"https:\/\/liquidmaster.pl\/en\/autoglym-black-dye-450ml-czernidlo-do-odswiezania-tapicerki-dywanikow-plastikow-i-gumy\/","title":{"rendered":"Autoglym Black Dye 450ml \u2013 black dye for refreshing upholstery, carpets, plastics and rubber"},"content":{"rendered":"<p>Autoglym Black Dye \u2013 an excellent product for refreshing the appearance of various textiles, carpets, plastics, and rubber. This product is perfect for restoring damaged and faded car mats. It dries very quickly and provides excellent coverage. Black Dye penetrates deeply into the surface being restored, increasing its durability. It is highly effective, leaving mats looking like new after using this fantastic product.<\/p>\n<p>Usage:<\/p>\n<li>Shake well.<\/li>\n<li>Keep a distance of 15-20 cm from the surface you are working on.<\/li>\n<li>After application, protect from moisture and allow to dry in a well-ventilated room.<\/li>\n<li>If necessary, spray onto the cap and use a brush or sponge to spread into hard-to-reach areas.<\/li>\n<p>Capacity: 450 ml<\/p>","protected":false},"excerpt":{"rendered":"<p>Autoglym Black Dye \u2013 to \u015bwietny produkt do od\u015bwie\u017cenia wygl\u0105du r\u00f3\u017cnego rodzaju tekstyli\u00f3w, dywanik\u00f3w, plastiku oraz gumy. \u015arodek doskonale poradzi sobie z odnowieniem zniszczonych i wyblak\u0142ych dywanik\u00f3w samochodowych. Bardzo szybko schnie, posiadaj\u0105c przy tym du\u017c\u0105 si\u0142\u0119 krycia. Black Dye g\u0142\u0119boko wnika w struktur\u0119 odnawianej powierzchni, przez co jego trwa\u0142o\u015b\u0107 jest zwi\u0119kszona. Jest bardzo wydajny, dywaniki&hellip;&nbsp;<a href=\"https:\/\/liquidmaster.pl\/en\/autoglym-black-dye-450ml-czernidlo-do-odswiezania-tapicerki-dywanikow-plastikow-i-gumy\/\" rel=\"bookmark\">Read More \u00bb<span class=\"screen-reader-text\">Autoglym Black Dye 450ml \u2013 black dye for refreshing upholstery, carpets, plastics and rubber<\/span><\/a><\/p>","protected":false},"featured_media":1845911,"comment_status":"open","ping_status":"open","template":"","meta":{"neve_meta_sidebar":"","neve_meta_container":"","neve_meta_enable_content_width":"","neve_meta_content_width":0,"neve_meta_title_alignment":"","neve_meta_author_avatar":"","neve_post_elements_order":"","neve_meta_disable_header":"","neve_meta_disable_footer":"","neve_meta_disable_title":"","_themeisle_gutenberg_block_has_review":false},"product_brand":[],"product_cat":[814,733,815],"product_tag":[265],"class_list":{"0":"post-1801214","1":"product","2":"type-product","3":"status-publish","4":"has-post-thumbnail","6":"product_cat-elementy-gumowe-i-plastikowe","7":"product_cat-na-zewnatrz","8":"product_cat-ochrona-gumy-i-plastikow","9":"product_tag-autoglym","11":"first","12":"instock","13":"taxable","14":"shipping-taxable","15":"purchasable","16":"product-type-simple"},"_links":{"self":[{"href":"https:\/\/liquidmaster.pl\/en\/wp-json\/wp\/v2\/product\/1801214","targetHints":{"allow":["GET"]}}],"collection":[{"href":"https:\/\/liquidmaster.pl\/en\/wp-json\/wp\/v2\/product"}],"about":[{"href":"https:\/\/liquidmaster.pl\/en\/wp-json\/wp\/v2\/types\/product"}],"replies":[{"embeddable":true,"href":"https:\/\/liquidmaster.pl\/en\/wp-json\/wp\/v2\/comments?post=1801214"}],"wp:featuredmedia":[{"embeddable":true,"href":"https:\/\/liquidmaster.pl\/en\/wp-json\/wp\/v2\/media\/1845911"}],"wp:attachment":[{"href":"https:\/\/liquidmaster.pl\/en\/wp-json\/wp\/v2\/media?parent=1801214"}],"wp:term":[{"taxonomy":"product_brand","embeddable":true,"href":"https:\/\/liquidmaster.pl\/en\/wp-json\/wp\/v2\/product_brand?post=1801214"},{"taxonomy":"product_cat","embeddable":true,"href":"https:\/\/liquidmaster.pl\/en\/wp-json\/wp\/v2\/product_cat?post=1801214"},{"taxonomy":"product_tag","embeddable":true,"href":"https:\/\/liquidmaster.pl\/en\/wp-json\/wp\/v2\/product_tag?post=1801214"}],"curies":[{"name":"wp","href":"https:\/\/api.w.org\/{rel}","templated":true}]}}