{"id":1801210,"date":"2025-03-27T21:50:59","date_gmt":"2025-03-27T19:50:59","guid":{"rendered":"https:\/\/liquidmaster.pl\/detailing-house-blue-masking-tape-25mm-tasma-maskujaca\/"},"modified":"2026-04-19T03:02:26","modified_gmt":"2026-04-19T01:02:26","slug":"detailing-house-blue-masking-tape-25mm-tasma-maskujaca","status":"publish","type":"product","link":"https:\/\/liquidmaster.pl\/en\/detailing-house-blue-masking-tape-25mm-tasma-maskujaca\/","title":{"rendered":"Detailing House Blue Masking Tape 25mm \u2013 masking tape"},"content":{"rendered":"<p>Professional Blue Masking Tape \u2013 leaves no adhesive residue, is resistant to light and UV radiation, adheres very well to various surfaces, and does not bleed at the edges. It stays on the surfaces it covers for up to 30 days.<\/p>\n<p>Width: 25 mm<\/p>\n<p>Length: 50 m<\/p>","protected":false},"excerpt":{"rendered":"<p>Profesjonalna ta\u015bma maskuj\u0105ca Blue Masking Tape \u2013 nie zostawia \u015blad\u00f3w kleju, odporna na \u015bwiat\u0142o i promieniowanie UV, bardzo dobrze trzyma si\u0119 r\u00f3\u017cnych powierzchni, nie podcieka na kraw\u0119dziach. Trzyma si\u0119 do 30 dni na oklejanych powierzchniach. Szeroko\u015b\u0107: 25 mm D\u0142ugo\u015b\u0107: 50 m<\/p>","protected":false},"featured_media":1845905,"comment_status":"open","ping_status":"open","template":"","meta":{"neve_meta_sidebar":"","neve_meta_container":"","neve_meta_enable_content_width":"","neve_meta_content_width":0,"neve_meta_title_alignment":"","neve_meta_author_avatar":"","neve_post_elements_order":"","neve_meta_disable_header":"","neve_meta_disable_footer":"","neve_meta_disable_title":"","_themeisle_gutenberg_block_has_review":false},"product_brand":[],"product_cat":[749,748,825],"product_tag":[286],"class_list":{"0":"post-1801210","1":"product","2":"type-product","3":"status-publish","4":"has-post-thumbnail","6":"product_cat-akcesoria-polerskie","7":"product_cat-polerowanie","8":"product_cat-tasmy-maskujace","9":"product_tag-detailing-house","11":"first","12":"instock","13":"taxable","14":"shipping-taxable","15":"purchasable","16":"product-type-simple"},"_links":{"self":[{"href":"https:\/\/liquidmaster.pl\/en\/wp-json\/wp\/v2\/product\/1801210","targetHints":{"allow":["GET"]}}],"collection":[{"href":"https:\/\/liquidmaster.pl\/en\/wp-json\/wp\/v2\/product"}],"about":[{"href":"https:\/\/liquidmaster.pl\/en\/wp-json\/wp\/v2\/types\/product"}],"replies":[{"embeddable":true,"href":"https:\/\/liquidmaster.pl\/en\/wp-json\/wp\/v2\/comments?post=1801210"}],"wp:featuredmedia":[{"embeddable":true,"href":"https:\/\/liquidmaster.pl\/en\/wp-json\/wp\/v2\/media\/1845905"}],"wp:attachment":[{"href":"https:\/\/liquidmaster.pl\/en\/wp-json\/wp\/v2\/media?parent=1801210"}],"wp:term":[{"taxonomy":"product_brand","embeddable":true,"href":"https:\/\/liquidmaster.pl\/en\/wp-json\/wp\/v2\/product_brand?post=1801210"},{"taxonomy":"product_cat","embeddable":true,"href":"https:\/\/liquidmaster.pl\/en\/wp-json\/wp\/v2\/product_cat?post=1801210"},{"taxonomy":"product_tag","embeddable":true,"href":"https:\/\/liquidmaster.pl\/en\/wp-json\/wp\/v2\/product_tag?post=1801210"}],"curies":[{"name":"wp","href":"https:\/\/api.w.org\/{rel}","templated":true}]}}