{"id":1801204,"date":"2025-03-27T21:50:35","date_gmt":"2025-03-27T19:50:35","guid":{"rendered":"https:\/\/liquidmaster.pl\/detailing-house-diamond-glass-microfibre-40x40-300g-m2\/"},"modified":"2026-04-20T07:54:40","modified_gmt":"2026-04-20T05:54:40","slug":"detailing-house-diamond-glass-microfibre-40x40-300g-m2","status":"publish","type":"product","link":"https:\/\/liquidmaster.pl\/en\/detailing-house-diamond-glass-microfibre-40x40-300gm2\/","title":{"rendered":"Detailing House Diamond Glass Microfibre 40\u00d740 300g\/m2"},"content":{"rendered":"<p>Diamond Glass Microfibre for Glass 40cm x 40cm \u2013 the highest quality blue microfiber for glass and LCD screens with diamond-shaped protrusions. For wet and dry use. For best results, wet the side with the diamond studs and wipe the dirty surfaces of glass or LCD screens. The other, smoother side is used for surface finishing. Also great for removing wax and grease residues. He gets along perfectly with IPA. Very durable. Does not leave microfibers. The softness of the cloth increases with each wash.<\/p>\n<p>Packaging: 1 piece (foil).<\/p>","protected":false},"excerpt":{"rendered":"<p>Diamond Glass Microfibre for Glass 40cm x 40cm &#8211; najwy\u017cszej jako\u015bci niebieska mikrofibra do szyb i ekran\u00f3w LCD z wypustkami w kszta\u0142cie diamentu. Do u\u017cycia na mokro i sucho. Dla najlepszych efekt\u00f3w zwil\u017c stron\u0119 z diamentowymi wypustkami i przetrzyj zabrudzone powierzchnie szyb lub ekran\u00f3w LCD. Druga, g\u0142adsza strona s\u0142u\u017cy do wyko\u0144czenia powierzchni. \u015awietna r\u00f3wnie\u017c do&hellip;&nbsp;<a href=\"https:\/\/liquidmaster.pl\/en\/detailing-house-diamond-glass-microfibre-40x40-300gm2\/\" rel=\"bookmark\">Read More \u00bb<span class=\"screen-reader-text\">Detailing House Diamond Glass Microfibre 40\u00d740 300g\/m2<\/span><\/a><\/p>","protected":false},"featured_media":1845894,"comment_status":"open","ping_status":"open","template":"","meta":{"neve_meta_sidebar":"","neve_meta_container":"","neve_meta_enable_content_width":"","neve_meta_content_width":0,"neve_meta_title_alignment":"","neve_meta_author_avatar":"","neve_post_elements_order":"","neve_meta_disable_header":"","neve_meta_disable_footer":"","neve_meta_disable_title":"","_themeisle_gutenberg_block_has_review":false},"product_brand":[],"product_cat":[757,758,798],"product_tag":[286],"class_list":{"0":"post-1801204","1":"product","2":"type-product","3":"status-publish","4":"has-post-thumbnail","6":"product_cat-akcesoria","7":"product_cat-mikrofibry-i-reczniki","8":"product_cat-uniwersalne","9":"product_tag-detailing-house","11":"first","12":"instock","13":"taxable","14":"shipping-taxable","15":"purchasable","16":"product-type-simple"},"_links":{"self":[{"href":"https:\/\/liquidmaster.pl\/en\/wp-json\/wp\/v2\/product\/1801204","targetHints":{"allow":["GET"]}}],"collection":[{"href":"https:\/\/liquidmaster.pl\/en\/wp-json\/wp\/v2\/product"}],"about":[{"href":"https:\/\/liquidmaster.pl\/en\/wp-json\/wp\/v2\/types\/product"}],"replies":[{"embeddable":true,"href":"https:\/\/liquidmaster.pl\/en\/wp-json\/wp\/v2\/comments?post=1801204"}],"wp:featuredmedia":[{"embeddable":true,"href":"https:\/\/liquidmaster.pl\/en\/wp-json\/wp\/v2\/media\/1845894"}],"wp:attachment":[{"href":"https:\/\/liquidmaster.pl\/en\/wp-json\/wp\/v2\/media?parent=1801204"}],"wp:term":[{"taxonomy":"product_brand","embeddable":true,"href":"https:\/\/liquidmaster.pl\/en\/wp-json\/wp\/v2\/product_brand?post=1801204"},{"taxonomy":"product_cat","embeddable":true,"href":"https:\/\/liquidmaster.pl\/en\/wp-json\/wp\/v2\/product_cat?post=1801204"},{"taxonomy":"product_tag","embeddable":true,"href":"https:\/\/liquidmaster.pl\/en\/wp-json\/wp\/v2\/product_tag?post=1801204"}],"curies":[{"name":"wp","href":"https:\/\/api.w.org\/{rel}","templated":true}]}}