{"id":1801087,"date":"2025-03-27T21:42:41","date_gmt":"2025-03-27T19:42:41","guid":{"rendered":"https:\/\/liquidmaster.pl\/detailing-house-ultra-plush-discovery-40x40-green-900g-m2\/"},"modified":"2026-04-18T04:16:40","modified_gmt":"2026-04-18T02:16:40","slug":"detailing-house-ultra-plush-discovery-40x40-green-900g-m2","status":"publish","type":"product","link":"https:\/\/liquidmaster.pl\/en\/detailing-house-ultra-plush-discovery-40x40-green-900gm2\/","title":{"rendered":"Detailing House Ultra Plush Discovery 40\u00d740 Green 900g\/m2"},"content":{"rendered":"<p>Perfect for polishing finishing pastes, cleaners, waxes and quik detailers.<\/p>\n<p>Top quality microfiber:<br \/>\n\u2013 does not scratch the surface<br \/>\n\u2013 collects dirt and dust<br \/>\n\u2013 the fibers are fluffy and very dense<br \/>\n\u2013 the length of the fibers is longer on one side and shorter on the other.<br \/>\n\u2013 ideal for all polishing work<\/p>\n<p>\nWeight 900g\/m2 <br \/>\nDimensions 40x40cm<\/p>","protected":false},"excerpt":{"rendered":"<p>Idealna do polerowania wyko\u0144czeniowych past, cleaner\u00f3w, wosk\u00f3w, quik detailer\u00f3w. Mikrofibra najwy\u017cszej jako\u015bci: &#8211; nie rysuje powierzchni &#8211; zbiera brud i kurz &#8211; w\u0142\u00f3kna s\u0105 puszyste i bardzo g\u0119ste &#8211; d\u0142ugo\u015b\u0107 w\u0142\u00f3kien po jednej stronie d\u0142u\u017csza, po drugiej kr\u00f3tsza. &#8211; idealna do wszystkich prac zwi\u0105zanych z polerowaniem Gramatura 900g\/m2 Wymiary 40x40cm<\/p>","protected":false},"featured_media":1845721,"comment_status":"open","ping_status":"open","template":"","meta":{"neve_meta_sidebar":"","neve_meta_container":"","neve_meta_enable_content_width":"","neve_meta_content_width":0,"neve_meta_title_alignment":"","neve_meta_author_avatar":"","neve_post_elements_order":"","neve_meta_disable_header":"","neve_meta_disable_footer":"","neve_meta_disable_title":"","_themeisle_gutenberg_block_has_review":false},"product_brand":[],"product_cat":[757,758,780],"product_tag":[286],"class_list":{"0":"post-1801087","1":"product","2":"type-product","3":"status-publish","4":"has-post-thumbnail","6":"product_cat-akcesoria","7":"product_cat-mikrofibry-i-reczniki","8":"product_cat-pluszowe","9":"product_tag-detailing-house","11":"first","12":"instock","13":"taxable","14":"shipping-taxable","15":"purchasable","16":"product-type-simple"},"_links":{"self":[{"href":"https:\/\/liquidmaster.pl\/en\/wp-json\/wp\/v2\/product\/1801087","targetHints":{"allow":["GET"]}}],"collection":[{"href":"https:\/\/liquidmaster.pl\/en\/wp-json\/wp\/v2\/product"}],"about":[{"href":"https:\/\/liquidmaster.pl\/en\/wp-json\/wp\/v2\/types\/product"}],"replies":[{"embeddable":true,"href":"https:\/\/liquidmaster.pl\/en\/wp-json\/wp\/v2\/comments?post=1801087"}],"wp:featuredmedia":[{"embeddable":true,"href":"https:\/\/liquidmaster.pl\/en\/wp-json\/wp\/v2\/media\/1845721"}],"wp:attachment":[{"href":"https:\/\/liquidmaster.pl\/en\/wp-json\/wp\/v2\/media?parent=1801087"}],"wp:term":[{"taxonomy":"product_brand","embeddable":true,"href":"https:\/\/liquidmaster.pl\/en\/wp-json\/wp\/v2\/product_brand?post=1801087"},{"taxonomy":"product_cat","embeddable":true,"href":"https:\/\/liquidmaster.pl\/en\/wp-json\/wp\/v2\/product_cat?post=1801087"},{"taxonomy":"product_tag","embeddable":true,"href":"https:\/\/liquidmaster.pl\/en\/wp-json\/wp\/v2\/product_tag?post=1801087"}],"curies":[{"name":"wp","href":"https:\/\/api.w.org\/{rel}","templated":true}]}}