{"id":1800943,"date":"2025-03-27T21:32:24","date_gmt":"2025-03-27T19:32:24","guid":{"rendered":"https:\/\/liquidmaster.pl\/profi-europe-odkurzacz-profi-5-1\/"},"modified":"2026-04-20T07:53:34","modified_gmt":"2026-04-20T05:53:34","slug":"profi-europe-odkurzacz-profi-5-1","status":"publish","type":"product","link":"https:\/\/liquidmaster.pl\/en\/profi-europe-odkurzacz-profi-51\/","title":{"rendered":"Profi Europe Vacuum cleaner Profi 5.1"},"content":{"rendered":"<p>Odkurzacz PROFI 5.1\u00a0\u2013 to polski profesjonalny odkurzacz workowy do sprz\u0105tania na sucho du\u017cych powierzchni o zasi\u0119gu pracy 16 m. Bardzo du\u017cy 15-litrowy worek obni\u017ca koszty eksploatacji.<\/p>\n<p>Podstawowe wyposa\u017cenie odkurzacza to:<\/p>\n<ul>\n<li>ssawka ma\u0142a<\/li>\n<li>ssawka okr\u0105g\u0142a w w\u0142osiem<\/li>\n<li>ssawka szczelinowa<\/li>\n<li>w\u0105\u017c 2,8 m<\/li>\n<li>2 rury metalowe<\/li>\n<li>2 worki papierowe<\/li>\n<li>ssawkoszczotka Spival<\/li>\n<\/ul>\n<p>Dane techniczne:<\/p>\n<ul>\n<li>Pojemno\u015b\u0107 zbiornika: 15 l<\/li>\n<li>Zasi\u0119g pracy: 16 m<\/li>\n<li>D\u0142ugo\u015b\u0107 w\u0119\u017ca: 2,8 m<\/li>\n<li>D\u0142ugo\u015b\u0107 przewodu zasilaj\u0105cego: 12 m<\/li>\n<li>Moc silnika: 900 W<\/li>\n<li>Waga: 7,1 kg<\/li>\n<li>Podci\u015bnienie: 27 kPa<\/li>\n<li>Silnik o podwy\u017cszonej \u017cywotno\u015bci: Tak<\/li>\n<li>Praktyczna pozycja parking: Tak<\/li>\n<li>Poziom ha\u0142asu: 67 dB<\/li>\n<li>Ko\u0142a jezdne z bie\u017cni\u0105 gumow\u0105 nie rysuj\u0105ce pod\u0142o\u017ca: Tak<\/li>\n<li>2 rury ss\u0105ce | ssawka ma\u0142a | ssawka okr\u0105g\u0142a z w\u0142osem | ssawka szczelinowa | ssawka du\u017ca pod\u0142ogowa: Tak<\/li>\n<li>Mo\u017cliwo\u015b\u0107 sterowania podni\u015bnienia z w\u0119\u017ca: Tak<\/li>\n<li>Wymiary [d\u0142. x szer. x wys.]: 35 x 33 x 54 cm<\/li>\n<li>Filtr EPA do skutecznej filtracji: Tak<\/li>\n<li>Od\u0142\u0105czany 15-metrowy przew\u00f3d zasilaj\u0105cy: Opcja [PROFI 5.1 RC]<\/li>\n<li>Polipropylenowy zbiornik odporny na uderzenia: Tak<\/li>\n<\/ul>\n","protected":false},"excerpt":{"rendered":"<p>Odkurzacz PROFI 5.1\u00a0\u2013 to polski profesjonalny odkurzacz workowy do sprz\u0105tania na sucho du\u017cych powierzchni o zasi\u0119gu pracy 16 m. Bardzo du\u017cy 15-litrowy worek obni\u017ca koszty eksploatacji. Podstawowe wyposa\u017cenie odkurzacza to: ssawka ma\u0142a ssawka okr\u0105g\u0142a w w\u0142osiem ssawka szczelinowa w\u0105\u017c 2,8 m 2 rury metalowe 2 worki papierowe ssawkoszczotka Spival Dane techniczne: Pojemno\u015b\u0107 zbiornika: 15 l&hellip;&nbsp;<a href=\"https:\/\/liquidmaster.pl\/en\/profi-europe-odkurzacz-profi-51\/\" rel=\"bookmark\">Read More \u00bb<span class=\"screen-reader-text\">Profi Europe Vacuum cleaner Profi 5.1<\/span><\/a><\/p>","protected":false},"featured_media":1845516,"comment_status":"open","ping_status":"open","template":"","meta":{"neve_meta_sidebar":"","neve_meta_container":"","neve_meta_enable_content_width":"","neve_meta_content_width":0,"neve_meta_title_alignment":"","neve_meta_author_avatar":"","neve_post_elements_order":"","neve_meta_disable_header":"","neve_meta_disable_footer":"","neve_meta_disable_title":"","_themeisle_gutenberg_block_has_review":false},"product_brand":[],"product_cat":[757,865,918,846],"product_tag":[348],"class_list":{"0":"post-1800943","1":"product","2":"type-product","3":"status-publish","4":"has-post-thumbnail","6":"product_cat-akcesoria","7":"product_cat-odkurzacze","8":"product_cat-odkurzacze-piorace","9":"product_cat-reszta","10":"product_tag-profi-europe","12":"first","13":"instock","14":"taxable","15":"shipping-taxable","16":"purchasable","17":"product-type-simple"},"_links":{"self":[{"href":"https:\/\/liquidmaster.pl\/en\/wp-json\/wp\/v2\/product\/1800943","targetHints":{"allow":["GET"]}}],"collection":[{"href":"https:\/\/liquidmaster.pl\/en\/wp-json\/wp\/v2\/product"}],"about":[{"href":"https:\/\/liquidmaster.pl\/en\/wp-json\/wp\/v2\/types\/product"}],"replies":[{"embeddable":true,"href":"https:\/\/liquidmaster.pl\/en\/wp-json\/wp\/v2\/comments?post=1800943"}],"wp:featuredmedia":[{"embeddable":true,"href":"https:\/\/liquidmaster.pl\/en\/wp-json\/wp\/v2\/media\/1845516"}],"wp:attachment":[{"href":"https:\/\/liquidmaster.pl\/en\/wp-json\/wp\/v2\/media?parent=1800943"}],"wp:term":[{"taxonomy":"product_brand","embeddable":true,"href":"https:\/\/liquidmaster.pl\/en\/wp-json\/wp\/v2\/product_brand?post=1800943"},{"taxonomy":"product_cat","embeddable":true,"href":"https:\/\/liquidmaster.pl\/en\/wp-json\/wp\/v2\/product_cat?post=1800943"},{"taxonomy":"product_tag","embeddable":true,"href":"https:\/\/liquidmaster.pl\/en\/wp-json\/wp\/v2\/product_tag?post=1800943"}],"curies":[{"name":"wp","href":"https:\/\/api.w.org\/{rel}","templated":true}]}}