{"id":1800928,"date":"2025-03-27T21:31:36","date_gmt":"2025-03-27T19:31:36","guid":{"rendered":"https:\/\/liquidmaster.pl\/adbl-giftbox-male-pudelko-prezentowe-rozmiar-l\/"},"modified":"2026-04-20T07:53:31","modified_gmt":"2026-04-20T05:53:31","slug":"adbl-giftbox-male-pudelko-prezentowe-rozmiar-l","status":"publish","type":"product","link":"https:\/\/liquidmaster.pl\/en\/adbl-giftbox-male-pudelko-prezentowe-rozmiar-l\/","title":{"rendered":"ADBL Giftbox &#8211; ma\u0142e pude\u0142ko prezentowe &#8211; rozmiar L"},"content":{"rendered":"<p>ADBL Giftbox L \u2013 du\u017ce pude\u0142ko prezentowe ADBL z piankow\u0105 wk\u0142adk\u0105, mieszcz\u0105ce 4 butelki 500 ml.<\/p>\n<p>Wymiary: 325 mm x 298 mm<\/p>\n<p>Pojemno\u015b\u0107: 4 x 500 ml \u2013 0,51 kg.<\/p>\n<p>Available sizes:<\/p>\n<ul>\n<li>Small (size S)<\/li>\n<li>Large (size L)<\/li>\n<\/ul>","protected":false},"excerpt":{"rendered":"<p>ADBL Giftbox L \u2013 du\u017ce pude\u0142ko prezentowe ADBL z piankow\u0105 wk\u0142adk\u0105, mieszcz\u0105ce 4 butelki 500 ml. Wymiary: 325 mm x 298 mm Pojemno\u015b\u0107: 4 x 500 ml \u2013 0,51 kg. Dost\u0119pne rozmiary: Ma\u0142y (rozmiar S) Du\u017cy (rozmiar L)<\/p>","protected":false},"featured_media":1845492,"comment_status":"open","ping_status":"open","template":"","meta":{"neve_meta_sidebar":"","neve_meta_container":"","neve_meta_enable_content_width":"","neve_meta_content_width":0,"neve_meta_title_alignment":"","neve_meta_author_avatar":"","neve_post_elements_order":"","neve_meta_disable_header":"","neve_meta_disable_footer":"","neve_meta_disable_title":"","_themeisle_gutenberg_block_has_review":false},"product_brand":[],"product_cat":[757,862,811],"product_tag":[258],"class_list":{"0":"post-1800928","1":"product","2":"type-product","3":"status-publish","4":"has-post-thumbnail","6":"product_cat-akcesoria","7":"product_cat-gadzety","8":"product_cat-pozostale-akcesoria","9":"product_tag-adbl","11":"first","12":"outofstock","13":"taxable","14":"shipping-taxable","15":"purchasable","16":"product-type-simple"},"_links":{"self":[{"href":"https:\/\/liquidmaster.pl\/en\/wp-json\/wp\/v2\/product\/1800928","targetHints":{"allow":["GET"]}}],"collection":[{"href":"https:\/\/liquidmaster.pl\/en\/wp-json\/wp\/v2\/product"}],"about":[{"href":"https:\/\/liquidmaster.pl\/en\/wp-json\/wp\/v2\/types\/product"}],"replies":[{"embeddable":true,"href":"https:\/\/liquidmaster.pl\/en\/wp-json\/wp\/v2\/comments?post=1800928"}],"wp:featuredmedia":[{"embeddable":true,"href":"https:\/\/liquidmaster.pl\/en\/wp-json\/wp\/v2\/media\/1845492"}],"wp:attachment":[{"href":"https:\/\/liquidmaster.pl\/en\/wp-json\/wp\/v2\/media?parent=1800928"}],"wp:term":[{"taxonomy":"product_brand","embeddable":true,"href":"https:\/\/liquidmaster.pl\/en\/wp-json\/wp\/v2\/product_brand?post=1800928"},{"taxonomy":"product_cat","embeddable":true,"href":"https:\/\/liquidmaster.pl\/en\/wp-json\/wp\/v2\/product_cat?post=1800928"},{"taxonomy":"product_tag","embeddable":true,"href":"https:\/\/liquidmaster.pl\/en\/wp-json\/wp\/v2\/product_tag?post=1800928"}],"curies":[{"name":"wp","href":"https:\/\/api.w.org\/{rel}","templated":true}]}}