{"id":1800916,"date":"2025-03-27T21:30:48","date_gmt":"2025-03-27T19:30:48","guid":{"rendered":"https:\/\/liquidmaster.pl\/poka-premium-uniwersalny-wieszak-na-pianownice-dmuchawy-itp\/"},"modified":"2026-04-18T04:16:01","modified_gmt":"2026-04-18T02:16:01","slug":"poka-premium-uniwersalny-wieszak-na-pianownice-dmuchawy-itp","status":"publish","type":"product","link":"https:\/\/liquidmaster.pl\/en\/poka-premium-uniwersalny-wieszak-na-pianownice-dmuchawy-itp\/","title":{"rendered":"Poka Premium \u2013 universal hanger for foam cannon, blowers, etc"},"content":{"rendered":"<p>A universal hanger for foam guns, cleaning guns, brushes, hand sprayers, etc. The distance between the arms (33 mm) has been designed to fit various types of accessories. For example, we can easily safely hang a cleaning gun, larger brushes, foamers, manual pressure sprayers and many others. Made of high quality durable steel, precisely cut and bent, finally powder coated both inside and out to provide an additional layer of protection against oxidation.<\/p>\n<p>Dimensions:<\/p>\n<ul>\n<li>Length: 8 cm<\/li>\n<li>Width: 7 cm\u00a0<\/li>\n<li>Height: 3.5 cm<\/li>\n<\/ul>","protected":false},"excerpt":{"rendered":"<p>Uniwersalny wieszak do pianownic, pistolet\u00f3w czyszcz\u0105cych, szczotek, r\u0119cznych opryskiwaczy itp. Odleg\u0142o\u015b\u0107 mi\u0119dzy ramionami (33 mm) zosta\u0142a tak przemy\u015blana aby pasowa\u0142a do r\u00f3\u017cnego rodzaju akcesori\u00f3w.\u00a0Na przyk\u0142ad bez problemu bezpiecznie zawiesimy pistolet czyszcz\u0105cy, wi\u0119ksze szczotki, pianownice, r\u0119czne opryskiwacze ci\u015bnieniowe oraz wiele wiele innych.\u00a0Wykonany z wysokiej jako\u015bci wytrzyma\u0142ej stali, precyzyjnie wyci\u0119ty i wygi\u0119ty, finalnie pokryty proszkowym wyko\u0144czeniem, zar\u00f3wno&hellip;&nbsp;<a href=\"https:\/\/liquidmaster.pl\/en\/poka-premium-uniwersalny-wieszak-na-pianownice-dmuchawy-itp\/\" rel=\"bookmark\">Read More \u00bb<span class=\"screen-reader-text\">Poka Premium \u2013 universal hanger for foam cannon, blowers, etc<\/span><\/a><\/p>","protected":false},"featured_media":1845474,"comment_status":"open","ping_status":"open","template":"","meta":{"neve_meta_sidebar":"","neve_meta_container":"","neve_meta_enable_content_width":"","neve_meta_content_width":0,"neve_meta_title_alignment":"","neve_meta_author_avatar":"","neve_post_elements_order":"","neve_meta_disable_header":"","neve_meta_disable_footer":"","neve_meta_disable_title":"","_themeisle_gutenberg_block_has_review":false},"product_brand":[],"product_cat":[757,811,856],"product_tag":[343],"class_list":{"0":"post-1800916","1":"product","2":"type-product","3":"status-publish","4":"has-post-thumbnail","6":"product_cat-akcesoria","7":"product_cat-pozostale-akcesoria","8":"product_cat-torby-i-organizery","9":"product_tag-poka-premium","11":"first","12":"instock","13":"taxable","14":"shipping-taxable","15":"purchasable","16":"product-type-simple"},"_links":{"self":[{"href":"https:\/\/liquidmaster.pl\/en\/wp-json\/wp\/v2\/product\/1800916","targetHints":{"allow":["GET"]}}],"collection":[{"href":"https:\/\/liquidmaster.pl\/en\/wp-json\/wp\/v2\/product"}],"about":[{"href":"https:\/\/liquidmaster.pl\/en\/wp-json\/wp\/v2\/types\/product"}],"replies":[{"embeddable":true,"href":"https:\/\/liquidmaster.pl\/en\/wp-json\/wp\/v2\/comments?post=1800916"}],"wp:featuredmedia":[{"embeddable":true,"href":"https:\/\/liquidmaster.pl\/en\/wp-json\/wp\/v2\/media\/1845474"}],"wp:attachment":[{"href":"https:\/\/liquidmaster.pl\/en\/wp-json\/wp\/v2\/media?parent=1800916"}],"wp:term":[{"taxonomy":"product_brand","embeddable":true,"href":"https:\/\/liquidmaster.pl\/en\/wp-json\/wp\/v2\/product_brand?post=1800916"},{"taxonomy":"product_cat","embeddable":true,"href":"https:\/\/liquidmaster.pl\/en\/wp-json\/wp\/v2\/product_cat?post=1800916"},{"taxonomy":"product_tag","embeddable":true,"href":"https:\/\/liquidmaster.pl\/en\/wp-json\/wp\/v2\/product_tag?post=1800916"}],"curies":[{"name":"wp","href":"https:\/\/api.w.org\/{rel}","templated":true}]}}