{"id":1800898,"date":"2025-03-27T21:29:34","date_gmt":"2025-03-27T19:29:34","guid":{"rendered":"https:\/\/liquidmaster.pl\/fx-protect-ufo-dressing-wax-applicator-aplikator-gabkowy-do-dressingow-oraz-woskow\/"},"modified":"2026-04-20T07:53:22","modified_gmt":"2026-04-20T05:53:22","slug":"fx-protect-ufo-dressing-wax-applicator-aplikator-gabkowy-do-dressingow-oraz-woskow","status":"publish","type":"product","link":"https:\/\/liquidmaster.pl\/en\/fx-protect-ufo-dressingwax-applicator-aplikator-gabkowy-do-dressingow-oraz-woskow\/","title":{"rendered":"FX Protect UFO Dressing\/Wax Applicator - sponge applicator for dressings and waxes"},"content":{"rendered":"<p>UFO Circular Dressing \/ Wax Applicator \u2013 round sponge applicator &quot;ufo&quot;, 115 x 35 mm.<\/p>\n<p>High-quality round foam applicator for applying dressings and waxes. The specially designed shape allows you to precisely apply and spread the product, minimizing the amount of use.<br \/>\nErgonomic design fits perfectly into the hand, durable and easy to use, soft and absorbent.<\/p>","protected":false},"excerpt":{"rendered":"<p>UFO Circular Dressing \/ Wax Applicator \u2013 okr\u0105g\u0142y aplikator g\u0105bkowy &#8222;ufo&#8221;, 115 x 35 mm. Wysokiej jako\u015bci okr\u0105g\u0142y aplikator piankowy do aplikacji dressing\u00f3w i wosk\u00f3w. Specjalnie zaprojektowany kszta\u0142t pozwala\u00a0dok\u0142adnie na\u0142o\u017cy\u0107 oraz rozprowadzi\u0107\u00a0produkt, minimalizuj\u0105c przy tym ilo\u015b\u0107 jego zu\u017cycia. Ergonomiczna budowa idealnie dopasowuje si\u0119 do d\u0142oni, trwa\u0142y i wielkortonego u\u017cytku, mi\u0119kki i ch\u0142onny.<\/p>","protected":false},"featured_media":1845446,"comment_status":"open","ping_status":"open","template":"","meta":{"neve_meta_sidebar":"","neve_meta_container":"","neve_meta_enable_content_width":"","neve_meta_content_width":0,"neve_meta_title_alignment":"","neve_meta_author_avatar":"","neve_post_elements_order":"","neve_meta_disable_header":"","neve_meta_disable_footer":"","neve_meta_disable_title":"","_themeisle_gutenberg_block_has_review":false},"product_brand":[],"product_cat":[757,786,797],"product_tag":[299],"class_list":{"0":"post-1800898","1":"product","2":"type-product","3":"status-publish","4":"has-post-thumbnail","6":"product_cat-akcesoria","7":"product_cat-aplikatory","8":"product_cat-aplikatory-do-woskow","9":"product_tag-fx-protect","11":"first","12":"instock","13":"taxable","14":"shipping-taxable","15":"purchasable","16":"product-type-simple"},"_links":{"self":[{"href":"https:\/\/liquidmaster.pl\/en\/wp-json\/wp\/v2\/product\/1800898","targetHints":{"allow":["GET"]}}],"collection":[{"href":"https:\/\/liquidmaster.pl\/en\/wp-json\/wp\/v2\/product"}],"about":[{"href":"https:\/\/liquidmaster.pl\/en\/wp-json\/wp\/v2\/types\/product"}],"replies":[{"embeddable":true,"href":"https:\/\/liquidmaster.pl\/en\/wp-json\/wp\/v2\/comments?post=1800898"}],"wp:featuredmedia":[{"embeddable":true,"href":"https:\/\/liquidmaster.pl\/en\/wp-json\/wp\/v2\/media\/1845446"}],"wp:attachment":[{"href":"https:\/\/liquidmaster.pl\/en\/wp-json\/wp\/v2\/media?parent=1800898"}],"wp:term":[{"taxonomy":"product_brand","embeddable":true,"href":"https:\/\/liquidmaster.pl\/en\/wp-json\/wp\/v2\/product_brand?post=1800898"},{"taxonomy":"product_cat","embeddable":true,"href":"https:\/\/liquidmaster.pl\/en\/wp-json\/wp\/v2\/product_cat?post=1800898"},{"taxonomy":"product_tag","embeddable":true,"href":"https:\/\/liquidmaster.pl\/en\/wp-json\/wp\/v2\/product_tag?post=1800898"}],"curies":[{"name":"wp","href":"https:\/\/api.w.org\/{rel}","templated":true}]}}