{"id":1800882,"date":"2025-03-27T21:28:21","date_gmt":"2025-03-27T19:28:21","guid":{"rendered":"https:\/\/liquidmaster.pl\/yanosik-xs-komunikator-drogowy\/"},"modified":"2026-04-18T04:15:52","modified_gmt":"2026-04-18T02:15:52","slug":"yanosik-xs-komunikator-drogowy","status":"publish","type":"product","link":"https:\/\/liquidmaster.pl\/en\/yanosik-xs-komunikator-drogowy\/","title":{"rendered":"Yanosik XS - traffic communicator"},"content":{"rendered":"<p>XS &#8211; ma\u0142a inwestycja &#8211; du\u017cy zysk<br \/>\nYanosik XS dzi\u0119ki swojemu kompaktowemu rozmiarowi stanowi doskona\u0142e wyposa\u017cenie ka\u017cdego samochodu. Ten komunikator drogowy jest niezwykle prosty w obs\u0142udze, a jego mo\u017cliwo\u015bci zapewniaj\u0105 ogromne wsparcie dla kierowcy.<\/p>\n<p>XS informuje o aktualnej sytuacji na trasie, w tym o fotoradarach, wypadkach i kontrolach pr\u0119dko\u015bci. Dzi\u0119ki niemu, b\u0119dziesz na bie\u017c\u0105co ze wszystkimi zdarzeniami!<\/p>\n<p>NIGDY O NIM NIE ZAPOMNISZ<br \/>\nYanosik XS uruchamia si\u0119 automatycznie wraz z silnikiem pojazdu. Tego nie zrobi nawigacja-aplikacja w Twoim telefonie. A w\u0142a\u015bnie, dzi\u0119ki tej opcji nigdy nie zapomnisz o w\u0142\u0105czeniu urz\u0105dzenia, nawet przed wyruszeniem tylko w kr\u00f3tk\u0105 tras\u0119.<\/p>\n<p>Wystarczy, \u017ce zostawisz swojego XS pod\u0142\u0105czonego do gniazda zapalniczki w aucie i b\u0119dziesz ju\u017c zawsze na bie\u017c\u0105co z tym, co dzieje si\u0119 na trasie!<\/p>\n<p>ROZWI\u0104ZANIE NA KA\u017bD\u0104 KIESZE\u0143<br \/>\nKosztuje mniej ni\u017c mandat! Dzi\u0119ki dost\u0119powi do bie\u017c\u0105cych informacji z trasy jedziesz bezpieczniej i zmniejszasz ryzyko otrzymania grzywny.<\/p>\n<p>WYGODNA OBS\u0141UGA<br \/>\n&#8230;i w 100% bezpieczna. Fizyczne przyciski umo\u017cliwiaj\u0105 korzystanie z urz\u0105dzenia, bez odrywania wzroku od drogi! Zg\u0142aszasz i odwo\u0142ujesz zdarzenia z trasy jednym palcem. Wygodnie i bezpiecznie.<\/p>\n<p>Dodatkowo \u2013 Tw\u00f3j Yanosik XS b\u0119dzie Ci\u0119 informowa\u0142 d\u017awi\u0119kowo o sytuacji na drodze.\u00a0 Mo\u017cesz regulowa\u0107 g\u0142o\u015bno\u015b\u0107 komunikat\u00f3w i dopasowa\u0107 j\u0105 do swoich potrzeb!<\/p>\n<p>WSPARCIE NA TRASIE<br \/>\nTrasy bywaj\u0105 r\u00f3\u017cne, na szcz\u0119\u015bcie Yanosik XS uchroni Ci\u0119 przed niemi\u0142ymi zdarzeniami. Dowiesz si\u0119, gdzie znajduj\u0105 si\u0119 fotoradary, kontrole pr\u0119dko\u015bci, nieoznakowane radiowozy, roboty drogowe i zagro\u017cenia. \u00a0<\/p>\n<p>Mo\u017cesz go zabra\u0107 tak\u017ce w podr\u00f3\u017c po ca\u0142ej Europie \u2013 Yanosik XS w trybie offline poinformuje Ci\u0119 o stacjonarnych miernikach pr\u0119dko\u015bci.<\/p>\n<p>PO\u0141\u0104CZ YANOSIK XS Z BEZP\u0141ATN\u0104 APLIKACJ\u0104<br \/>\nY24 to nie jest kolejna, zwyk\u0142a aplikacja drogowa &#8211; sprawdzisz w niej lokalizacj\u0119 swojego pojazdu na mapie, przejrzysz histori\u0119 zg\u0142osze\u0144 i podzi\u0119kowa\u0144 i z \u0142atwo\u015bci\u0105 przed\u0142u\u017cysz abonament dla swojego Yanosik XS.<\/p>\n<p>\u00a0<\/p>\n<p>Specyfikacja Yanosik XS<\/p>\n<ul>\n<li>Wymiary: 55 mm x 65 mm x 16 mm<\/li>\n<li>Built-in GPS\/GPRS receiver: \u2714\ufe0f<\/li>\n<li>Pod\u015bwietlane, fizyczne przyciski: \u2714\ufe0f<\/li>\n<li>Anti-theft alert: \u2714\ufe0f<\/li>\n<li>Integracja z e-TOLL w aplikacji Y24: \u2714\ufe0f<\/li>\n<li>D\u0142ugo\u015b\u0107 kabla zasilaj\u0105cego: 1 m<\/li>\n<\/ul>\n<p>\u00a0<\/p>\n<p>Features:<\/p>\n<ul>\n<li>Information about speed controls (including section controls) and speed cameras,<\/li>\n<li>Informing about unmarked patrols,<\/li>\n<li>Informing about threats (accidents, repairs, stopped vehicle),<\/li>\n<li>Information about speed limits in the event of checks and speed cameras,<\/li>\n<li>Informowanie za granic\u0105 o odcinkowych kontrolach pr\u0119dko\u015bci i fotoradarach.<\/li>\n<\/ul>\n<p>\u00a0<\/p>\n<p>Contents of the package:<\/p>\n<ul>\n<li>Urz\u0105dzenie Yanosik XS,<\/li>\n<li>kabel microUSB,<\/li>\n<li>rzep mocuj\u0105cy,<\/li>\n<li>\u015bciereczka do czyszczenia deski rozdzielczej,<\/li>\n<li>user manual,<\/li>\n<li>naklejka Yanosik.<\/li>\n<\/ul>","protected":false},"excerpt":{"rendered":"<p>XS &#8211; ma\u0142a inwestycja &#8211; du\u017cy zysk Yanosik XS dzi\u0119ki swojemu kompaktowemu rozmiarowi stanowi doskona\u0142e wyposa\u017cenie ka\u017cdego samochodu. Ten komunikator drogowy jest niezwykle prosty w obs\u0142udze, a jego mo\u017cliwo\u015bci zapewniaj\u0105 ogromne wsparcie dla kierowcy. XS informuje o aktualnej sytuacji na trasie, w tym o fotoradarach, wypadkach i kontrolach pr\u0119dko\u015bci. Dzi\u0119ki niemu, b\u0119dziesz na bie\u017c\u0105co ze&hellip;&nbsp;<a href=\"https:\/\/liquidmaster.pl\/en\/yanosik-xs-komunikator-drogowy\/\" rel=\"bookmark\">Read More \u00bb<span class=\"screen-reader-text\">Yanosik XS - traffic communicator<\/span><\/a><\/p>","protected":false},"featured_media":1845428,"comment_status":"open","ping_status":"open","template":"","meta":{"neve_meta_sidebar":"","neve_meta_container":"","neve_meta_enable_content_width":"","neve_meta_content_width":0,"neve_meta_title_alignment":"","neve_meta_author_avatar":"","neve_post_elements_order":"","neve_meta_disable_header":"","neve_meta_disable_footer":"","neve_meta_disable_title":"","_themeisle_gutenberg_block_has_review":false},"product_brand":[],"product_cat":[757,811,890],"product_tag":[382],"class_list":{"0":"post-1800882","1":"product","2":"type-product","3":"status-publish","4":"has-post-thumbnail","6":"product_cat-akcesoria","7":"product_cat-pozostale-akcesoria","8":"product_cat-yanosik","9":"product_tag-yanosik","11":"first","12":"outofstock","13":"taxable","14":"shipping-taxable","15":"purchasable","16":"product-type-simple"},"_links":{"self":[{"href":"https:\/\/liquidmaster.pl\/en\/wp-json\/wp\/v2\/product\/1800882","targetHints":{"allow":["GET"]}}],"collection":[{"href":"https:\/\/liquidmaster.pl\/en\/wp-json\/wp\/v2\/product"}],"about":[{"href":"https:\/\/liquidmaster.pl\/en\/wp-json\/wp\/v2\/types\/product"}],"replies":[{"embeddable":true,"href":"https:\/\/liquidmaster.pl\/en\/wp-json\/wp\/v2\/comments?post=1800882"}],"wp:featuredmedia":[{"embeddable":true,"href":"https:\/\/liquidmaster.pl\/en\/wp-json\/wp\/v2\/media\/1845428"}],"wp:attachment":[{"href":"https:\/\/liquidmaster.pl\/en\/wp-json\/wp\/v2\/media?parent=1800882"}],"wp:term":[{"taxonomy":"product_brand","embeddable":true,"href":"https:\/\/liquidmaster.pl\/en\/wp-json\/wp\/v2\/product_brand?post=1800882"},{"taxonomy":"product_cat","embeddable":true,"href":"https:\/\/liquidmaster.pl\/en\/wp-json\/wp\/v2\/product_cat?post=1800882"},{"taxonomy":"product_tag","embeddable":true,"href":"https:\/\/liquidmaster.pl\/en\/wp-json\/wp\/v2\/product_tag?post=1800882"}],"curies":[{"name":"wp","href":"https:\/\/api.w.org\/{rel}","templated":true}]}}