{"id":1800788,"date":"2025-03-27T21:21:51","date_gmt":"2025-03-27T19:21:51","guid":{"rendered":"https:\/\/liquidmaster.pl\/optimum-opti-seal-paint-sealant-236ml\/"},"modified":"2026-04-21T07:52:31","modified_gmt":"2026-04-21T05:52:31","slug":"optimum-opti-seal-paint-sealant-236ml","status":"publish","type":"product","link":"https:\/\/liquidmaster.pl\/en\/optimum-opti-seal-paint-sealant-236ml\/","title":{"rendered":"Optimum Opti-Seal Paint Sealant 236ml"},"content":{"rendered":"<p>Optimum Opti-Seal is a clear sealant that can be applied to paint, plastics and even glass.<\/p>\n<p>This product can be successfully used as a standalone protection on previously prepared paintwork. Opti-Seal is also a great wax and coating booster, and a helpful aid when drying your car after washing with No Rinse shampoo.<\/p>\n<p>What we liked most about it was the incredible glassy effect on paint and windows, leaving a very slippery surface. The application itself is very simple and pleasant, just as we&#039;ve come to expect from Optimum. There&#039;s no smudging or streaking. After application, the product evaporates on its own.<\/p>\n<p>Usage:<\/p>\n<ul>\n<li>You can use it to help dry your car after washing with Optimum No Rinse shampoo. One spray is enough for a small element or 1\/2, 1\/3 of a larger one.<\/li>\n<li>If you want to apply the sealant to cleaned and possibly previously polished paint, use a wax applicator, the so-called sun.<\/li>\n<li>Spray one drop onto the applicator and spread the product using light, gentle movements. If you notice the product is running low, spray more.<\/li>\n<li>Opti-Seal actually clears itself if you apply the appropriate layer.<\/li>\n<li>If you apply too much, gently polish the surface with a microfiber cloth.<\/li>\n<li>Polymerization time 90 minutes<\/li>\n<\/ul>\n<p>Capacity: 236 ml<\/p>\n<p>\u00a0<\/p><\/p>","protected":false},"excerpt":{"rendered":"<p>Optimum Opti-Seal to czysty sealant, kt\u00f3ry mo\u017ce by\u0107 aplikowany na lakier, tworzywa sztuczne, a nawet szyby. To produkt, kt\u00f3ry z powodzeniem mo\u017cna u\u017cywa\u0107 jako samo dzia\u0142aj\u0105ce zabezpieczenie na przygotowanym wcze\u015bniej lakierze. Opti-Seal to r\u00f3wnie\u017c \u015bwietny booster wosk\u00f3w oraz pow\u0142ok, oraz pomocnik podczas osuszania samochodu po myciu szamponem No Rinse. To, co spodoba\u0142o nam si\u0119 w&hellip;&nbsp;<a href=\"https:\/\/liquidmaster.pl\/en\/optimum-opti-seal-paint-sealant-236ml\/\" rel=\"bookmark\">Read More \u00bb<span class=\"screen-reader-text\">Optimum Opti-Seal Paint Sealant 236ml<\/span><\/a><\/p>","protected":false},"featured_media":1845294,"comment_status":"open","ping_status":"open","template":"","meta":{"neve_meta_sidebar":"","neve_meta_container":"","neve_meta_enable_content_width":"","neve_meta_content_width":0,"neve_meta_title_alignment":"","neve_meta_author_avatar":"","neve_post_elements_order":"","neve_meta_disable_header":"","neve_meta_disable_footer":"","neve_meta_disable_title":"","_themeisle_gutenberg_block_has_review":false},"product_brand":[],"product_cat":[733,766,788],"product_tag":[338],"class_list":{"0":"post-1800788","1":"product","2":"type-product","3":"status-publish","4":"has-post-thumbnail","6":"product_cat-na-zewnatrz","7":"product_cat-ochrona-lakieru","8":"product_cat-woski","9":"product_tag-optimum","11":"first","12":"instock","13":"taxable","14":"shipping-taxable","15":"purchasable","16":"product-type-simple"},"_links":{"self":[{"href":"https:\/\/liquidmaster.pl\/en\/wp-json\/wp\/v2\/product\/1800788","targetHints":{"allow":["GET"]}}],"collection":[{"href":"https:\/\/liquidmaster.pl\/en\/wp-json\/wp\/v2\/product"}],"about":[{"href":"https:\/\/liquidmaster.pl\/en\/wp-json\/wp\/v2\/types\/product"}],"replies":[{"embeddable":true,"href":"https:\/\/liquidmaster.pl\/en\/wp-json\/wp\/v2\/comments?post=1800788"}],"wp:featuredmedia":[{"embeddable":true,"href":"https:\/\/liquidmaster.pl\/en\/wp-json\/wp\/v2\/media\/1845294"}],"wp:attachment":[{"href":"https:\/\/liquidmaster.pl\/en\/wp-json\/wp\/v2\/media?parent=1800788"}],"wp:term":[{"taxonomy":"product_brand","embeddable":true,"href":"https:\/\/liquidmaster.pl\/en\/wp-json\/wp\/v2\/product_brand?post=1800788"},{"taxonomy":"product_cat","embeddable":true,"href":"https:\/\/liquidmaster.pl\/en\/wp-json\/wp\/v2\/product_cat?post=1800788"},{"taxonomy":"product_tag","embeddable":true,"href":"https:\/\/liquidmaster.pl\/en\/wp-json\/wp\/v2\/product_tag?post=1800788"}],"curies":[{"name":"wp","href":"https:\/\/api.w.org\/{rel}","templated":true}]}}