{"id":1800784,"date":"2025-03-27T21:21:23","date_gmt":"2025-03-27T19:21:23","guid":{"rendered":"https:\/\/liquidmaster.pl\/optimum-hyper-seal-473ml-wosk-syntetyczny-do-konserwacji-lakieru\/"},"modified":"2026-04-21T07:52:30","modified_gmt":"2026-04-21T05:52:30","slug":"optimum-hyper-seal-473ml-wosk-syntetyczny-do-konserwacji-lakieru","status":"publish","type":"product","link":"https:\/\/liquidmaster.pl\/en\/optimum-hyper-seal-473ml-wosk-syntetyczny-do-konserwacji-lakieru\/","title":{"rendered":"Optimum Hyper Seal 473ml \u2013 synthetic wax for paint preservation"},"content":{"rendered":"<p>Optimum Hyper Seal \u2013 the best solution for paint maintenance<\/p>\n<p>Optimum Opti-Coat Hyper Seal is the perfect choice for protecting your paintwork from dirt. It effectively repels hard water, protects against insect debris, and other contaminants your car is exposed to while driving. Using Hyper Seal leaves the paintwork incredibly smooth, making it easier to clean and maintain. This high-quality synthetic wax from Optimum is suitable for application to paintwork, plastic parts, rubber, and glass. The product can be used both dry and wet. Long-lasting protection lasts for up to 12 months.<\/p>\n<p>Optimum Hyper Seal \u2013 dry and wet<\/p>\n<p>Hyper Seal from Optimum creates an exceptionally smooth surface, making subsequent vehicle cleaning easier. The product can be applied to wet surfaces to aid drying after washing, as well as to dry areas of the car, particularly plastic trims, sills, rubber seals, and headlight surfaces. The product can be applied to surfaces using a microfiber cloth or a special applicator.<\/p>\n<p>The main features of Hyper Seal Optimum are:<\/p>\n<ul>\n<li>the agent protects the paint, protecting the car&#039;s surfaces against stains, chips and hard water deposits;<\/li>\n<li>the preparation has a versatile application \u2013 it can be used to clean various types of surfaces outside the car;<\/li>\n<li>Opti-Coat Hyper Seal provides additional protection for cleaned surfaces that lasts up to 12 months after application.<\/li>\n<\/ul>\n<p>Hyper Seal for car detailers and automotive enthusiasts<\/p>\n<p>Optimum Hyper Seal is widely used in the auto detailing industry, although it&#039;s also used by everyday enthusiasts who want to properly clean and protect their vehicles. The product is very easy to apply and doesn&#039;t adversely affect the surfaces it coats, but remember to dilute it with water first. Hyper Seal shouldn&#039;t be used in direct sunlight \u2013 it&#039;s best to work in the shade or during times when the sun&#039;s rays are weaker.<\/p>\n<p>Optimum Opti-Coat Hyper Seal is the Ultimate\u2122 maintenance solution that prevents the binding of contaminants such as hard water deposits, mud splashes and other airborne contaminants. It stays on the surface for up to 12 months.<\/p>\n<p>Opti-Coat Hyper Seal creates a super smooth surface for easy cleaning in high contamination environments. Use Opti-Coat Hyper Seal on wet surfaces as a drying aid after washing, or on dry surfaces including paintwork, plastic moldings, rubber gaskets and glass.<\/p>\n<p>Capacity: 473 ml<\/p>\n<p>\u00a0<\/p><\/p>","protected":false},"excerpt":{"rendered":"<p>Optimum Hyper Seal \u2013 najlepsze rozwi\u0105zanie do konserwacji lakieru Optimum Opti-Coat Hyper Seal to idealny wyb\u00f3r do zabezpieczania lakieru przed brudem. Skutecznie dzia\u0142a przeciwko twardej wodzie, chroni przed resztkami z owad\u00f3w i innego rodzaju zanieczyszczeniami, na jakie jest nara\u017cony samoch\u00f3d podczas jazdy. Dzi\u0119ki zastosowaniu produktu Hyper Seal powierzchnia lakieru staje si\u0119 niezwykle g\u0142adka, co u\u0142atwia&hellip;&nbsp;<a href=\"https:\/\/liquidmaster.pl\/en\/optimum-hyper-seal-473ml-wosk-syntetyczny-do-konserwacji-lakieru\/\" rel=\"bookmark\">Read More \u00bb<span class=\"screen-reader-text\">Optimum Hyper Seal 473ml \u2013 synthetic wax for paint preservation<\/span><\/a><\/p>","protected":false},"featured_media":1845288,"comment_status":"open","ping_status":"open","template":"","meta":{"neve_meta_sidebar":"","neve_meta_container":"","neve_meta_enable_content_width":"","neve_meta_content_width":0,"neve_meta_title_alignment":"","neve_meta_author_avatar":"","neve_post_elements_order":"","neve_meta_disable_header":"","neve_meta_disable_footer":"","neve_meta_disable_title":"","_themeisle_gutenberg_block_has_review":false},"product_brand":[],"product_cat":[733,766,788],"product_tag":[338],"class_list":{"0":"post-1800784","1":"product","2":"type-product","3":"status-publish","4":"has-post-thumbnail","6":"product_cat-na-zewnatrz","7":"product_cat-ochrona-lakieru","8":"product_cat-woski","9":"product_tag-optimum","11":"first","12":"instock","13":"taxable","14":"shipping-taxable","15":"purchasable","16":"product-type-simple"},"_links":{"self":[{"href":"https:\/\/liquidmaster.pl\/en\/wp-json\/wp\/v2\/product\/1800784","targetHints":{"allow":["GET"]}}],"collection":[{"href":"https:\/\/liquidmaster.pl\/en\/wp-json\/wp\/v2\/product"}],"about":[{"href":"https:\/\/liquidmaster.pl\/en\/wp-json\/wp\/v2\/types\/product"}],"replies":[{"embeddable":true,"href":"https:\/\/liquidmaster.pl\/en\/wp-json\/wp\/v2\/comments?post=1800784"}],"wp:featuredmedia":[{"embeddable":true,"href":"https:\/\/liquidmaster.pl\/en\/wp-json\/wp\/v2\/media\/1845288"}],"wp:attachment":[{"href":"https:\/\/liquidmaster.pl\/en\/wp-json\/wp\/v2\/media?parent=1800784"}],"wp:term":[{"taxonomy":"product_brand","embeddable":true,"href":"https:\/\/liquidmaster.pl\/en\/wp-json\/wp\/v2\/product_brand?post=1800784"},{"taxonomy":"product_cat","embeddable":true,"href":"https:\/\/liquidmaster.pl\/en\/wp-json\/wp\/v2\/product_cat?post=1800784"},{"taxonomy":"product_tag","embeddable":true,"href":"https:\/\/liquidmaster.pl\/en\/wp-json\/wp\/v2\/product_tag?post=1800784"}],"curies":[{"name":"wp","href":"https:\/\/api.w.org\/{rel}","templated":true}]}}