{"id":1800772,"date":"2025-03-27T21:20:34","date_gmt":"2025-03-27T19:20:34","guid":{"rendered":"https:\/\/liquidmaster.pl\/rupes-brelok-polerka-do-kluczy-rupes\/"},"modified":"2026-04-18T04:15:31","modified_gmt":"2026-04-18T02:15:31","slug":"rupes-brelok-polerka-do-kluczy-rupes","status":"publish","type":"product","link":"https:\/\/liquidmaster.pl\/en\/rupes-brelok-polerka-do-kluczy-rupes\/","title":{"rendered":"Rupes Rupes keychain polisher"},"content":{"rendered":"<p>Brelok Rupes \u2013 idealny dodatek dla mi\u0142o\u015bnik\u00f3w motoryzacji<\/p>\n<p>Przedstawiamy brelok Rupes \u2013 wyj\u0105tkowy brelok do kluczy w kszta\u0142cie maszyny polerskiej, kt\u00f3ry odzwierciedli Twoj\u0105 pasj\u0119 do auto detailingu. Co go charakteryzuje? Przede wszystkim:<\/p>\n<ul>\n<li>unikalny design \u2013 brelok w kszta\u0142cie polerki nawi\u0105zuje do oferty marki, ale tak\u017ce podkre\u015bla zainteresowanie motoryzacj\u0105 i detailingiem samochodowym;<\/li>\n<li>wysoka jako\u015b\u0107 wykonania \u2013 przedmiot jest solidnie wykonany, stworzony z dba\u0142o\u015bci\u0105 o szczeg\u00f3\u0142y. Brelok marki Rupes to trwa\u0142y i elegancki dodatek do kluczy;<\/li>\n<li>idealny dla entuzjast\u00f3w motoryzacji \u2013 stanowi doskona\u0142y dodatek dla os\u00f3b, kt\u00f3re uwielbiaj\u0105 dba\u0107 o sw\u00f3j samoch\u00f3d oraz ceni\u0105 sobie produkty najwy\u017cszej jako\u015bci;<\/li>\n<li>praktyczny i stylowy \u2013 nie tylko pomaga posegregowa\u0107 klucze i zachowa\u0107 porz\u0105dek, ale tak\u017ce przykuwa wzrok.<\/li>\n<\/ul>\n<p>Poka\u017c swoj\u0105 pasj\u0119 do motoryzacji i detailingu z brelokiem Rupes \u2013 doskona\u0142ym dodatkiem dla ka\u017cdego fana czystych i zadbanych samochod\u00f3w. Zam\u00f3w go dla siebie lub podaruj bliskiej osobie!<\/p>\n<p>We recommend a gadget for those in the know - a keychain - a polisher is the hallmark of specialists who care for cars. An aesthetic detail will highlight the efforts, experience and knowledge in art, which culminates in beautiful-looking cars. If you take the care of your car to the next level, you will emphasize your passions and interests.<\/p>\n<p>For car care professionals and enthusiasts, our store offers an original polisher keychain, precisely replicating the Rupes tool. Moving parts, handle, buttons - all this was made with modeling precision. If you are a professional car detailer, a nice and functional gadget is a perfect gift idea for your customers. You can also give it to someone who is passionate about cars, facelifts and advanced body care.<\/p>","protected":false},"excerpt":{"rendered":"<p>Brelok Rupes \u2013 idealny dodatek dla mi\u0142o\u015bnik\u00f3w motoryzacji Przedstawiamy brelok Rupes \u2013 wyj\u0105tkowy brelok do kluczy w kszta\u0142cie maszyny polerskiej, kt\u00f3ry odzwierciedli Twoj\u0105 pasj\u0119 do auto detailingu. Co go charakteryzuje? Przede wszystkim: unikalny design \u2013 brelok w kszta\u0142cie polerki nawi\u0105zuje do oferty marki, ale tak\u017ce podkre\u015bla zainteresowanie motoryzacj\u0105 i detailingiem samochodowym; wysoka jako\u015b\u0107 wykonania \u2013&hellip;&nbsp;<a href=\"https:\/\/liquidmaster.pl\/en\/rupes-brelok-polerka-do-kluczy-rupes\/\" rel=\"bookmark\">Read More \u00bb<span class=\"screen-reader-text\">Rupes Rupes keychain polisher<\/span><\/a><\/p>","protected":false},"featured_media":1845268,"comment_status":"open","ping_status":"open","template":"","meta":{"neve_meta_sidebar":"","neve_meta_container":"","neve_meta_enable_content_width":"","neve_meta_content_width":0,"neve_meta_title_alignment":"","neve_meta_author_avatar":"","neve_post_elements_order":"","neve_meta_disable_header":"","neve_meta_disable_footer":"","neve_meta_disable_title":"","_themeisle_gutenberg_block_has_review":false},"product_brand":[],"product_cat":[757,862,811],"product_tag":[354],"class_list":{"0":"post-1800772","1":"product","2":"type-product","3":"status-publish","4":"has-post-thumbnail","6":"product_cat-akcesoria","7":"product_cat-gadzety","8":"product_cat-pozostale-akcesoria","9":"product_tag-rupes","11":"first","12":"outofstock","13":"taxable","14":"shipping-taxable","15":"purchasable","16":"product-type-simple"},"_links":{"self":[{"href":"https:\/\/liquidmaster.pl\/en\/wp-json\/wp\/v2\/product\/1800772","targetHints":{"allow":["GET"]}}],"collection":[{"href":"https:\/\/liquidmaster.pl\/en\/wp-json\/wp\/v2\/product"}],"about":[{"href":"https:\/\/liquidmaster.pl\/en\/wp-json\/wp\/v2\/types\/product"}],"replies":[{"embeddable":true,"href":"https:\/\/liquidmaster.pl\/en\/wp-json\/wp\/v2\/comments?post=1800772"}],"wp:featuredmedia":[{"embeddable":true,"href":"https:\/\/liquidmaster.pl\/en\/wp-json\/wp\/v2\/media\/1845268"}],"wp:attachment":[{"href":"https:\/\/liquidmaster.pl\/en\/wp-json\/wp\/v2\/media?parent=1800772"}],"wp:term":[{"taxonomy":"product_brand","embeddable":true,"href":"https:\/\/liquidmaster.pl\/en\/wp-json\/wp\/v2\/product_brand?post=1800772"},{"taxonomy":"product_cat","embeddable":true,"href":"https:\/\/liquidmaster.pl\/en\/wp-json\/wp\/v2\/product_cat?post=1800772"},{"taxonomy":"product_tag","embeddable":true,"href":"https:\/\/liquidmaster.pl\/en\/wp-json\/wp\/v2\/product_tag?post=1800772"}],"curies":[{"name":"wp","href":"https:\/\/api.w.org\/{rel}","templated":true}]}}