{"id":1800674,"date":"2025-03-27T21:13:55","date_gmt":"2025-03-27T19:13:55","guid":{"rendered":"https:\/\/liquidmaster.pl\/schuller-sun-core-pro-tasma-50-24mm\/"},"modified":"2026-04-18T04:15:07","modified_gmt":"2026-04-18T02:15:07","slug":"schuller-sun-core-pro-tasma-50-24mm","status":"publish","type":"product","link":"https:\/\/liquidmaster.pl\/en\/schuller-sun-core-pro-tasma-5024mm\/","title":{"rendered":"Schuller Sun Core Pro Tape 50\/24mm"},"content":{"rendered":"<p>Paper tape for masking adjacent elements, plastics and seals during polishing. Thanks to the use of special, very high-quality paper, it minimizes dusting to almost zero. It does not curl when run over with a pad or fur and does not leave glue, even at high temperatures.<\/p>\n<ul>\n<li>Width: 24 mm<\/li>\n<li>Length: 50 m<\/li>\n<\/ul>\n<p>Details:<\/p>\n<ul>\n<li>Slippery to the touch<\/li>\n<li>Reduces dust from sponges and fur to a minimum<\/li>\n<li>Does not roll up<\/li>\n<li>Leaves no glue behind<\/li>\n<\/ul>","protected":false},"excerpt":{"rendered":"<p>Ta\u015bma papierowa do maskowania s\u0105siednich element\u00f3w, tworzyw sztucznych i uszczelek podczas polerowania. Dzi\u0119ki zastosowaniu specjlanego papieru bardzo wysokiej jako\u015bci, minimalizuje pylenie niemal do zera. Nie podwija si\u0119 podczas naje\u017cd\u017cania padem lub futrem i nie pozostawia kleju, nawet przy wysokich temperaturach. Szeroko\u015b\u0107: 24 mm D\u0142ugo\u015b\u0107: 50 m Szczeg\u00f3\u0142y: \u015aliska w dotyku Redukuje pylenie z g\u0105bek i&hellip;&nbsp;<a href=\"https:\/\/liquidmaster.pl\/en\/schuller-sun-core-pro-tasma-5024mm\/\" rel=\"bookmark\">Read More \u00bb<span class=\"screen-reader-text\">Schuller Sun Core Pro Tape 50\/24mm<\/span><\/a><\/p>","protected":false},"featured_media":1845128,"comment_status":"open","ping_status":"open","template":"","meta":{"neve_meta_sidebar":"","neve_meta_container":"","neve_meta_enable_content_width":"","neve_meta_content_width":0,"neve_meta_title_alignment":"","neve_meta_author_avatar":"","neve_post_elements_order":"","neve_meta_disable_header":"","neve_meta_disable_footer":"","neve_meta_disable_title":"","_themeisle_gutenberg_block_has_review":false},"product_brand":[],"product_cat":[749,748,825],"product_tag":[358],"class_list":{"0":"post-1800674","1":"product","2":"type-product","3":"status-publish","4":"has-post-thumbnail","6":"product_cat-akcesoria-polerskie","7":"product_cat-polerowanie","8":"product_cat-tasmy-maskujace","9":"product_tag-schuller","11":"first","12":"instock","13":"taxable","14":"shipping-taxable","15":"purchasable","16":"product-type-simple"},"_links":{"self":[{"href":"https:\/\/liquidmaster.pl\/en\/wp-json\/wp\/v2\/product\/1800674","targetHints":{"allow":["GET"]}}],"collection":[{"href":"https:\/\/liquidmaster.pl\/en\/wp-json\/wp\/v2\/product"}],"about":[{"href":"https:\/\/liquidmaster.pl\/en\/wp-json\/wp\/v2\/types\/product"}],"replies":[{"embeddable":true,"href":"https:\/\/liquidmaster.pl\/en\/wp-json\/wp\/v2\/comments?post=1800674"}],"wp:featuredmedia":[{"embeddable":true,"href":"https:\/\/liquidmaster.pl\/en\/wp-json\/wp\/v2\/media\/1845128"}],"wp:attachment":[{"href":"https:\/\/liquidmaster.pl\/en\/wp-json\/wp\/v2\/media?parent=1800674"}],"wp:term":[{"taxonomy":"product_brand","embeddable":true,"href":"https:\/\/liquidmaster.pl\/en\/wp-json\/wp\/v2\/product_brand?post=1800674"},{"taxonomy":"product_cat","embeddable":true,"href":"https:\/\/liquidmaster.pl\/en\/wp-json\/wp\/v2\/product_cat?post=1800674"},{"taxonomy":"product_tag","embeddable":true,"href":"https:\/\/liquidmaster.pl\/en\/wp-json\/wp\/v2\/product_tag?post=1800674"}],"curies":[{"name":"wp","href":"https:\/\/api.w.org\/{rel}","templated":true}]}}