{"id":1800664,"date":"2025-03-27T21:13:06","date_gmt":"2025-03-27T19:13:06","guid":{"rendered":"https:\/\/liquidmaster.pl\/sonax-profiline-ultimate-cut-06-03-1l-mocno-tnaca-pasta-polerska\/"},"modified":"2026-04-21T07:51:50","modified_gmt":"2026-04-21T05:51:50","slug":"sonax-profiline-ultimate-cut-06-03-1l-mocno-tnaca-pasta-polerska","status":"publish","type":"product","link":"https:\/\/liquidmaster.pl\/en\/sonax-profiline-ultimate-cut-0603-1l-mocno-tnaca-pasta-polerska\/","title":{"rendered":"SONAX Profiline Ultimate Cut 06+\/03 1L \u2013 high-cutting polishing paste"},"content":{"rendered":"<p>SONAX PROFILINE ULTIMATE CUT 06+\/03 \u2013 polishing paste 1 l.<\/p>\n<p>Innovative, extremely fast polishing paste for removing deep scratches and dull spots. Contains extremely pure and sharp aluminum oxide (\u03b1-phase). Does not produce dust. It is also very easy to wipe off. Removes matting caused by 1000-grade paper.<\/p>\n<p>\u00a0<\/p><\/p>","protected":false},"excerpt":{"rendered":"<p>SONAX PROFILINE ULTIMATE CUT 06+\/03 &#8211; pasta polerska 1 l. Innowacyjna, ekstremalnie szybka pasta polerska do usuwania g\u0142\u0119bokich zarysowa\u0144 i zmatowie\u0144. Zawiera niezwykle czysty i ostry tlenek glinu (\u03b1-faza). Nie pyli. Jest r\u00f3wnie\u017c bardzo \u0142atwa do wytarcia. Usuwa zmatowienia powsta\u0142e po papierze 1000. \u00a0<\/p>","protected":false},"featured_media":1845118,"comment_status":"open","ping_status":"open","template":"","meta":{"neve_meta_sidebar":"","neve_meta_container":"","neve_meta_enable_content_width":"","neve_meta_content_width":0,"neve_meta_title_alignment":"","neve_meta_author_avatar":"","neve_post_elements_order":"","neve_meta_disable_header":"","neve_meta_disable_footer":"","neve_meta_disable_title":"","_themeisle_gutenberg_block_has_review":false},"product_brand":[],"product_cat":[790,789,748],"product_tag":[363],"class_list":{"0":"post-1800664","1":"product","2":"type-product","3":"status-publish","4":"has-post-thumbnail","6":"product_cat-pasty-cuttingowe","7":"product_cat-pasty-polerskie","8":"product_cat-polerowanie","9":"product_tag-sonax","11":"first","12":"instock","13":"taxable","14":"shipping-taxable","15":"purchasable","16":"product-type-simple"},"_links":{"self":[{"href":"https:\/\/liquidmaster.pl\/en\/wp-json\/wp\/v2\/product\/1800664","targetHints":{"allow":["GET"]}}],"collection":[{"href":"https:\/\/liquidmaster.pl\/en\/wp-json\/wp\/v2\/product"}],"about":[{"href":"https:\/\/liquidmaster.pl\/en\/wp-json\/wp\/v2\/types\/product"}],"replies":[{"embeddable":true,"href":"https:\/\/liquidmaster.pl\/en\/wp-json\/wp\/v2\/comments?post=1800664"}],"wp:featuredmedia":[{"embeddable":true,"href":"https:\/\/liquidmaster.pl\/en\/wp-json\/wp\/v2\/media\/1845118"}],"wp:attachment":[{"href":"https:\/\/liquidmaster.pl\/en\/wp-json\/wp\/v2\/media?parent=1800664"}],"wp:term":[{"taxonomy":"product_brand","embeddable":true,"href":"https:\/\/liquidmaster.pl\/en\/wp-json\/wp\/v2\/product_brand?post=1800664"},{"taxonomy":"product_cat","embeddable":true,"href":"https:\/\/liquidmaster.pl\/en\/wp-json\/wp\/v2\/product_cat?post=1800664"},{"taxonomy":"product_tag","embeddable":true,"href":"https:\/\/liquidmaster.pl\/en\/wp-json\/wp\/v2\/product_tag?post=1800664"}],"curies":[{"name":"wp","href":"https:\/\/api.w.org\/{rel}","templated":true}]}}