{"id":1800654,"date":"2025-03-27T21:11:55","date_gmt":"2025-03-27T19:11:55","guid":{"rendered":"https:\/\/liquidmaster.pl\/profi-europe-odkurzacz-profi-50-1-m\/"},"modified":"2026-04-19T03:00:05","modified_gmt":"2026-04-19T01:00:05","slug":"profi-europe-odkurzacz-profi-50-1-m","status":"publish","type":"product","link":"https:\/\/liquidmaster.pl\/en\/profi-europe-odkurzacz-profi-501-m-2\/","title":{"rendered":"Profi Europe Vacuum cleaner Profi 50.1 M"},"content":{"rendered":"<p>PROFI 50.1 \u2013 an ideal solution for cleaning heavily dirty surfaces, restoring their pleasant, fresh scent. Thanks to the use of the AMETEK By-Pass motor and the Swiss Gotec pump (4.8 bar), PROFI 50.1 ensures effective application of the cleaning agent and leaves the surfaces almost dry, making the cleaning surfaces ready for use almost immediately. Large clean water tanks and an easily removable dirty water tank allow cleaning to be performed by filling a large area at once. The transparent cover on the dirty water tank allows you to check the water level.<\/p>\n<p>PROFI 50.1 is perfect for cleaning companies, hotels, car dealerships when cleaning buses, minibuses, etc. Equipped with plastic pipes, a small nozzle for upholstery, a large nozzle for carpets and an attachment for the large nozzle for cleaning hard surfaces.<\/p>\n<p>\u00a0<\/p>\n<p>Technical data:<\/p>\n<ul>\n<li>Working range: 11 m<\/li>\n<li>Hose length: 2 m<\/li>\n<li>Power cord length: 7m<\/li>\n<li>Motor power: 1400 W<\/li>\n<li>Weight: 8.7 kg<\/li>\n<\/ul>\n<p>\u00a0<\/p><\/p>","protected":false},"excerpt":{"rendered":"<p>PROFI 50.1\u00a0\u2013 to idealne rozwi\u0105zanie przy czyszczeniu silnie zabrudzonych powierzchni, przywracaj\u0105cy im przyjemny, \u015bwie\u017cy zapach. Dzi\u0119ki zastosowaniu silnika By-Pass AMETEK oraz szwajcarskiej pompki Gotec (4,8 bar) PROFI 50.1 zapewnia skuteczne nanoszenie \u015brodka czyszcz\u0105cego oraz pozostawia powierzchnie niemal suche, dzi\u0119ki czemu powierzchnie czyszcz\u0105ce praktycznie od razu nadaj\u0105 si\u0119 do u\u017cytku. Du\u017ce zbiorniki wody czystej i \u0142atwo&hellip;&nbsp;<a href=\"https:\/\/liquidmaster.pl\/en\/profi-europe-odkurzacz-profi-501-m-2\/\" rel=\"bookmark\">Read More \u00bb<span class=\"screen-reader-text\">Profi Europe Vacuum cleaner Profi 50.1 M<\/span><\/a><\/p>","protected":false},"featured_media":1845108,"comment_status":"open","ping_status":"open","template":"","meta":{"neve_meta_sidebar":"","neve_meta_container":"","neve_meta_enable_content_width":"","neve_meta_content_width":0,"neve_meta_title_alignment":"","neve_meta_author_avatar":"","neve_post_elements_order":"","neve_meta_disable_header":"","neve_meta_disable_footer":"","neve_meta_disable_title":"","_themeisle_gutenberg_block_has_review":false},"product_brand":[],"product_cat":[757,865,918,846],"product_tag":[348],"class_list":{"0":"post-1800654","1":"product","2":"type-product","3":"status-publish","4":"has-post-thumbnail","6":"product_cat-akcesoria","7":"product_cat-odkurzacze","8":"product_cat-odkurzacze-piorace","9":"product_cat-reszta","10":"product_tag-profi-europe","12":"first","13":"instock","14":"taxable","15":"shipping-taxable","16":"purchasable","17":"product-type-simple"},"_links":{"self":[{"href":"https:\/\/liquidmaster.pl\/en\/wp-json\/wp\/v2\/product\/1800654","targetHints":{"allow":["GET"]}}],"collection":[{"href":"https:\/\/liquidmaster.pl\/en\/wp-json\/wp\/v2\/product"}],"about":[{"href":"https:\/\/liquidmaster.pl\/en\/wp-json\/wp\/v2\/types\/product"}],"replies":[{"embeddable":true,"href":"https:\/\/liquidmaster.pl\/en\/wp-json\/wp\/v2\/comments?post=1800654"}],"wp:featuredmedia":[{"embeddable":true,"href":"https:\/\/liquidmaster.pl\/en\/wp-json\/wp\/v2\/media\/1845108"}],"wp:attachment":[{"href":"https:\/\/liquidmaster.pl\/en\/wp-json\/wp\/v2\/media?parent=1800654"}],"wp:term":[{"taxonomy":"product_brand","embeddable":true,"href":"https:\/\/liquidmaster.pl\/en\/wp-json\/wp\/v2\/product_brand?post=1800654"},{"taxonomy":"product_cat","embeddable":true,"href":"https:\/\/liquidmaster.pl\/en\/wp-json\/wp\/v2\/product_cat?post=1800654"},{"taxonomy":"product_tag","embeddable":true,"href":"https:\/\/liquidmaster.pl\/en\/wp-json\/wp\/v2\/product_tag?post=1800654"}],"curies":[{"name":"wp","href":"https:\/\/api.w.org\/{rel}","templated":true}]}}