{"id":1800650,"date":"2025-03-27T21:11:28","date_gmt":"2025-03-27T19:11:28","guid":{"rendered":"https:\/\/liquidmaster.pl\/rupes-talerz-roboczy-ibrid-50mm\/"},"modified":"2026-04-19T03:00:04","modified_gmt":"2026-04-19T01:00:04","slug":"rupes-talerz-roboczy-ibrid-50mm","status":"publish","type":"product","link":"https:\/\/liquidmaster.pl\/en\/rupes-talerz-roboczy-ibrid-50mm\/","title":{"rendered":"Rupes IBrid 50mm work plate"},"content":{"rendered":"<p>\u00a0<\/p>\n<p style=\"margin: 0pt; text-align: justify;\">RUPES 996.001<\/p>\n<p style=\"margin: 0pt; text-align: justify;\">Talerz roboczy przeznaczony do Rupes iBrid Nano Short Neck i Long Neck. Mi\u0119kka wewn\u0119trzna warstwa pianki zapewnia \u0142atwiejsze i wygodniejsze polerowanie. Ma\u0142y rozmiar tarczy pozwoli na polerowanie trudno dost\u0119pnych miejsc. <\/p>\n<p style=\"margin: 0pt; text-align: justify;\">\u00a0<\/p>\n<tr style=\"height: 22.65pt;\">\n<p style=\"margin: 0pt; text-align: left;\">\u015brednica [mm]<\/p>\n<p style=\"margin: 0pt; text-align: center;\">50<\/p>\n<\/tr>\n<tr style=\"height: 22.65pt;\">\n<p style=\"margin: 0pt; text-align: left;\">rodzaj<\/p>\n<p style=\"margin: 0pt; text-align: center;\">rzep<\/p>\n<\/tr>\n<tr style=\"height: 22.65pt;\">\n<p style=\"margin: 0pt; text-align: left;\">typ maszyny<\/p>\n<p style=\"margin: 0pt; text-align: center;\">polerka<\/p>\n<\/tr>\n<tr style=\"height: 22.65pt;\">\n<p style=\"margin: 0pt; text-align: left;\">przeznaczona dla modeli urz\u0105dze\u0144<\/p>\n<p style=\"margin: 0pt; text-align: center;\">HR 81M\/HR 81ML<\/p>\n<\/tr>\n<tr style=\"height: 22.65pt;\">\n<p style=\"margin: 0pt; text-align: left;\">kod<\/p>\n<p style=\"margin: 0pt; text-align: center;\">996.001<\/p>\n<\/tr>\n<p>\u00a0 \u00a0 \u00a0 \u00a0<\/p>\n","protected":false},"excerpt":{"rendered":"<p>\u00a0 RUPES 996.001 Talerz roboczy przeznaczony do Rupes iBrid Nano Short Neck i Long Neck. Mi\u0119kka wewn\u0119trzna warstwa pianki zapewnia \u0142atwiejsze i wygodniejsze polerowanie. Ma\u0142y rozmiar tarczy pozwoli na polerowanie trudno dost\u0119pnych miejsc. \u00a0 \u015brednica [mm] 50 rodzaj rzep typ maszyny polerka przeznaczona dla modeli urz\u0105dze\u0144 HR 81M\/HR 81ML kod 996.001 \u00a0 \u00a0 \u00a0 \u00a0<\/p>\n","protected":false},"featured_media":1845104,"comment_status":"open","ping_status":"open","template":"","meta":{"neve_meta_sidebar":"","neve_meta_container":"","neve_meta_enable_content_width":"","neve_meta_content_width":0,"neve_meta_title_alignment":"","neve_meta_author_avatar":"","neve_post_elements_order":"","neve_meta_disable_header":"","neve_meta_disable_footer":"","neve_meta_disable_title":"","_themeisle_gutenberg_block_has_review":false},"product_brand":[],"product_cat":[733],"product_tag":[354],"class_list":{"0":"post-1800650","1":"product","2":"type-product","3":"status-publish","4":"has-post-thumbnail","6":"product_cat-na-zewnatrz","7":"product_tag-rupes","9":"first","10":"instock","11":"taxable","12":"shipping-taxable","13":"purchasable","14":"product-type-simple"},"_links":{"self":[{"href":"https:\/\/liquidmaster.pl\/en\/wp-json\/wp\/v2\/product\/1800650","targetHints":{"allow":["GET"]}}],"collection":[{"href":"https:\/\/liquidmaster.pl\/en\/wp-json\/wp\/v2\/product"}],"about":[{"href":"https:\/\/liquidmaster.pl\/en\/wp-json\/wp\/v2\/types\/product"}],"replies":[{"embeddable":true,"href":"https:\/\/liquidmaster.pl\/en\/wp-json\/wp\/v2\/comments?post=1800650"}],"wp:featuredmedia":[{"embeddable":true,"href":"https:\/\/liquidmaster.pl\/en\/wp-json\/wp\/v2\/media\/1845104"}],"wp:attachment":[{"href":"https:\/\/liquidmaster.pl\/en\/wp-json\/wp\/v2\/media?parent=1800650"}],"wp:term":[{"taxonomy":"product_brand","embeddable":true,"href":"https:\/\/liquidmaster.pl\/en\/wp-json\/wp\/v2\/product_brand?post=1800650"},{"taxonomy":"product_cat","embeddable":true,"href":"https:\/\/liquidmaster.pl\/en\/wp-json\/wp\/v2\/product_cat?post=1800650"},{"taxonomy":"product_tag","embeddable":true,"href":"https:\/\/liquidmaster.pl\/en\/wp-json\/wp\/v2\/product_tag?post=1800650"}],"curies":[{"name":"wp","href":"https:\/\/api.w.org\/{rel}","templated":true}]}}