{"id":1800561,"date":"2025-03-27T21:06:26","date_gmt":"2025-03-27T19:06:26","guid":{"rendered":"https:\/\/liquidmaster.pl\/rupes-t-shirt-big-foot-academy-rozm-xxl\/"},"modified":"2026-04-18T04:14:41","modified_gmt":"2026-04-18T02:14:41","slug":"rupes-t-shirt-big-foot-academy-rozm-xxl","status":"publish","type":"product","link":"https:\/\/liquidmaster.pl\/en\/rupes-t-shirt-big-foot-academy-rozm-xxl\/","title":{"rendered":"Rupes T-shirt Big Foot Academy rozm. XXL"},"content":{"rendered":"<p style=\"margin: 0pt; text-align: justify;\">BigFoot Academy T-shirt<\/p>\n<p style=\"margin: 0pt; text-align: justify;\">The official Big Foot Training Academy t-shirt! Made from exceptionally high-quality cotton with a design exclusive to RUPES, this t-shirt is the t-shirt worn by the international RUPES coaching team. The polo shirt features the red RUPES logo on the left chest and the BigFoot Detailing Academy logo on the right, embroidered details on the back, and the Skorpio and Cyclo logos on the sleeves. <\/p>\n<p style=\"margin: 0pt; text-align: justify;\">\u00a0<\/p>\n<p style=\"margin: 0pt; text-align: justify;\">\u00a0<\/p>","protected":false},"excerpt":{"rendered":"<p>T-shirt BigFoot Academy Oficjalna koszulka Big Foot Training Akademy! Wykonana z wyj\u0105tkowo wysokiej jako\u015bci bawe\u0142ny koszulka o wzorze zastrze\u017conym dla RUPES jest koszulk\u0105 u\u017cywan\u0105 przez mi\u0119dzynarodowy zesp\u00f3\u0142 trener\u00f3w RUPES. Koszulka polo posiada czerwony znak firmy RUPES na lewej stronie klatki piersiowej oraz logo BigFoot Detailing Academy po prawej stronie, wyszywane detale na plecach jak r\u00f3wnie\u017c&hellip;&nbsp;<a href=\"https:\/\/liquidmaster.pl\/en\/rupes-t-shirt-big-foot-academy-rozm-xxl\/\" rel=\"bookmark\">Read More \u00bb<span class=\"screen-reader-text\">Rupes T-shirt Big Foot Academy rozm. XXL<\/span><\/a><\/p>","protected":false},"featured_media":1845004,"comment_status":"open","ping_status":"open","template":"","meta":{"neve_meta_sidebar":"","neve_meta_container":"","neve_meta_enable_content_width":"","neve_meta_content_width":0,"neve_meta_title_alignment":"","neve_meta_author_avatar":"","neve_post_elements_order":"","neve_meta_disable_header":"","neve_meta_disable_footer":"","neve_meta_disable_title":"","_themeisle_gutenberg_block_has_review":false},"product_brand":[],"product_cat":[757],"product_tag":[354],"class_list":{"0":"post-1800561","1":"product","2":"type-product","3":"status-publish","4":"has-post-thumbnail","6":"product_cat-akcesoria","7":"product_tag-rupes","9":"first","10":"outofstock","11":"taxable","12":"shipping-taxable","13":"purchasable","14":"product-type-simple"},"_links":{"self":[{"href":"https:\/\/liquidmaster.pl\/en\/wp-json\/wp\/v2\/product\/1800561","targetHints":{"allow":["GET"]}}],"collection":[{"href":"https:\/\/liquidmaster.pl\/en\/wp-json\/wp\/v2\/product"}],"about":[{"href":"https:\/\/liquidmaster.pl\/en\/wp-json\/wp\/v2\/types\/product"}],"replies":[{"embeddable":true,"href":"https:\/\/liquidmaster.pl\/en\/wp-json\/wp\/v2\/comments?post=1800561"}],"wp:featuredmedia":[{"embeddable":true,"href":"https:\/\/liquidmaster.pl\/en\/wp-json\/wp\/v2\/media\/1845004"}],"wp:attachment":[{"href":"https:\/\/liquidmaster.pl\/en\/wp-json\/wp\/v2\/media?parent=1800561"}],"wp:term":[{"taxonomy":"product_brand","embeddable":true,"href":"https:\/\/liquidmaster.pl\/en\/wp-json\/wp\/v2\/product_brand?post=1800561"},{"taxonomy":"product_cat","embeddable":true,"href":"https:\/\/liquidmaster.pl\/en\/wp-json\/wp\/v2\/product_cat?post=1800561"},{"taxonomy":"product_tag","embeddable":true,"href":"https:\/\/liquidmaster.pl\/en\/wp-json\/wp\/v2\/product_tag?post=1800561"}],"curies":[{"name":"wp","href":"https:\/\/api.w.org\/{rel}","templated":true}]}}