{"id":1800543,"date":"2025-03-27T21:05:25","date_gmt":"2025-03-27T19:05:25","guid":{"rendered":"https:\/\/liquidmaster.pl\/collinite-915-carnauba-paste-wax-355g-wosk-z-zawartoscia-carnauby\/"},"modified":"2026-04-18T04:14:38","modified_gmt":"2026-04-18T02:14:38","slug":"collinite-915-carnauba-paste-wax-355g-wosk-z-zawartoscia-carnauby","status":"publish","type":"product","link":"https:\/\/liquidmaster.pl\/en\/collinite-915-carnauba-paste-wax-355g-wosk-z-zawartoscia-carnauby\/","title":{"rendered":"Collinite 915 Carnauba Paste Wax 355g \u2013 wax with carnauba"},"content":{"rendered":"<p>For ultimate durability, Marque d&#039;Elegance is a must-have! Car enthusiasts demand a wax that delivers proven protection in the harshest conditions, rain or shine, on the road or in the city. They&#039;ve found that Collinite Marque d&#039;Elegance gives their automotive investments a dazzling, lasting shine thanks to a wax formula with the highest concentration of pure carnauba waxes to date. The complete absence of abrasive particles means all Collinite waxes are completely safe for clearcoat use.<\/p>\n<p>Usage:<\/p>\n<li>COLLINITE Marque D&#039;Elegance is intended for manual application.<\/li>\n<li>For best results, apply a thin layer using a foam applicator on previously cleaned varnish.<\/li>\n<li>Leave to dry for 5-10 minutes.<\/li>\n<li>Polish with a microfiber towel.<\/li>\n<p>\u00a0<\/p>","protected":false},"excerpt":{"rendered":"<p>Dla najlepszej wytrzyma\u0142o\u015bci. Marque d&#8217;Elegance jest produktem kt\u00f3ry nale\u017cy posiada\u0107! Entuzja\u015bci samochodowi wymagaj\u0105 wosku, kt\u00f3ry dostarcza udokumentowanej ochrony w najbardziej niesprzyjaj\u0105cych warunkach, w deszczu lub s\u0142o\u0144cu, na trasie i w mie\u015bcie. Odkryli oni, \u017ce Collinite Marque d&#8217;Elegance dodaje ich motoryzacyjnym inwestycjom o\u015blepiaj\u0105cego, trwa\u0142ego blasku b\u0119d\u0105cego efektem formu\u0142y wosku o najwi\u0119kszej dotychczas koncentracji czystych wosk\u00f3w Carnauba.&hellip;&nbsp;<a href=\"https:\/\/liquidmaster.pl\/en\/collinite-915-carnauba-paste-wax-355g-wosk-z-zawartoscia-carnauby\/\" rel=\"bookmark\">Read More \u00bb<span class=\"screen-reader-text\">Collinite 915 Carnauba Paste Wax 355g \u2013 wax with carnauba<\/span><\/a><\/p>","protected":false},"featured_media":1844980,"comment_status":"open","ping_status":"open","template":"","meta":{"neve_meta_sidebar":"","neve_meta_container":"","neve_meta_enable_content_width":"","neve_meta_content_width":0,"neve_meta_title_alignment":"","neve_meta_author_avatar":"","neve_post_elements_order":"","neve_meta_disable_header":"","neve_meta_disable_footer":"","neve_meta_disable_title":"","_themeisle_gutenberg_block_has_review":false},"product_brand":[],"product_cat":[733,766,788],"product_tag":[282],"class_list":{"0":"post-1800543","1":"product","2":"type-product","3":"status-publish","4":"has-post-thumbnail","6":"product_cat-na-zewnatrz","7":"product_cat-ochrona-lakieru","8":"product_cat-woski","9":"product_tag-collinite","11":"first","12":"instock","13":"taxable","14":"shipping-taxable","15":"purchasable","16":"product-type-simple"},"_links":{"self":[{"href":"https:\/\/liquidmaster.pl\/en\/wp-json\/wp\/v2\/product\/1800543","targetHints":{"allow":["GET"]}}],"collection":[{"href":"https:\/\/liquidmaster.pl\/en\/wp-json\/wp\/v2\/product"}],"about":[{"href":"https:\/\/liquidmaster.pl\/en\/wp-json\/wp\/v2\/types\/product"}],"replies":[{"embeddable":true,"href":"https:\/\/liquidmaster.pl\/en\/wp-json\/wp\/v2\/comments?post=1800543"}],"wp:featuredmedia":[{"embeddable":true,"href":"https:\/\/liquidmaster.pl\/en\/wp-json\/wp\/v2\/media\/1844980"}],"wp:attachment":[{"href":"https:\/\/liquidmaster.pl\/en\/wp-json\/wp\/v2\/media?parent=1800543"}],"wp:term":[{"taxonomy":"product_brand","embeddable":true,"href":"https:\/\/liquidmaster.pl\/en\/wp-json\/wp\/v2\/product_brand?post=1800543"},{"taxonomy":"product_cat","embeddable":true,"href":"https:\/\/liquidmaster.pl\/en\/wp-json\/wp\/v2\/product_cat?post=1800543"},{"taxonomy":"product_tag","embeddable":true,"href":"https:\/\/liquidmaster.pl\/en\/wp-json\/wp\/v2\/product_tag?post=1800543"}],"curies":[{"name":"wp","href":"https:\/\/api.w.org\/{rel}","templated":true}]}}