{"id":1800521,"date":"2025-03-27T21:03:55","date_gmt":"2025-03-27T19:03:55","guid":{"rendered":"https:\/\/liquidmaster.pl\/carpro-so2pure-2-0-odor-eliminator-120ml-produkt-do-usuwania-nieprzyjemnych-zapachow\/"},"modified":"2026-04-18T04:14:32","modified_gmt":"2026-04-18T02:14:32","slug":"carpro-so2pure-2-0-odor-eliminator-120ml-produkt-do-usuwania-nieprzyjemnych-zapachow","status":"publish","type":"product","link":"https:\/\/liquidmaster.pl\/en\/carpro-so2pure-20-odor-eliminator-120ml-produkt-do-usuwania-nieprzyjemnych-zapachow\/","title":{"rendered":"CarPro So2Pure 2.0 Odor Eliminator 120ml \u2013 a product for removing unpleasant odors"},"content":{"rendered":"<p>CarPro So2Pure 2.0 is an evolution of the photocatalytic coating for removing unpleasant odors from car interiors, based on the latest TiO2 technology. It activates when exposed to light and effectively eliminates even the strongest odors and pollutants. It leaves behind a pleasant jasmine scent.<\/p>\n<p>So2Pure 2.0 coating is now even more effective, lasts longer and can be used on any surface in the car interior and even in the home.<\/p>\n<p>The most important features:<\/p>\n<ul>\n<li>Eliminates microbes, mold, nicotine, animal and chemical odors.,<\/li>\n<li>Designed for use on any surface,<\/li>\n<li>Pleasant jasmine scent.<\/li>\n<\/ul>\n<p>Usage:<\/p>\n<p>Soft surfaces (fabric seats, carpets, headliners, etc.):<\/p>\n<ul>\n<li>Clean the surface thoroughly.<\/li>\n<li>Shake the bottle of product.<\/li>\n<li>Apply evenly using a sprayer to the surface to be protected and leave to dry in the sun.<\/li>\n<\/ul>\n<p>Hard surfaces (leather seats, dashboard, etc.):<\/p>\n<ul>\n<li>Clean the surface thoroughly.<\/li>\n<li>Shake the bottle of product.<\/li>\n<li>Apply using a sprayer to the surface to be protected and leave to dry at room temperature.<\/li>\n<li>Wipe away any residue to avoid uneven surface finish.<\/li>\n<li>Expose the surface to sunlight to activate the coating.<\/li>\n<\/ul>\n<p>Capacity: 120 ml<\/p>","protected":false},"excerpt":{"rendered":"<p>CarPro So2Pure 2.0 \u2013 to ewolucja fotokatalitycznej pow\u0142oki do usuwania nieprzyjemnych zapach\u00f3w z wn\u0119trza samochodu, kt\u00f3ra bazuje na najnowszej technologii TiO2. Aktywuje si\u0119 pod wp\u0142ywem \u015bwiat\u0142a i skutecznie eliminuje nawet najsilniejsze zapachy i zanieczyszczenia. Pozostawia przyjemny zapach ja\u015bminu. Pow\u0142oka So2Pure 2.0 jest teraz jeszcze bardziej skuteczna, wystarcza na d\u0142u\u017cej i mo\u017ce by\u0107 stosowana na ka\u017cdej&hellip;&nbsp;<a href=\"https:\/\/liquidmaster.pl\/en\/carpro-so2pure-20-odor-eliminator-120ml-produkt-do-usuwania-nieprzyjemnych-zapachow\/\" rel=\"bookmark\">Read More \u00bb<span class=\"screen-reader-text\">CarPro So2Pure 2.0 Odor Eliminator 120ml \u2013 a product for removing unpleasant odors<\/span><\/a><\/p>","protected":false},"featured_media":1844944,"comment_status":"open","ping_status":"open","template":"","meta":{"neve_meta_sidebar":"","neve_meta_container":"","neve_meta_enable_content_width":"","neve_meta_content_width":0,"neve_meta_title_alignment":"","neve_meta_author_avatar":"","neve_post_elements_order":"","neve_meta_disable_header":"","neve_meta_disable_footer":"","neve_meta_disable_title":"","_themeisle_gutenberg_block_has_review":false},"product_brand":[],"product_cat":[810,801,768],"product_tag":[275],"class_list":{"0":"post-1800521","1":"product","2":"type-product","3":"status-publish","4":"has-post-thumbnail","6":"product_cat-neutralizatory-zapachow","7":"product_cat-odswiezacze-powietrza","8":"product_cat-wnetrze-auta","9":"product_tag-carpro","11":"first","12":"instock","13":"taxable","14":"shipping-taxable","15":"purchasable","16":"product-type-simple"},"_links":{"self":[{"href":"https:\/\/liquidmaster.pl\/en\/wp-json\/wp\/v2\/product\/1800521","targetHints":{"allow":["GET"]}}],"collection":[{"href":"https:\/\/liquidmaster.pl\/en\/wp-json\/wp\/v2\/product"}],"about":[{"href":"https:\/\/liquidmaster.pl\/en\/wp-json\/wp\/v2\/types\/product"}],"replies":[{"embeddable":true,"href":"https:\/\/liquidmaster.pl\/en\/wp-json\/wp\/v2\/comments?post=1800521"}],"wp:featuredmedia":[{"embeddable":true,"href":"https:\/\/liquidmaster.pl\/en\/wp-json\/wp\/v2\/media\/1844944"}],"wp:attachment":[{"href":"https:\/\/liquidmaster.pl\/en\/wp-json\/wp\/v2\/media?parent=1800521"}],"wp:term":[{"taxonomy":"product_brand","embeddable":true,"href":"https:\/\/liquidmaster.pl\/en\/wp-json\/wp\/v2\/product_brand?post=1800521"},{"taxonomy":"product_cat","embeddable":true,"href":"https:\/\/liquidmaster.pl\/en\/wp-json\/wp\/v2\/product_cat?post=1800521"},{"taxonomy":"product_tag","embeddable":true,"href":"https:\/\/liquidmaster.pl\/en\/wp-json\/wp\/v2\/product_tag?post=1800521"}],"curies":[{"name":"wp","href":"https:\/\/api.w.org\/{rel}","templated":true}]}}