{"id":1800485,"date":"2025-03-27T21:02:00","date_gmt":"2025-03-27T19:02:00","guid":{"rendered":"https:\/\/liquidmaster.pl\/carpro-c-quartz-dlux-kit-30ml-zestaw-powloka-ceramiczna-do-zabezpieczania-plastikow-i-felg\/"},"modified":"2026-04-19T02:59:24","modified_gmt":"2026-04-19T00:59:24","slug":"carpro-c-quartz-dlux-kit-30ml-zestaw-powloka-ceramiczna-do-zabezpieczania-plastikow-i-felg","status":"publish","type":"product","link":"https:\/\/liquidmaster.pl\/en\/carpro-cquartz-dlux-kit-30ml-zestaw-powloka-ceramiczna-do-zabezpieczania-plastikow-i-felg\/","title":{"rendered":"CarPro C.Quartz Dlux Kit 30ml - set, ceramic coating to protect plastics and rims"},"content":{"rendered":"<p>CarPro C.Quartz Dlux \u2013 a product dedicated to protecting plastics and rims. It is based on a well-known and proven quartz coating - it contains as much as 50% of quartz, but thanks to the changed formula it achieves great results on completely different surfaces. Perfect for unpainted bumpers, it provides durability unmatched by Perl.<\/p>\n<p>The application is very similar to C.Quartz applied to varnish.<\/p>\n<li>The surface must be very clean and very well degreased.<\/li>\n<li>Apply the preparation to the surface using the attached applicator.<\/li>\n<li>After 10-30 minutes, wipe off the excess product.<\/li>\n<li>The car can be used after 3 hours, but the coating becomes fully durable after 24 hours.<\/li>\n<p>Refreshes faded plastics, giving them a new look. Without a doubt, this is the most technologically advanced method of securing plastics available on the market!<\/p>\n<p>Capacity: 30 ml<\/p>","protected":false},"excerpt":{"rendered":"<p>CarPro C.Quartz Dlux \u2013 to produkt dedykowany do zabezpieczenia tworzyw i felg. Bazuje na dobrze znanej i sprawdzonej pow\u0142oce kwarcowej \u2013 zawiera w sobie a\u017c 50% kwarcu, jednak dzi\u0119ki zmienionej formule uzyskuje \u015bwietne rezultaty na zupe\u0142nie innych powierzchniach. Idealny na nielakierowane zderzaki, zapewnia trwa\u0142o\u015b\u0107 niepor\u00f3wnywaln\u0105 z Perl. Aplikacja bardzo podobna do C.Quartz nak\u0142adanego na lakier.&hellip;&nbsp;<a href=\"https:\/\/liquidmaster.pl\/en\/carpro-cquartz-dlux-kit-30ml-zestaw-powloka-ceramiczna-do-zabezpieczania-plastikow-i-felg\/\" rel=\"bookmark\">Read More \u00bb<span class=\"screen-reader-text\">CarPro C.Quartz Dlux Kit 30ml - set, ceramic coating to protect plastics and rims<\/span><\/a><\/p>","protected":false},"featured_media":1844889,"comment_status":"open","ping_status":"open","template":"","meta":{"neve_meta_sidebar":"","neve_meta_container":"","neve_meta_enable_content_width":"","neve_meta_content_width":0,"neve_meta_title_alignment":"","neve_meta_author_avatar":"","neve_post_elements_order":"","neve_meta_disable_header":"","neve_meta_disable_footer":"","neve_meta_disable_title":"","_themeisle_gutenberg_block_has_review":false},"product_brand":[],"product_cat":[745,733,776],"product_tag":[275],"class_list":{"0":"post-1800485","1":"product","2":"type-product","3":"status-publish","4":"has-post-thumbnail","6":"product_cat-kola-i-opony","7":"product_cat-na-zewnatrz","8":"product_cat-zabezpieczanie-felg","9":"product_tag-carpro","11":"first","12":"instock","13":"taxable","14":"shipping-taxable","15":"purchasable","16":"product-type-simple"},"_links":{"self":[{"href":"https:\/\/liquidmaster.pl\/en\/wp-json\/wp\/v2\/product\/1800485","targetHints":{"allow":["GET"]}}],"collection":[{"href":"https:\/\/liquidmaster.pl\/en\/wp-json\/wp\/v2\/product"}],"about":[{"href":"https:\/\/liquidmaster.pl\/en\/wp-json\/wp\/v2\/types\/product"}],"replies":[{"embeddable":true,"href":"https:\/\/liquidmaster.pl\/en\/wp-json\/wp\/v2\/comments?post=1800485"}],"wp:featuredmedia":[{"embeddable":true,"href":"https:\/\/liquidmaster.pl\/en\/wp-json\/wp\/v2\/media\/1844889"}],"wp:attachment":[{"href":"https:\/\/liquidmaster.pl\/en\/wp-json\/wp\/v2\/media?parent=1800485"}],"wp:term":[{"taxonomy":"product_brand","embeddable":true,"href":"https:\/\/liquidmaster.pl\/en\/wp-json\/wp\/v2\/product_brand?post=1800485"},{"taxonomy":"product_cat","embeddable":true,"href":"https:\/\/liquidmaster.pl\/en\/wp-json\/wp\/v2\/product_cat?post=1800485"},{"taxonomy":"product_tag","embeddable":true,"href":"https:\/\/liquidmaster.pl\/en\/wp-json\/wp\/v2\/product_tag?post=1800485"}],"curies":[{"name":"wp","href":"https:\/\/api.w.org\/{rel}","templated":true}]}}