{"id":1800469,"date":"2025-03-27T21:01:00","date_gmt":"2025-03-27T19:01:00","guid":{"rendered":"https:\/\/liquidmaster.pl\/carpro-c-quartz-uk-3-0-10ml-powloka-ceramiczna\/"},"modified":"2026-04-18T04:14:20","modified_gmt":"2026-04-18T02:14:20","slug":"carpro-c-quartz-uk-3-0-10ml-powloka-ceramiczna","status":"publish","type":"product","link":"https:\/\/liquidmaster.pl\/en\/carpro-cquartz-uk-30-10ml-powloka-ceramiczna\/","title":{"rendered":"CarPro C.Quartz UK 3.0 10ml - ceramic coating"},"content":{"rendered":"<p>Carpro C.Quartz UK Edition 3.0 \u2013 a stylish and durable ceramic coating<\/p>\n<p>CarPro C.Quartz UK Edition 3.0 is the latest generation of ceramic coatings from CarPro, representing another major step in the evolution of the company&#039;s offering. This latest version focuses on improved gloss and enhanced water and chemical resistance. Furthermore, resistance to road salt and chemicals across a wide pH range (3-14) has been improved. This new CarPro C.Quartz coating variant also provides UV protection.<\/p>\n<p>C.Quartz \u2013 new formula<\/p>\n<p>The formula has been modified to make application even easier, regardless of weather conditions. The product&#039;s durability has also been improved \u2013 CarPro UK 3.0 lasts on the vehicle&#039;s surface for 18 to 24 months, making it ideal for those seeking long-term car protection.<\/p>\n<p>Technical data:<\/p>\n<ul>\n<li>the product in 70% consists of quartz with a purity of 99.9%,<\/li>\n<li>the cover works in both warm and cold climate zones,<\/li>\n<li>it is easy to apply,<\/li>\n<li>is resistant to acids and alkalis with a pH value of 3 to 14,<\/li>\n<li>the coating is salt resistant,<\/li>\n<li>CarPro brand product prevents rust formation.<\/li>\n<\/ul>\n<p>Additional information;<\/p>\n<ul>\n<li>the coating can be applied with an applicator or a soft polishing pad,<\/li>\n<li>the ceramic coating can be polished immediately after application,<\/li>\n<li>the set also includes a special microfiber for applying the coating (2 pcs.),<\/li>\n<li>the preparation maintains its properties for 18 to 24 months,<\/li>\n<li>product capacity: 10 ml.<\/li>\n<\/ul>\n<p>CarPro C.Quartz \u2013 application method<\/p>\n<p>The product can be applied at temperatures ranging from 3 to 40\u00b0C. Start with the roof, working towards the front of the car. The next step is to evenly distribute the ceramic coating along the sides of the vehicle, moving the applicator upwards. Apply the product to the rear of the car in a similar manner. Thanks to the included microfiber, anyone can apply the CarPro coating. However, there are a few things to keep in mind:<\/p>\n<ul>\n<li>Before applying the coating, wash and dry the car thoroughly,<\/li>\n<li>CarPro C.Quartz ceramic coating should be applied slowly and according to the manufacturer&#039;s recommendations.<\/li>\n<\/ul>\n<p>CQuartz UK Edition 3.0 \u2013 this is the next evolution in the field of quartz coatings. The latest version improves gloss, water retention and chemical resistance. In short, the product has been improved in every possible way. Resistance to accumulated road salt and chemicals with a pH of 3-14 has also been increased. It also provides protection against UV radiation.<\/p>\n<p>The product is now easier to apply at temperatures from 3\u00b0C to 40\u00b0C and in humid climate zones. The classic CQuartz UK application has been retained, the coating can be rubbed in immediately or left for a few minutes. It does not leave a sticky surface and is extremely easy to reach. It is the perfect solution for detailing enthusiasts or professional detailers.<\/p>\n<p>It ensures durability of 18-24 months.<\/p>\n<p>The most important features:<\/p>\n<ul>\n<li>Contains 70% SiO2 (quartz) with a purity of 99.9%<\/li>\n<li>It works great in cold or warm climate zones<\/li>\n<li>Easy to reach<\/li>\n<li>Chemical resistance to acids and bases (pH 3-14)<\/li>\n<li>Salt resistance<\/li>\n<\/ul>\n<p>Set contains:<\/p>\n<ul>\n<li>CarPro CQuartz UK 3.0 coating \u2013 10 ml<\/li>\n<li>Microsuede microfiber for coating application 10 x 10 cm \u2013 2 pcs.<\/li>\n<\/ul>\n<p>Capacity: 10 ml<\/p>\n<p>\u00a0<\/p>","protected":false},"excerpt":{"rendered":"<p>Carpro C.Quartz UK Edition 3.0 \u2013 stylowa i wytrzyma\u0142a pow\u0142oka ceramiczna CarPro C.Quartz UK Edition 3.0. to najnowsza generacja ceramiki od CarPro, reprezentuj\u0105ca kolejny du\u017cy krok w ewolucji oferty firmy. W najnowszej wersji skupiono si\u0119 na poprawie po\u0142ysku oraz podniesieniu poziomu odporno\u015bci na wod\u0119 i chemikalia. Ponadto zwi\u0119kszono tak\u017ce odporno\u015b\u0107 na s\u00f3l drogow\u0105 i \u015brodki&hellip;&nbsp;<a href=\"https:\/\/liquidmaster.pl\/en\/carpro-cquartz-uk-30-10ml-powloka-ceramiczna\/\" rel=\"bookmark\">Read More \u00bb<span class=\"screen-reader-text\">CarPro C.Quartz UK 3.0 10ml - ceramic coating<\/span><\/a><\/p>","protected":false},"featured_media":1844865,"comment_status":"open","ping_status":"open","template":"","meta":{"neve_meta_sidebar":"","neve_meta_container":"","neve_meta_enable_content_width":"","neve_meta_content_width":0,"neve_meta_title_alignment":"","neve_meta_author_avatar":"","neve_post_elements_order":"","neve_meta_disable_header":"","neve_meta_disable_footer":"","neve_meta_disable_title":"","_themeisle_gutenberg_block_has_review":false},"product_brand":[],"product_cat":[733,766,775],"product_tag":[275],"class_list":{"0":"post-1800469","1":"product","2":"type-product","3":"status-publish","4":"has-post-thumbnail","6":"product_cat-na-zewnatrz","7":"product_cat-ochrona-lakieru","8":"product_cat-powloki-ceramiczne","9":"product_tag-carpro","11":"first","12":"instock","13":"taxable","14":"shipping-taxable","15":"purchasable","16":"product-type-simple"},"_links":{"self":[{"href":"https:\/\/liquidmaster.pl\/en\/wp-json\/wp\/v2\/product\/1800469","targetHints":{"allow":["GET"]}}],"collection":[{"href":"https:\/\/liquidmaster.pl\/en\/wp-json\/wp\/v2\/product"}],"about":[{"href":"https:\/\/liquidmaster.pl\/en\/wp-json\/wp\/v2\/types\/product"}],"replies":[{"embeddable":true,"href":"https:\/\/liquidmaster.pl\/en\/wp-json\/wp\/v2\/comments?post=1800469"}],"wp:featuredmedia":[{"embeddable":true,"href":"https:\/\/liquidmaster.pl\/en\/wp-json\/wp\/v2\/media\/1844865"}],"wp:attachment":[{"href":"https:\/\/liquidmaster.pl\/en\/wp-json\/wp\/v2\/media?parent=1800469"}],"wp:term":[{"taxonomy":"product_brand","embeddable":true,"href":"https:\/\/liquidmaster.pl\/en\/wp-json\/wp\/v2\/product_brand?post=1800469"},{"taxonomy":"product_cat","embeddable":true,"href":"https:\/\/liquidmaster.pl\/en\/wp-json\/wp\/v2\/product_cat?post=1800469"},{"taxonomy":"product_tag","embeddable":true,"href":"https:\/\/liquidmaster.pl\/en\/wp-json\/wp\/v2\/product_tag?post=1800469"}],"curies":[{"name":"wp","href":"https:\/\/api.w.org\/{rel}","templated":true}]}}