{"id":1800449,"date":"2025-03-27T20:59:32","date_gmt":"2025-03-27T18:59:32","guid":{"rendered":"https:\/\/liquidmaster.pl\/optimum-power-clean-38l\/"},"modified":"2026-04-21T07:50:56","modified_gmt":"2026-04-21T05:50:56","slug":"optimum-power-clean-38l","status":"publish","type":"product","link":"https:\/\/liquidmaster.pl\/en\/optimum-power-clean-38l\/","title":{"rendered":"Optimum Power Clean 3.8L"},"content":{"rendered":"<p>Optimum Power Clean \u2013 Your reliable ally in car cleaning<\/p>\n<p>Optimum Power Clean is a top-class cleaning product designed to safely and effectively remove dirt from cars. Using Power Clean is a guarantee of a perfectly clean car. The product excels at removing dirt and dust from various parts of the car. It can be successfully used to remove dead insects from the bodywork or windows, old brake fluid, street grime, and greasy grease. The versatility of Optimum Power Clean is ideal for a variety of applications, ensuring excellent and completely satisfactory results. Furthermore, Optimum Power Clean is environmentally friendly. Its concentrated formula easily removes dirt and grime without posing a threat to us or the environment.<\/p>\n<p>Optimum Power Clean \u2013 use and dilution method<\/p>\n<p>Using Power Clean is incredibly easy. The product should first be diluted with water in the proportions recommended by the manufacturer. When cleaning interiors, including leather or velour surfaces, clean them gently, mixing the product with water in a 1:10 ratio. After cleaning the interior, wipe the cleaned parts with a damp microfiber cloth.<\/p>\n<p>Power Clean from Optimum is also suitable for cleaning plastics and metal. Its gentle formula ensures the safety of all surfaces on which it is used. Below are examples of Power Clean to water ratios, depending on the type of dirt and surface being cleaned:<\/p>\n<ul>\n<li>1:5 for washing off dried insects;<\/li>\n<li>1:3, when we want to wash the rims;<\/li>\n<li>1:10\u20131:30 for vehicle interior;<\/li>\n<li>1:5 for cleaning polishing pads;<\/li>\n<li>1:3 for washing regular upholstery.<\/li>\n<\/ul>\n<p>Additional information:<\/p>\n<ul>\n<li>do not use the product in the sun or on a hot surface;<\/li>\n<li>wash the preparation after each use with a damp microfiber cloth;<\/li>\n<li>capacity: 3.8 l.<\/li>\n<\/ul>\n<p>Optimum Power Clean or all purpose cleaner. Multi-purpose, alkaline cleaner for a variety of surfaces. Taking another APC for testing, we never expect anything special. These are mainly differences in cleaning power and more or less irritating smell.<\/p>\n<p>Power Clean surprised us very positively. The product coped very well with dirt in the engine compartment, door recesses, wheel arches, rims and even on rubber surfaces, in particular tires. Its power is so great that in most cases it can even handle contactless. We also liked Power Clean when cleaning the pads. It is worth spraying it on the pads before cleaning in a pad washer or before washing, in order to thoroughly remove the spoil after polishing.<\/p>\n<p>Capacity: 3.8L<\/p>","protected":false},"excerpt":{"rendered":"<p>Optimum Power Clean \u2013 Tw\u00f3j niezawodny sojusznik w czyszczeniu auta Power Clean marki Optimum to najwy\u017cszej klasy \u015brodek czyszcz\u0105cy, stworzony z my\u015bl\u0105 o bezpiecznym i skutecznym usuwaniu zabrudze\u0144 z samochodu. Korzystanie ze \u015brodka power clean to gwarancja idealnie wyczyszczonego auta. Produkt radzi sobie doskonale z usuwaniem zanieczyszcze\u0144 i py\u0142u z r\u00f3\u017cnych cz\u0119\u015bci samochodu. Z powodzeniem&hellip;&nbsp;<a href=\"https:\/\/liquidmaster.pl\/en\/optimum-power-clean-38l\/\" rel=\"bookmark\">Read More \u00bb<span class=\"screen-reader-text\">Optimum Power Clean 3.8L<\/span><\/a><\/p>","protected":false},"featured_media":1844833,"comment_status":"open","ping_status":"open","template":"","meta":{"neve_meta_sidebar":"","neve_meta_container":"","neve_meta_enable_content_width":"","neve_meta_content_width":0,"neve_meta_title_alignment":"","neve_meta_author_avatar":"","neve_post_elements_order":"","neve_meta_disable_header":"","neve_meta_disable_footer":"","neve_meta_disable_title":"","_themeisle_gutenberg_block_has_review":false},"product_brand":[],"product_cat":[742,734,733],"product_tag":[338],"class_list":{"0":"post-1800449","1":"product","2":"type-product","3":"status-publish","4":"has-post-thumbnail","6":"product_cat-apc-mycie-i-osuszanie","7":"product_cat-mycie-i-osuszanie","8":"product_cat-na-zewnatrz","9":"product_tag-optimum","11":"first","12":"instock","13":"taxable","14":"shipping-taxable","15":"purchasable","16":"product-type-simple"},"_links":{"self":[{"href":"https:\/\/liquidmaster.pl\/en\/wp-json\/wp\/v2\/product\/1800449","targetHints":{"allow":["GET"]}}],"collection":[{"href":"https:\/\/liquidmaster.pl\/en\/wp-json\/wp\/v2\/product"}],"about":[{"href":"https:\/\/liquidmaster.pl\/en\/wp-json\/wp\/v2\/types\/product"}],"replies":[{"embeddable":true,"href":"https:\/\/liquidmaster.pl\/en\/wp-json\/wp\/v2\/comments?post=1800449"}],"wp:featuredmedia":[{"embeddable":true,"href":"https:\/\/liquidmaster.pl\/en\/wp-json\/wp\/v2\/media\/1844833"}],"wp:attachment":[{"href":"https:\/\/liquidmaster.pl\/en\/wp-json\/wp\/v2\/media?parent=1800449"}],"wp:term":[{"taxonomy":"product_brand","embeddable":true,"href":"https:\/\/liquidmaster.pl\/en\/wp-json\/wp\/v2\/product_brand?post=1800449"},{"taxonomy":"product_cat","embeddable":true,"href":"https:\/\/liquidmaster.pl\/en\/wp-json\/wp\/v2\/product_cat?post=1800449"},{"taxonomy":"product_tag","embeddable":true,"href":"https:\/\/liquidmaster.pl\/en\/wp-json\/wp\/v2\/product_tag?post=1800449"}],"curies":[{"name":"wp","href":"https:\/\/api.w.org\/{rel}","templated":true}]}}