{"id":1800363,"date":"2025-03-27T20:54:16","date_gmt":"2025-03-27T18:54:16","guid":{"rendered":"https:\/\/liquidmaster.pl\/nexptg-professional-pl-w-walizce-bezprzewodowy-miernik-grubosci-lakieru\/"},"modified":"2026-04-19T02:58:57","modified_gmt":"2026-04-19T00:58:57","slug":"nexptg-professional-pl-w-walizce-bezprzewodowy-miernik-grubosci-lakieru","status":"publish","type":"product","link":"https:\/\/liquidmaster.pl\/en\/nexptg-professional-pl-w-walizce-bezprzewodowy-miernik-grubosci-lakieru\/","title":{"rendered":"NexPTG Professional PL in a case - a wireless varnish thickness gauge"},"content":{"rendered":"<p>Zaawansowana wersja miernika grubo\u015bci lakieru NexPTG. Wersja Professional posiada ruchom\u0105 g\u0142owic\u0119 pozwalaj\u0105ca na precyzyjne pomiary na elementach wkl\u0119s\u0142ych oraz wypuk\u0142ych.<\/p>\n<ul>\n<li>Badanie grubo\u015bci lakieru na pod\u0142o\u017cu: Stal [Fe] \/ Stal ocynkowana [Fe+Zn] \/ Aluminium [Al]<\/li>\n<li>Rozpoznawane rodzaje pod\u0142o\u017ca: [Fe] \/ [Fe+Zn] \/ [Al]<\/li>\n<li>Zakres pomiaru: 0 &#8211; 2500 \u03bcm (0 &#8211; 98,43 mils)<\/li>\n<li>Rozdzielczo\u015b\u0107 pomiaru: 1 \u03bcm (0,04 mils)<\/li>\n<li>Rodzaj sondy\/ Zako\u0144czenie sondy: Ruchoma \/ Kuliste<\/li>\n<li>Mo\u017cliwy pomiar na krzywiznach (profilowana obudowa sondy)<\/li>\n<li>Pami\u0119\u0107 pomiar\u00f3w: do 4000 pozycji<\/li>\n<li>Transmisja bezprzewodowa: Bluetooth 4.0 LE<\/li>\n<li>SAPL Rozszerzony: system analizy pow\u0142oki lakierniczej<\/li>\n<li>Komunikacja API<\/li>\n<li>Sugerowane punkty pomiaru<\/li>\n<li>Tworzenie i eksport historii pomiar\u00f3w oraz raport\u00f3w pomiarowych<\/li>\n<li>Obs\u0142ugiwane systemy: iOS \/ Android<\/li>\n<\/ul>\n","protected":false},"excerpt":{"rendered":"<p>Zaawansowana wersja miernika grubo\u015bci lakieru NexPTG. Wersja Professional posiada ruchom\u0105 g\u0142owic\u0119 pozwalaj\u0105ca na precyzyjne pomiary na elementach wkl\u0119s\u0142ych oraz wypuk\u0142ych. Badanie grubo\u015bci lakieru na pod\u0142o\u017cu: Stal [Fe] \/ Stal ocynkowana [Fe+Zn] \/ Aluminium [Al] Rozpoznawane rodzaje pod\u0142o\u017ca: [Fe] \/ [Fe+Zn] \/ [Al] Zakres pomiaru: 0 &#8211; 2500 \u03bcm (0 &#8211; 98,43 mils) Rozdzielczo\u015b\u0107 pomiaru: 1&hellip;&nbsp;<a href=\"https:\/\/liquidmaster.pl\/en\/nexptg-professional-pl-w-walizce-bezprzewodowy-miernik-grubosci-lakieru\/\" rel=\"bookmark\">Read More &raquo;<span class=\"screen-reader-text\">NexPTG Professional PL w walizce &#8211; bezprzewodowy miernik grubo\u015bci lakieru<\/span><\/a><\/p>\n","protected":false},"featured_media":1844693,"comment_status":"open","ping_status":"open","template":"","meta":{"neve_meta_sidebar":"","neve_meta_container":"","neve_meta_enable_content_width":"","neve_meta_content_width":0,"neve_meta_title_alignment":"","neve_meta_author_avatar":"","neve_post_elements_order":"","neve_meta_disable_header":"","neve_meta_disable_footer":"","neve_meta_disable_title":"","_themeisle_gutenberg_block_has_review":false},"product_brand":[],"product_cat":[749,878,748],"product_tag":[333],"class_list":{"0":"post-1800363","1":"product","2":"type-product","3":"status-publish","4":"has-post-thumbnail","6":"product_cat-akcesoria-polerskie","7":"product_cat-mierniki-lakieru","8":"product_cat-polerowanie","9":"product_tag-nexptg","11":"first","12":"instock","13":"taxable","14":"shipping-taxable","15":"purchasable","16":"product-type-simple"},"_links":{"self":[{"href":"https:\/\/liquidmaster.pl\/en\/wp-json\/wp\/v2\/product\/1800363","targetHints":{"allow":["GET"]}}],"collection":[{"href":"https:\/\/liquidmaster.pl\/en\/wp-json\/wp\/v2\/product"}],"about":[{"href":"https:\/\/liquidmaster.pl\/en\/wp-json\/wp\/v2\/types\/product"}],"replies":[{"embeddable":true,"href":"https:\/\/liquidmaster.pl\/en\/wp-json\/wp\/v2\/comments?post=1800363"}],"wp:featuredmedia":[{"embeddable":true,"href":"https:\/\/liquidmaster.pl\/en\/wp-json\/wp\/v2\/media\/1844693"}],"wp:attachment":[{"href":"https:\/\/liquidmaster.pl\/en\/wp-json\/wp\/v2\/media?parent=1800363"}],"wp:term":[{"taxonomy":"product_brand","embeddable":true,"href":"https:\/\/liquidmaster.pl\/en\/wp-json\/wp\/v2\/product_brand?post=1800363"},{"taxonomy":"product_cat","embeddable":true,"href":"https:\/\/liquidmaster.pl\/en\/wp-json\/wp\/v2\/product_cat?post=1800363"},{"taxonomy":"product_tag","embeddable":true,"href":"https:\/\/liquidmaster.pl\/en\/wp-json\/wp\/v2\/product_tag?post=1800363"}],"curies":[{"name":"wp","href":"https:\/\/api.w.org\/{rel}","templated":true}]}}