{"id":1800203,"date":"2025-03-27T20:44:55","date_gmt":"2025-03-27T18:44:55","guid":{"rendered":"https:\/\/liquidmaster.pl\/benbow-pro-107-black-pneumatyczny-pistolet-czyszczacy-do-odkurzania\/"},"modified":"2026-04-18T04:13:23","modified_gmt":"2026-04-18T02:13:23","slug":"benbow-pro-107-black-pneumatyczny-pistolet-czyszczacy-do-odkurzania","status":"publish","type":"product","link":"https:\/\/liquidmaster.pl\/en\/benbow-pro-000107-black-storm-pneumatyczny-pistolet-czyszczacy-do-odkurzania\/","title":{"rendered":"Benbow PRO 000107 Black Storm \u2013 Pneumatic Cleaning Gun for Vacuuming"},"content":{"rendered":"<p>BenBow PRO Vacuum Gun Black is a pneumatic cleaning gun for vacuuming.<\/p>\n<p>This is a fantastic device that will allow you to thoroughly vacuum the seats and floor in your car. The most powerful vacuum cleaner is not able to remove sand embedded in long-pile carpets. Vacuum Gun uses compressed air to lift the deepest dirt, which is simultaneously extracted by the vacuum cleaner.<\/p>\n<p>Gun Black has a metal hose on a bearing that supplies compressed air, making the device even stronger than the classic version with a plastic hose. The PRO series is the best choice for professionals due to the use of the best materials and precise workmanship.<\/p>\n<p>Vacuum Gun requires connection to a compressor and a vacuum cleaner.<\/p>","protected":false},"excerpt":{"rendered":"<p>BenBow PRO Vacuum Gun Black to pneumatyczny pistolet czyszcz\u0105cy do odkurzania. To fantastyczne urz\u0105dzenie, dzi\u0119ki kt\u00f3remu dok\u0142adnie odkurzycie fotele i pod\u0142og\u0119 w samochodzie. Najmocniejszy odkurzacz nie jest w stanie odci\u0105gn\u0105\u0107 piachu wbitego w wyk\u0142adzin\u0119 z d\u0142ugim w\u0142osem. Vacuum Gun dzi\u0119ki spr\u0119\u017conemu powietrzu podbija najg\u0142\u0119biej osadzone zabrudzenia, kt\u00f3re s\u0105 jednocze\u015bnie odci\u0105gane przez odkurzacz. Gun Black posiada&hellip;&nbsp;<a href=\"https:\/\/liquidmaster.pl\/en\/benbow-pro-000107-black-storm-pneumatyczny-pistolet-czyszczacy-do-odkurzania\/\" rel=\"bookmark\">Read More \u00bb<span class=\"screen-reader-text\">Benbow PRO 000107 Black Storm \u2013 Pneumatic Cleaning Gun for Vacuuming<\/span><\/a><\/p>","protected":false},"featured_media":1844393,"comment_status":"open","ping_status":"open","template":"","meta":{"neve_meta_sidebar":"","neve_meta_container":"","neve_meta_enable_content_width":"","neve_meta_content_width":0,"neve_meta_title_alignment":"","neve_meta_author_avatar":"","neve_post_elements_order":"","neve_meta_disable_header":"","neve_meta_disable_footer":"","neve_meta_disable_title":"","_themeisle_gutenberg_block_has_review":false},"product_brand":[],"product_cat":[757,942,846],"product_tag":[268],"class_list":{"0":"post-1800203","1":"product","2":"type-product","3":"status-publish","4":"has-post-thumbnail","6":"product_cat-akcesoria","7":"product_cat-pneumatyczne-pistolety-czyszczace","8":"product_cat-reszta","9":"product_tag-benbow","11":"first","12":"instock","13":"taxable","14":"shipping-taxable","15":"purchasable","16":"product-type-simple"},"_links":{"self":[{"href":"https:\/\/liquidmaster.pl\/en\/wp-json\/wp\/v2\/product\/1800203","targetHints":{"allow":["GET"]}}],"collection":[{"href":"https:\/\/liquidmaster.pl\/en\/wp-json\/wp\/v2\/product"}],"about":[{"href":"https:\/\/liquidmaster.pl\/en\/wp-json\/wp\/v2\/types\/product"}],"replies":[{"embeddable":true,"href":"https:\/\/liquidmaster.pl\/en\/wp-json\/wp\/v2\/comments?post=1800203"}],"wp:featuredmedia":[{"embeddable":true,"href":"https:\/\/liquidmaster.pl\/en\/wp-json\/wp\/v2\/media\/1844393"}],"wp:attachment":[{"href":"https:\/\/liquidmaster.pl\/en\/wp-json\/wp\/v2\/media?parent=1800203"}],"wp:term":[{"taxonomy":"product_brand","embeddable":true,"href":"https:\/\/liquidmaster.pl\/en\/wp-json\/wp\/v2\/product_brand?post=1800203"},{"taxonomy":"product_cat","embeddable":true,"href":"https:\/\/liquidmaster.pl\/en\/wp-json\/wp\/v2\/product_cat?post=1800203"},{"taxonomy":"product_tag","embeddable":true,"href":"https:\/\/liquidmaster.pl\/en\/wp-json\/wp\/v2\/product_tag?post=1800203"}],"curies":[{"name":"wp","href":"https:\/\/api.w.org\/{rel}","templated":true}]}}