{"id":1800079,"date":"2025-03-27T20:37:48","date_gmt":"2025-03-27T18:37:48","guid":{"rendered":"https:\/\/liquidmaster.pl\/benbow-classic-055-orange-washer-pneumatyczny-pistolet-czyszczacy\/"},"modified":"2026-04-19T02:57:48","modified_gmt":"2026-04-19T00:57:48","slug":"benbow-classic-055-orange-washer-pneumatyczny-pistolet-czyszczacy","status":"publish","type":"product","link":"https:\/\/liquidmaster.pl\/en\/benbow-000055-classic-pneumatyczny-pistolet-czyszczacy\/","title":{"rendered":"Benbow 000055 Classic \u2013 Pneumatic Cleaning Gun"},"content":{"rendered":"<p>A professional interior and exterior cleaning device that combines foaming and upholstery cleaning with water extraction. It operates in two modes \u2013 with or without suction \u2013 depending on the nozzle used.<\/p>\n<ul>\n<li>Effectiveness \u2013 the rotating nozzle with a \u201ctornado\u201d effect effectively removes dirt from the upholstery, creating a foamy cleaning solution and accelerating drying.<\/li>\n<li>Versatile \u2013 ideal for cleaning interiors, plastics, air vents, seats, carpets, mirrors and bodywork.<\/li>\n<li>2 in 1 \u2013 cleaning and washing \u2013 a quick change of the tip allows you to use the washing function with suction or cleaning only.<\/li>\n<li>Complete set \u2013 adapters for most vacuum cleaners, swivel joint and ball valve for precise power adjustment.<\/li>\n<\/ul>\n<p>An indispensable tool in detailing studios and workshops \u2013 it increases work efficiency and improves cleaning quality.<\/p>","protected":false},"excerpt":{"rendered":"<p>Profesjonalne urz\u0105dzenie do czyszczenia wn\u0119trza i karoserii, kt\u00f3re \u0142\u0105czy funkcj\u0119 pianownicy i prania tapicerki z mo\u017cliwo\u015bci\u0105 odci\u0105gu wody. Pracuje w dw\u00f3ch trybach \u2013 z lub bez odsysania \u2013 w zale\u017cno\u015bci od u\u017cytej dyszy. Skuteczno\u015b\u0107 dzia\u0142ania \u2013 wiruj\u0105ca dysza z efektem \u201etornado\u201d skutecznie usuwa zabrudzenia z tapicerki, tworz\u0105c spieniony roztw\u00f3r czyszcz\u0105cy i przyspieszaj\u0105c schni\u0119cie. Wszechstronno\u015b\u0107 \u2013&hellip;&nbsp;<a href=\"https:\/\/liquidmaster.pl\/en\/benbow-000055-classic-pneumatyczny-pistolet-czyszczacy\/\" rel=\"bookmark\">Read More \u00bb<span class=\"screen-reader-text\">Benbow 000055 Classic \u2013 Pneumatic Cleaning Gun<\/span><\/a><\/p>","protected":false},"featured_media":1844161,"comment_status":"open","ping_status":"open","template":"","meta":{"neve_meta_sidebar":"","neve_meta_container":"","neve_meta_enable_content_width":"","neve_meta_content_width":0,"neve_meta_title_alignment":"","neve_meta_author_avatar":"","neve_post_elements_order":"","neve_meta_disable_header":"","neve_meta_disable_footer":"","neve_meta_disable_title":"","_themeisle_gutenberg_block_has_review":false},"product_brand":[],"product_cat":[757,942,846],"product_tag":[268],"class_list":{"0":"post-1800079","1":"product","2":"type-product","3":"status-publish","4":"has-post-thumbnail","6":"product_cat-akcesoria","7":"product_cat-pneumatyczne-pistolety-czyszczace","8":"product_cat-reszta","9":"product_tag-benbow","11":"first","12":"instock","13":"taxable","14":"shipping-taxable","15":"purchasable","16":"product-type-simple"},"_links":{"self":[{"href":"https:\/\/liquidmaster.pl\/en\/wp-json\/wp\/v2\/product\/1800079","targetHints":{"allow":["GET"]}}],"collection":[{"href":"https:\/\/liquidmaster.pl\/en\/wp-json\/wp\/v2\/product"}],"about":[{"href":"https:\/\/liquidmaster.pl\/en\/wp-json\/wp\/v2\/types\/product"}],"replies":[{"embeddable":true,"href":"https:\/\/liquidmaster.pl\/en\/wp-json\/wp\/v2\/comments?post=1800079"}],"wp:featuredmedia":[{"embeddable":true,"href":"https:\/\/liquidmaster.pl\/en\/wp-json\/wp\/v2\/media\/1844161"}],"wp:attachment":[{"href":"https:\/\/liquidmaster.pl\/en\/wp-json\/wp\/v2\/media?parent=1800079"}],"wp:term":[{"taxonomy":"product_brand","embeddable":true,"href":"https:\/\/liquidmaster.pl\/en\/wp-json\/wp\/v2\/product_brand?post=1800079"},{"taxonomy":"product_cat","embeddable":true,"href":"https:\/\/liquidmaster.pl\/en\/wp-json\/wp\/v2\/product_cat?post=1800079"},{"taxonomy":"product_tag","embeddable":true,"href":"https:\/\/liquidmaster.pl\/en\/wp-json\/wp\/v2\/product_tag?post=1800079"}],"curies":[{"name":"wp","href":"https:\/\/api.w.org\/{rel}","templated":true}]}}