{"id":1800017,"date":"2025-03-27T20:33:54","date_gmt":"2025-03-27T18:33:54","guid":{"rendered":"https:\/\/liquidmaster.pl\/flexipads-talerz-mocujacy-150mm-30-m14-ultra-soft\/"},"modified":"2026-04-15T01:01:44","modified_gmt":"2026-04-14T23:01:44","slug":"flexipads-talerz-mocujacy-150mm-30-m14-ultra-soft","status":"publish","type":"product","link":"https:\/\/liquidmaster.pl\/en\/flexipads-talerz-mocujacy-150mm30-m14-ultra-soft\/","title":{"rendered":"Flexipads - Backing Pad 150mm\/30 M14 Ultra Soft"},"content":{"rendered":"<p>Disc diameter: 148 mm<br \/>\nMount: M14<br \/>\nFoam height: 30 mm<br \/>\nHardness: Ultra Soft\u00a0<br \/>\nMax revolutions: 10,200 rpm<br \/>\nWeight: 162.7 g<br \/>\n\u00a0<\/p>\n<ul>\n<li>\n<p>ideal for sponges and polishing pads with Velcro with a diameter of 150 mm<\/p>\n<\/li>\n<li>\n<p>very soft<\/p>\n<\/li>\n<li>\n<p>the foam structure ensures perfect adjustment of the polishing pads to the demanding shapes of the polished surfaces<\/p>\n<\/li>\n<\/ul>","protected":false},"excerpt":{"rendered":"<p>\u015arednica dysku: 148 mm Mocowanie:\u00a0M14 Wysoko\u015b\u0107 pianki:\u00a030 mm Twardo\u015b\u0107:\u00a0Ultra Soft\u00a0 Max obroty:\u00a010 200 rpm Waga:\u00a0162.7\u00a0g \u00a0 idealny do g\u0105bek i futer polerskich na rzep o \u015brednicy 150 mm bardzo mi\u0119kki struktura pianki zapewnia idealne dopasowanie pad\u00f3w polerskich do wymagaj\u0105cych kszta\u0142t\u00f3w polerowanych powierzchni<\/p>","protected":false},"featured_media":1844034,"comment_status":"open","ping_status":"open","template":"","meta":{"neve_meta_sidebar":"","neve_meta_container":"","neve_meta_enable_content_width":"","neve_meta_content_width":0,"neve_meta_title_alignment":"","neve_meta_author_avatar":"","neve_post_elements_order":"","neve_meta_disable_header":"","neve_meta_disable_footer":"","neve_meta_disable_title":"","_themeisle_gutenberg_block_has_review":false},"product_brand":[],"product_cat":[748,873,842],"product_tag":[293],"class_list":{"0":"post-1800017","1":"product","2":"type-product","3":"status-publish","4":"has-post-thumbnail","6":"product_cat-polerowanie","7":"product_cat-talerze-rotacja","8":"product_cat-talerze-mocujace","9":"product_tag-flexipads","11":"first","12":"outofstock","13":"taxable","14":"shipping-taxable","15":"purchasable","16":"product-type-simple"},"_links":{"self":[{"href":"https:\/\/liquidmaster.pl\/en\/wp-json\/wp\/v2\/product\/1800017","targetHints":{"allow":["GET"]}}],"collection":[{"href":"https:\/\/liquidmaster.pl\/en\/wp-json\/wp\/v2\/product"}],"about":[{"href":"https:\/\/liquidmaster.pl\/en\/wp-json\/wp\/v2\/types\/product"}],"replies":[{"embeddable":true,"href":"https:\/\/liquidmaster.pl\/en\/wp-json\/wp\/v2\/comments?post=1800017"}],"wp:featuredmedia":[{"embeddable":true,"href":"https:\/\/liquidmaster.pl\/en\/wp-json\/wp\/v2\/media\/1844034"}],"wp:attachment":[{"href":"https:\/\/liquidmaster.pl\/en\/wp-json\/wp\/v2\/media?parent=1800017"}],"wp:term":[{"taxonomy":"product_brand","embeddable":true,"href":"https:\/\/liquidmaster.pl\/en\/wp-json\/wp\/v2\/product_brand?post=1800017"},{"taxonomy":"product_cat","embeddable":true,"href":"https:\/\/liquidmaster.pl\/en\/wp-json\/wp\/v2\/product_cat?post=1800017"},{"taxonomy":"product_tag","embeddable":true,"href":"https:\/\/liquidmaster.pl\/en\/wp-json\/wp\/v2\/product_tag?post=1800017"}],"curies":[{"name":"wp","href":"https:\/\/api.w.org\/{rel}","templated":true}]}}