{"id":1800015,"date":"2025-03-27T20:33:54","date_gmt":"2025-03-27T18:33:54","guid":{"rendered":"https:\/\/liquidmaster.pl\/flexipads-talerz-mocujacy-125mm-25-m14-ultra-soft\/"},"modified":"2026-04-15T01:01:43","modified_gmt":"2026-04-14T23:01:43","slug":"flexipads-talerz-mocujacy-125mm-25-m14-ultra-soft","status":"publish","type":"product","link":"https:\/\/liquidmaster.pl\/en\/flexipads-talerz-mocujacy-125mm25-m14-ultra-soft\/","title":{"rendered":"Flexipads - Backing Pad 125mm\/25 M14 Ultra Soft"},"content":{"rendered":"<p>Disc diameter: 123 mm<br \/>\nMounting: M14<br \/>\nFoam height: 25 mm<br \/>\nHardness: Ultra Soft\u00a0<br \/>\nMax revolutions: 12,250 rpm<br \/>\nWeight: 85.0 g<\/p>\n<ul>\n<li>\n<p>for polishing pads with diameters from 125 mm to 160 mm<\/p>\n<\/li>\n<li>\n<p>support disc for rotary polishers such as: Festool, Kestral, Makita 9227CB and Metabo PE12-175<\/p>\n<\/li>\n<li>\n<p>very soft<\/p>\n<\/li>\n<li>\n<p>high impact and tear resistance<\/p>\n<\/li>\n<li>\n<p>the foam structure ensures perfect adjustment of the polishing pads to the demanding shapes of the polished surfaces<\/p>\n<\/li>\n<li>\n<p>equivalent to 3M 09552 Perfect-it<\/p>\n<\/li>\n<\/ul>","protected":false},"excerpt":{"rendered":"<p>\u015arednica dysku:\u00a0123 mm Mocowanie: M14 Wysoko\u015b\u0107 pianki:\u00a025 mm Twardo\u015b\u0107:\u00a0Ultra Soft\u00a0 Max obroty:\u00a012 250 rpm Waga:\u00a085.0 g do pad\u00f3w polerskich w \u015brednicach od 125 mm do 160 mm dysk wsporczy do polerek rotacyjnych, takich jak: Festool, Kestral, Makita 9227CB\u00a0i Metabo PE12-175 bardzo mi\u0119kki du\u017ca odporno\u015b\u0107 na uderzenia i rozdarcie struktura pianki zapewnia idealne dopasowanie pad\u00f3w polerskich&hellip;&nbsp;<a href=\"https:\/\/liquidmaster.pl\/en\/flexipads-talerz-mocujacy-125mm25-m14-ultra-soft\/\" rel=\"bookmark\">Read More \u00bb<span class=\"screen-reader-text\">Flexipads - Backing Pad 125mm\/25 M14 Ultra Soft<\/span><\/a><\/p>","protected":false},"featured_media":1844032,"comment_status":"open","ping_status":"open","template":"","meta":{"neve_meta_sidebar":"","neve_meta_container":"","neve_meta_enable_content_width":"","neve_meta_content_width":0,"neve_meta_title_alignment":"","neve_meta_author_avatar":"","neve_post_elements_order":"","neve_meta_disable_header":"","neve_meta_disable_footer":"","neve_meta_disable_title":"","_themeisle_gutenberg_block_has_review":false},"product_brand":[],"product_cat":[748,873,842],"product_tag":[293],"class_list":{"0":"post-1800015","1":"product","2":"type-product","3":"status-publish","4":"has-post-thumbnail","6":"product_cat-polerowanie","7":"product_cat-talerze-rotacja","8":"product_cat-talerze-mocujace","9":"product_tag-flexipads","11":"first","12":"outofstock","13":"taxable","14":"shipping-taxable","15":"purchasable","16":"product-type-simple"},"_links":{"self":[{"href":"https:\/\/liquidmaster.pl\/en\/wp-json\/wp\/v2\/product\/1800015","targetHints":{"allow":["GET"]}}],"collection":[{"href":"https:\/\/liquidmaster.pl\/en\/wp-json\/wp\/v2\/product"}],"about":[{"href":"https:\/\/liquidmaster.pl\/en\/wp-json\/wp\/v2\/types\/product"}],"replies":[{"embeddable":true,"href":"https:\/\/liquidmaster.pl\/en\/wp-json\/wp\/v2\/comments?post=1800015"}],"wp:featuredmedia":[{"embeddable":true,"href":"https:\/\/liquidmaster.pl\/en\/wp-json\/wp\/v2\/media\/1844032"}],"wp:attachment":[{"href":"https:\/\/liquidmaster.pl\/en\/wp-json\/wp\/v2\/media?parent=1800015"}],"wp:term":[{"taxonomy":"product_brand","embeddable":true,"href":"https:\/\/liquidmaster.pl\/en\/wp-json\/wp\/v2\/product_brand?post=1800015"},{"taxonomy":"product_cat","embeddable":true,"href":"https:\/\/liquidmaster.pl\/en\/wp-json\/wp\/v2\/product_cat?post=1800015"},{"taxonomy":"product_tag","embeddable":true,"href":"https:\/\/liquidmaster.pl\/en\/wp-json\/wp\/v2\/product_tag?post=1800015"}],"curies":[{"name":"wp","href":"https:\/\/api.w.org\/{rel}","templated":true}]}}