{"id":1799973,"date":"2025-03-27T20:31:25","date_gmt":"2025-03-27T18:31:25","guid":{"rendered":"https:\/\/liquidmaster.pl\/koch-chemie-top-star-1l-srodek-do-pielegnacji-plastikow-wewnetrznych-satynowo-matowy\/"},"modified":"2026-04-21T07:49:02","modified_gmt":"2026-04-21T05:49:02","slug":"koch-chemie-top-star-1l-srodek-do-pielegnacji-plastikow-wewnetrznych-satynowo-matowy","status":"publish","type":"product","link":"https:\/\/liquidmaster.pl\/en\/koch-chemie-top-star-1l-srodek-do-pielegnacji-plastikow-wewnetrznych-satynowo-matowy\/","title":{"rendered":"Koch Chemie Top Star 1L \u2013 satin-matt interior plastic care product"},"content":{"rendered":"<p data-end=\"128\" data-start=\"47\">Care milk for interior plastics - satin-matt finish<\/p>\n<p data-end=\"702\" data-is-last-node=\"\" data-start=\"130\">A professional premium product designed to effectively clean and refresh plastic and rubber parts, such as dashboards, interiors, seals, and more. Top Star imparts a long-lasting, natural, satin shine to surfaces while protecting against dirt and harmful UV radiation. Special active ingredients preserve the flexibility of plastics, provide antistatic properties, and restore their elegant appearance. The product has a pleasant, fresh scent and is approved by Daimler.<\/p>\n<p>Application:<br \/>\nCockpit, interior trim, rubber seals, etc.<\/p>\n<p>Usage:<br \/>\nSpray onto a soft sponge and apply evenly to surfaces. Allow to dry and wipe clean with a microfiber cloth if necessary.<\/p>","protected":false},"excerpt":{"rendered":"<p>Mleczko piel\u0119gnacyjne do plastik\u00f3w wewn\u0119trznych \u2013 satynowo-matowe wyko\u0144czenie Profesjonalny preparat klasy premium przeznaczony do skutecznego czyszczenia i od\u015bwie\u017cania plastikowych i gumowych element\u00f3w, takich jak deska rozdzielcza, wn\u0119trza, uszczelki i inne. Top Star nadaje powierzchni naturalny, satynowy po\u0142ysk, kt\u00f3ry utrzymuje si\u0119 przez d\u0142ugi czas, jednocze\u015bnie chroni\u0105c przed zabrudzeniami i szkodliwym promieniowaniem UV. Dzi\u0119ki specjalnym sk\u0142adnikom aktywnym&hellip;&nbsp;<a href=\"https:\/\/liquidmaster.pl\/en\/koch-chemie-top-star-1l-srodek-do-pielegnacji-plastikow-wewnetrznych-satynowo-matowy\/\" rel=\"bookmark\">Read More \u00bb<span class=\"screen-reader-text\">Koch Chemie Top Star 1L \u2013 satin-matt interior plastic care product<\/span><\/a><\/p>","protected":false},"featured_media":1843948,"comment_status":"open","ping_status":"open","template":"","meta":{"neve_meta_sidebar":"","neve_meta_container":"","neve_meta_enable_content_width":"","neve_meta_content_width":0,"neve_meta_title_alignment":"","neve_meta_author_avatar":"","neve_post_elements_order":"","neve_meta_disable_header":"","neve_meta_disable_footer":"","neve_meta_disable_title":"","_themeisle_gutenberg_block_has_review":false},"product_brand":[],"product_cat":[796,795,768],"product_tag":[313],"class_list":{"0":"post-1799973","1":"product","2":"type-product","3":"status-publish","4":"has-post-thumbnail","6":"product_cat-ochrona-plastikow-wewnetrznych","7":"product_cat-plastiki-wewnetrzne","8":"product_cat-wnetrze-auta","9":"product_tag-koch-chemie","10":"pa_promocja-promocje","12":"first","13":"instock","14":"taxable","15":"shipping-taxable","16":"purchasable","17":"product-type-simple"},"_links":{"self":[{"href":"https:\/\/liquidmaster.pl\/en\/wp-json\/wp\/v2\/product\/1799973","targetHints":{"allow":["GET"]}}],"collection":[{"href":"https:\/\/liquidmaster.pl\/en\/wp-json\/wp\/v2\/product"}],"about":[{"href":"https:\/\/liquidmaster.pl\/en\/wp-json\/wp\/v2\/types\/product"}],"replies":[{"embeddable":true,"href":"https:\/\/liquidmaster.pl\/en\/wp-json\/wp\/v2\/comments?post=1799973"}],"wp:featuredmedia":[{"embeddable":true,"href":"https:\/\/liquidmaster.pl\/en\/wp-json\/wp\/v2\/media\/1843948"}],"wp:attachment":[{"href":"https:\/\/liquidmaster.pl\/en\/wp-json\/wp\/v2\/media?parent=1799973"}],"wp:term":[{"taxonomy":"product_brand","embeddable":true,"href":"https:\/\/liquidmaster.pl\/en\/wp-json\/wp\/v2\/product_brand?post=1799973"},{"taxonomy":"product_cat","embeddable":true,"href":"https:\/\/liquidmaster.pl\/en\/wp-json\/wp\/v2\/product_cat?post=1799973"},{"taxonomy":"product_tag","embeddable":true,"href":"https:\/\/liquidmaster.pl\/en\/wp-json\/wp\/v2\/product_tag?post=1799973"}],"curies":[{"name":"wp","href":"https:\/\/api.w.org\/{rel}","templated":true}]}}