{"id":1799778,"date":"2025-03-27T20:18:58","date_gmt":"2025-03-27T18:18:58","guid":{"rendered":"https:\/\/liquidmaster.pl\/fx-protect-rain-shield-z-1-30ml-niewidzialna-wycieraczka\/"},"modified":"2026-04-18T04:11:50","modified_gmt":"2026-04-18T02:11:50","slug":"fx-protect-rain-shield-z-1-30ml-niewidzialna-wycieraczka","status":"publish","type":"product","link":"https:\/\/liquidmaster.pl\/en\/fx-protect-rain-shield-z-1-30ml-niewidzialna-wycieraczka\/","title":{"rendered":"FX Protect RAIN SHIELD Z-1 30ml \u2013 Invisible Wiper"},"content":{"rendered":"<p>Zaawansowana formu\u0142a zawarta w pow\u0142oce RAIN SHIELD tworzy na powierzchni szyb samochodowych niewidzialn\u0105, trwa\u0142\u0105 warstw\u0119 ochronn\u0105.<\/p>\n<p>Aplikacja pow\u0142oki ochronnej RAIN SHIELD zwi\u0119ksza komfort jazdy samochodem w niesprzyjaj\u0105cych warunkach pogodowych tj. deszcz, czy \u015bnie\u017cyca, dzi\u0119ki skutecznemu odpychaniu wody. Dodatkowo, zastosowanie pow\u0142oki ochronnej na przedniej szybie samochodowej poprawia widoczno\u015b\u0107 podczas jazdy noc\u0105 oraz zmniejsza zm\u0119czenie oczu, dzi\u0119ki polepszonej optyce szyb.<\/p>\n<p>Pow\u0142oka ochronna RAIN SHIELD nadaje niezwyk\u0142ej g\u0142adko\u015bci zabezpieczonej powierzchni, u\u0142atwiaj\u0105c prac\u0119 wycieraczek samochodowych, co przyczynia si\u0119 do zmniejszenia ryzyka zarysowania szyby.<\/p>\n<ul>\n<li>Protection time: 12 months<\/li>\n<li>Coating thickness: 0.4 \u2013 0.6 \u03bcm<\/li>\n<li>Setting time: 24 hours<\/li>\n<\/ul>\n<p>RAIN SHIELD mo\u017ce by\u0107 stosowany na:<\/p>\n<ul>\n<li>glass surfaces<\/li>\n<\/ul>","protected":false},"excerpt":{"rendered":"<p>Zaawansowana formu\u0142a zawarta w pow\u0142oce RAIN SHIELD tworzy na powierzchni szyb samochodowych niewidzialn\u0105, trwa\u0142\u0105 warstw\u0119 ochronn\u0105. Aplikacja pow\u0142oki ochronnej RAIN SHIELD zwi\u0119ksza komfort jazdy samochodem w niesprzyjaj\u0105cych warunkach pogodowych tj. deszcz, czy \u015bnie\u017cyca, dzi\u0119ki skutecznemu odpychaniu wody. Dodatkowo, zastosowanie pow\u0142oki ochronnej na przedniej szybie samochodowej poprawia widoczno\u015b\u0107 podczas jazdy noc\u0105 oraz zmniejsza zm\u0119czenie oczu, dzi\u0119ki&hellip;&nbsp;<a href=\"https:\/\/liquidmaster.pl\/en\/fx-protect-rain-shield-z-1-30ml-niewidzialna-wycieraczka\/\" rel=\"bookmark\">Read More \u00bb<span class=\"screen-reader-text\">FX Protect RAIN SHIELD Z-1 30ml \u2013 Invisible Wiper<\/span><\/a><\/p>","protected":false},"featured_media":1843591,"comment_status":"open","ping_status":"open","template":"","meta":{"neve_meta_sidebar":"","neve_meta_container":"","neve_meta_enable_content_width":"","neve_meta_content_width":0,"neve_meta_title_alignment":"","neve_meta_author_avatar":"","neve_post_elements_order":"","neve_meta_disable_header":"","neve_meta_disable_footer":"","neve_meta_disable_title":"","_themeisle_gutenberg_block_has_review":false},"product_brand":[],"product_cat":[733,794,773],"product_tag":[299],"class_list":{"0":"post-1799778","1":"product","2":"type-product","3":"status-publish","4":"has-post-thumbnail","6":"product_cat-na-zewnatrz","7":"product_cat-niewidzialna-wycieraczka","8":"product_cat-szyby","9":"product_tag-fx-protect","11":"first","12":"instock","13":"taxable","14":"shipping-taxable","15":"purchasable","16":"product-type-simple"},"_links":{"self":[{"href":"https:\/\/liquidmaster.pl\/en\/wp-json\/wp\/v2\/product\/1799778","targetHints":{"allow":["GET"]}}],"collection":[{"href":"https:\/\/liquidmaster.pl\/en\/wp-json\/wp\/v2\/product"}],"about":[{"href":"https:\/\/liquidmaster.pl\/en\/wp-json\/wp\/v2\/types\/product"}],"replies":[{"embeddable":true,"href":"https:\/\/liquidmaster.pl\/en\/wp-json\/wp\/v2\/comments?post=1799778"}],"wp:featuredmedia":[{"embeddable":true,"href":"https:\/\/liquidmaster.pl\/en\/wp-json\/wp\/v2\/media\/1843591"}],"wp:attachment":[{"href":"https:\/\/liquidmaster.pl\/en\/wp-json\/wp\/v2\/media?parent=1799778"}],"wp:term":[{"taxonomy":"product_brand","embeddable":true,"href":"https:\/\/liquidmaster.pl\/en\/wp-json\/wp\/v2\/product_brand?post=1799778"},{"taxonomy":"product_cat","embeddable":true,"href":"https:\/\/liquidmaster.pl\/en\/wp-json\/wp\/v2\/product_cat?post=1799778"},{"taxonomy":"product_tag","embeddable":true,"href":"https:\/\/liquidmaster.pl\/en\/wp-json\/wp\/v2\/product_tag?post=1799778"}],"curies":[{"name":"wp","href":"https:\/\/api.w.org\/{rel}","templated":true}]}}