{"id":1799632,"date":"2025-03-27T20:10:15","date_gmt":"2025-03-27T18:10:15","guid":{"rendered":"https:\/\/liquidmaster.pl\/benbow-pro-111-filtr-do-narzedzi-pneumatycznych\/"},"modified":"2026-04-18T04:11:19","modified_gmt":"2026-04-18T02:11:19","slug":"benbow-pro-111-filtr-do-narzedzi-pneumatycznych","status":"publish","type":"product","link":"https:\/\/liquidmaster.pl\/en\/benbow-pro-000111-odwadniacz-filtr-do-narzedzi-pneumatycznych\/","title":{"rendered":"Benbow PRO 000111 Air filter for air tools"},"content":{"rendered":"<p>\u00a0The BenBow Air Dryer is a high-quality, solvent-resistant air filter designed to remove water, oil, and contaminants from compressed air systems. It&#039;s ideal for use directly in front of paint spray guns, cleaning guns, and blow guns, providing clean, dry air for optimal tool performance and the highest quality finish.<\/p>\n<p>The dehydrator features excellent filtration properties, capturing particles down to 40 microns, and a semi-automatic drainage system for easy maintenance. It can be combined with pressure regulators or connected directly to compressors, and is compatible with all popular air tools with a 1\/4\u2033 thread.<\/p>","protected":false},"excerpt":{"rendered":"<p>\u00a0Odwadniacz BenBow to wysokiej jako\u015bci, odporny na rozpuszczalniki filtr powietrza, zaprojektowany do usuwania wody, oleju i zanieczyszcze\u0144 z system\u00f3w spr\u0119\u017conego powietrza. Idealnie nadaje si\u0119 do stosowania bezpo\u015brednio przed pistoletami lakierniczymi, pistoletami czyszcz\u0105cymi i przedmuchowymi, zapewniaj\u0105c czyste, suche powietrze dla optymalnej wydajno\u015bci narz\u0119dzi i najwy\u017cszej jako\u015bci wyko\u0144czenia. Odwadniacz charakteryzuje si\u0119 doskona\u0142ymi w\u0142a\u015bciwo\u015bciami filtracyjnymi, wychwytuj\u0105c cz\u0105steczki do&hellip;&nbsp;<a href=\"https:\/\/liquidmaster.pl\/en\/benbow-pro-000111-odwadniacz-filtr-do-narzedzi-pneumatycznych\/\" rel=\"bookmark\">Read More \u00bb<span class=\"screen-reader-text\">Benbow PRO 000111 Air filter for air tools<\/span><\/a><\/p>","protected":false},"featured_media":1843318,"comment_status":"open","ping_status":"open","template":"","meta":{"neve_meta_sidebar":"","neve_meta_container":"","neve_meta_enable_content_width":"","neve_meta_content_width":0,"neve_meta_title_alignment":"","neve_meta_author_avatar":"","neve_post_elements_order":"","neve_meta_disable_header":"","neve_meta_disable_footer":"","neve_meta_disable_title":"","_themeisle_gutenberg_block_has_review":false},"product_brand":[],"product_cat":[757,942,846],"product_tag":[268],"class_list":{"0":"post-1799632","1":"product","2":"type-product","3":"status-publish","4":"has-post-thumbnail","6":"product_cat-akcesoria","7":"product_cat-pneumatyczne-pistolety-czyszczace","8":"product_cat-reszta","9":"product_tag-benbow","11":"first","12":"instock","13":"taxable","14":"shipping-taxable","15":"purchasable","16":"product-type-simple"},"_links":{"self":[{"href":"https:\/\/liquidmaster.pl\/en\/wp-json\/wp\/v2\/product\/1799632","targetHints":{"allow":["GET"]}}],"collection":[{"href":"https:\/\/liquidmaster.pl\/en\/wp-json\/wp\/v2\/product"}],"about":[{"href":"https:\/\/liquidmaster.pl\/en\/wp-json\/wp\/v2\/types\/product"}],"replies":[{"embeddable":true,"href":"https:\/\/liquidmaster.pl\/en\/wp-json\/wp\/v2\/comments?post=1799632"}],"wp:featuredmedia":[{"embeddable":true,"href":"https:\/\/liquidmaster.pl\/en\/wp-json\/wp\/v2\/media\/1843318"}],"wp:attachment":[{"href":"https:\/\/liquidmaster.pl\/en\/wp-json\/wp\/v2\/media?parent=1799632"}],"wp:term":[{"taxonomy":"product_brand","embeddable":true,"href":"https:\/\/liquidmaster.pl\/en\/wp-json\/wp\/v2\/product_brand?post=1799632"},{"taxonomy":"product_cat","embeddable":true,"href":"https:\/\/liquidmaster.pl\/en\/wp-json\/wp\/v2\/product_cat?post=1799632"},{"taxonomy":"product_tag","embeddable":true,"href":"https:\/\/liquidmaster.pl\/en\/wp-json\/wp\/v2\/product_tag?post=1799632"}],"curies":[{"name":"wp","href":"https:\/\/api.w.org\/{rel}","templated":true}]}}