{"id":1799630,"date":"2025-03-27T20:10:15","date_gmt":"2025-03-27T18:10:15","guid":{"rendered":"https:\/\/liquidmaster.pl\/benbow-pro-100-pneumatyczny-pistolet-czyszczacy-do-prania-tapicerki\/"},"modified":"2026-04-19T02:56:01","modified_gmt":"2026-04-19T00:56:01","slug":"benbow-pro-100-pneumatyczny-pistolet-czyszczacy-do-prania-tapicerki","status":"publish","type":"product","link":"https:\/\/liquidmaster.pl\/en\/benbow-pro-000100-pneumatyczny-pistolet-czyszczacy-do-prania-tapicerki\/","title":{"rendered":"Benbow PRO 000100 \u2013 pneumatic cleaning gun for washing upholstery"},"content":{"rendered":"<p>BenBow PRO Cleaning Gun Classic<\/p>\n<p>It is perfect for cleaning the internal elements of the car and the engine, wheel arches and door cavities.<\/p>\n<p>The device has a tank that we fill with chemicals (APC or upholstery cleaning agent).<\/p>\n<p>The chemicals are applied under pressure to the surface to be cleaned, which helps avoid brushing and brushing.<\/p>\n<p>The BenBow PRO product series was created for professionals.<\/p>\n<p>The materials used are of the highest quality and the production process is carried out with due care.<\/p>\n<p>Cleaning Gun Classic requires connection to a compressor.<\/p>","protected":false},"excerpt":{"rendered":"<p>BenBow PRO Cleaning Gun Classic \u015awietnie sprawdza si\u0119 do czyszczenia element\u00f3w wewn\u0119trznych samochodu oraz silnika, nadkoli i wn\u0119k drzwi. Urz\u0105dzenie posiada zbiornik, kt\u00f3ry nape\u0142niamy chemi\u0105 (apc lub preparat do prania tapicerki). Chemia podawana jest pod ci\u015bnieniem na czyszczon\u0105 powierzchni\u0119, dzi\u0119ki czemu unikniemy szczotkowania i p\u0119dzelkowania. Seria produkt\u00f3w BenBow PRO zosta\u0142a stworzona dla profesjonalist\u00f3w. Zastosowane materia\u0142y&hellip;&nbsp;<a href=\"https:\/\/liquidmaster.pl\/en\/benbow-pro-000100-pneumatyczny-pistolet-czyszczacy-do-prania-tapicerki\/\" rel=\"bookmark\">Read More \u00bb<span class=\"screen-reader-text\">Benbow PRO 000100 \u2013 pneumatic cleaning gun for washing upholstery<\/span><\/a><\/p>","protected":false},"featured_media":1843313,"comment_status":"open","ping_status":"open","template":"","meta":{"neve_meta_sidebar":"","neve_meta_container":"","neve_meta_enable_content_width":"","neve_meta_content_width":0,"neve_meta_title_alignment":"","neve_meta_author_avatar":"","neve_post_elements_order":"","neve_meta_disable_header":"","neve_meta_disable_footer":"","neve_meta_disable_title":"","_themeisle_gutenberg_block_has_review":false},"product_brand":[],"product_cat":[757,942,846],"product_tag":[268],"class_list":{"0":"post-1799630","1":"product","2":"type-product","3":"status-publish","4":"has-post-thumbnail","6":"product_cat-akcesoria","7":"product_cat-pneumatyczne-pistolety-czyszczace","8":"product_cat-reszta","9":"product_tag-benbow","11":"first","12":"outofstock","13":"taxable","14":"shipping-taxable","15":"purchasable","16":"product-type-simple"},"_links":{"self":[{"href":"https:\/\/liquidmaster.pl\/en\/wp-json\/wp\/v2\/product\/1799630","targetHints":{"allow":["GET"]}}],"collection":[{"href":"https:\/\/liquidmaster.pl\/en\/wp-json\/wp\/v2\/product"}],"about":[{"href":"https:\/\/liquidmaster.pl\/en\/wp-json\/wp\/v2\/types\/product"}],"replies":[{"embeddable":true,"href":"https:\/\/liquidmaster.pl\/en\/wp-json\/wp\/v2\/comments?post=1799630"}],"wp:featuredmedia":[{"embeddable":true,"href":"https:\/\/liquidmaster.pl\/en\/wp-json\/wp\/v2\/media\/1843313"}],"wp:attachment":[{"href":"https:\/\/liquidmaster.pl\/en\/wp-json\/wp\/v2\/media?parent=1799630"}],"wp:term":[{"taxonomy":"product_brand","embeddable":true,"href":"https:\/\/liquidmaster.pl\/en\/wp-json\/wp\/v2\/product_brand?post=1799630"},{"taxonomy":"product_cat","embeddable":true,"href":"https:\/\/liquidmaster.pl\/en\/wp-json\/wp\/v2\/product_cat?post=1799630"},{"taxonomy":"product_tag","embeddable":true,"href":"https:\/\/liquidmaster.pl\/en\/wp-json\/wp\/v2\/product_tag?post=1799630"}],"curies":[{"name":"wp","href":"https:\/\/api.w.org\/{rel}","templated":true}]}}