{"id":1799602,"date":"2025-03-27T20:08:17","date_gmt":"2025-03-27T18:08:17","guid":{"rendered":"https:\/\/liquidmaster.pl\/meguiars-whole-car-air-re-fresher-new-car-scent-neutralizator-zapachow\/"},"modified":"2026-04-18T04:11:12","modified_gmt":"2026-04-18T02:11:12","slug":"meguiars-whole-car-air-re-fresher-new-car-scent-neutralizator-zapachow","status":"publish","type":"product","link":"https:\/\/liquidmaster.pl\/en\/meguiars-whole-car-air-re-fresher-new-car-scent-neutralizator-zapachow\/","title":{"rendered":"Meguiar&#039;s Whole Car Air Re-fresher New Car Scent \u2013 odor neutralizer"},"content":{"rendered":"<p>The Air Re-Fresher Odor Eliminator removes the most persistent odors from the entire interior of your car, truck or SUV.<\/p>\n<p>By using your car&#039;s ventilation or air conditioning system, Meguiar&#039;s\u00ae Air Re-Fresher will remove unpleasant odors from all hard-to-reach areas of your car&#039;s interior (including the air conditioning system), leaving a pleasant, fresh scent in return.<\/p>","protected":false},"excerpt":{"rendered":"<p>Eliminator zapach\u00f3w Air Re-Fresher usuwa najbardziej uporczywe nieprzyjemne zapachy z ca\u0142ego wn\u0119trza Twojego auta, ci\u0119\u017car\u00f3wki lub SUV-a. Dzi\u0119ki u\u017cyciu systemu wentylacji lub klimatyzacji auta Meguiar\u2019s\u00ae Air Re-Fresher usunie nieprzyjemne zapachy ze wszystkich trudno dost\u0119pnych obszar\u00f3w wn\u0119trza Twojego auta (r\u00f3wnie\u017c uk\u0142adu klimatyzacji) pozostawiaj\u0105c w zamian przyjemny \u015bwie\u017cy zapach.<\/p>","protected":false},"featured_media":1843264,"comment_status":"open","ping_status":"open","template":"","meta":{"neve_meta_sidebar":"","neve_meta_container":"","neve_meta_enable_content_width":"","neve_meta_content_width":0,"neve_meta_title_alignment":"","neve_meta_author_avatar":"","neve_post_elements_order":"","neve_meta_disable_header":"","neve_meta_disable_footer":"","neve_meta_disable_title":"","_themeisle_gutenberg_block_has_review":false},"product_brand":[],"product_cat":[810,801,768],"product_tag":[322],"class_list":{"0":"post-1799602","1":"product","2":"type-product","3":"status-publish","4":"has-post-thumbnail","6":"product_cat-neutralizatory-zapachow","7":"product_cat-odswiezacze-powietrza","8":"product_cat-wnetrze-auta","9":"product_tag-meguiars","11":"first","12":"instock","13":"taxable","14":"shipping-taxable","15":"purchasable","16":"product-type-simple"},"_links":{"self":[{"href":"https:\/\/liquidmaster.pl\/en\/wp-json\/wp\/v2\/product\/1799602","targetHints":{"allow":["GET"]}}],"collection":[{"href":"https:\/\/liquidmaster.pl\/en\/wp-json\/wp\/v2\/product"}],"about":[{"href":"https:\/\/liquidmaster.pl\/en\/wp-json\/wp\/v2\/types\/product"}],"replies":[{"embeddable":true,"href":"https:\/\/liquidmaster.pl\/en\/wp-json\/wp\/v2\/comments?post=1799602"}],"wp:featuredmedia":[{"embeddable":true,"href":"https:\/\/liquidmaster.pl\/en\/wp-json\/wp\/v2\/media\/1843264"}],"wp:attachment":[{"href":"https:\/\/liquidmaster.pl\/en\/wp-json\/wp\/v2\/media?parent=1799602"}],"wp:term":[{"taxonomy":"product_brand","embeddable":true,"href":"https:\/\/liquidmaster.pl\/en\/wp-json\/wp\/v2\/product_brand?post=1799602"},{"taxonomy":"product_cat","embeddable":true,"href":"https:\/\/liquidmaster.pl\/en\/wp-json\/wp\/v2\/product_cat?post=1799602"},{"taxonomy":"product_tag","embeddable":true,"href":"https:\/\/liquidmaster.pl\/en\/wp-json\/wp\/v2\/product_tag?post=1799602"}],"curies":[{"name":"wp","href":"https:\/\/api.w.org\/{rel}","templated":true}]}}