{"id":1799544,"date":"2025-03-27T20:04:48","date_gmt":"2025-03-27T18:04:48","guid":{"rendered":"https:\/\/liquidmaster.pl\/detailing-house-ssawka-gieta-flexi-dn32-35-63-cm\/"},"modified":"2026-04-18T04:10:59","modified_gmt":"2026-04-18T02:10:59","slug":"detailing-house-ssawka-gieta-flexi-dn32-35-63-cm","status":"publish","type":"product","link":"https:\/\/liquidmaster.pl\/en\/detailing-house-ssawka-gieta-flexi-dn3235-63-cm\/","title":{"rendered":"Detailing House Flexi bent nozzle DN32\/35 63 CM"},"content":{"rendered":"<p>A high-quality replacement for the universal, 63 cm long, curved nozzle for Electrolux Philips Karcher AEG vacuum cleaners and wherever nozzles with a connection between DN32 and DN35 are used (pipe installation).<\/p>\n<p>The nozzle is perfect for vacuuming hard-to-reach places in your home or car.<\/p>\n<p>Compatibility:<\/p>\n<ul>\n<li>Karcher<\/li>\n<li>Bosch<\/li>\n<li>Grinds<\/li>\n<li>Panasonic<\/li>\n<li>Rowenta<\/li>\n<li>Samsung<\/li>\n<li>ETA<\/li>\n<li>Moulinex<\/li>\n<li>Profi<\/li>\n<li>Einhell<\/li>\n<li>Electrolux<\/li>\n<li>AEG<\/li>\n<li>DeLonghi<\/li>\n<li>Dirt Devil<\/li>\n<li>Eldom<\/li>\n<li>Fam<\/li>\n<li>Holland Electro<\/li>\n<li>LG<\/li>\n<li>Nilfisk<\/li>\n<li>Numatic<\/li>\n<li>Multipro<\/li>\n<li>Philips<\/li>\n<li>Progress<\/li>\n<li>Rowenta<\/li>\n<li>Tefal<\/li>\n<li>Hoover<\/li>\n<li>Dyson<\/li>\n<li>Indesit<\/li>\n<li>and other\u2026<\/li>\n<\/ul>","protected":false},"excerpt":{"rendered":"<p>Wysokiej jako\u015bci zamiennik uniwersalnej ssawki gi\u0119tej o d\u0142ugo\u015b\u0107 63cm do odkurzaczy Electrolux Philips Karcher AEG oraz wsz\u0119dzie tam gdzie wykorzystuje si\u0119 ssawki z przy\u0142\u0105czem pomi\u0119dzy DN32 a DN35 (monta\u017c na rur\u0119). Ssawka idealnie sprawdza si\u0119 do odkurzania trudno dost\u0119pnych miejsc w domu lub samochodzie. Kompatybilno\u015b\u0107: Karcher Bosch Miele Panasonic Rowenta Samsung ETA Moulinex Profi Einhell&hellip;&nbsp;<a href=\"https:\/\/liquidmaster.pl\/en\/detailing-house-ssawka-gieta-flexi-dn3235-63-cm\/\" rel=\"bookmark\">Read More \u00bb<span class=\"screen-reader-text\">Detailing House Flexi bent nozzle DN32\/35 63 CM<\/span><\/a><\/p>","protected":false},"featured_media":1843151,"comment_status":"open","ping_status":"open","template":"","meta":{"neve_meta_sidebar":"","neve_meta_container":"","neve_meta_enable_content_width":"","neve_meta_content_width":0,"neve_meta_title_alignment":"","neve_meta_author_avatar":"","neve_post_elements_order":"","neve_meta_disable_header":"","neve_meta_disable_footer":"","neve_meta_disable_title":"","_themeisle_gutenberg_block_has_review":false},"product_brand":[],"product_cat":[799,800,768],"product_tag":[286],"class_list":{"0":"post-1799544","1":"product","2":"type-product","3":"status-publish","4":"has-post-thumbnail","6":"product_cat-narzedzia-i-akcesoria","7":"product_cat-szczotki-pedzelki-i-narzedzia","8":"product_cat-wnetrze-auta","9":"product_tag-detailing-house","11":"first","12":"instock","13":"taxable","14":"shipping-taxable","15":"purchasable","16":"product-type-simple"},"_links":{"self":[{"href":"https:\/\/liquidmaster.pl\/en\/wp-json\/wp\/v2\/product\/1799544","targetHints":{"allow":["GET"]}}],"collection":[{"href":"https:\/\/liquidmaster.pl\/en\/wp-json\/wp\/v2\/product"}],"about":[{"href":"https:\/\/liquidmaster.pl\/en\/wp-json\/wp\/v2\/types\/product"}],"replies":[{"embeddable":true,"href":"https:\/\/liquidmaster.pl\/en\/wp-json\/wp\/v2\/comments?post=1799544"}],"wp:featuredmedia":[{"embeddable":true,"href":"https:\/\/liquidmaster.pl\/en\/wp-json\/wp\/v2\/media\/1843151"}],"wp:attachment":[{"href":"https:\/\/liquidmaster.pl\/en\/wp-json\/wp\/v2\/media?parent=1799544"}],"wp:term":[{"taxonomy":"product_brand","embeddable":true,"href":"https:\/\/liquidmaster.pl\/en\/wp-json\/wp\/v2\/product_brand?post=1799544"},{"taxonomy":"product_cat","embeddable":true,"href":"https:\/\/liquidmaster.pl\/en\/wp-json\/wp\/v2\/product_cat?post=1799544"},{"taxonomy":"product_tag","embeddable":true,"href":"https:\/\/liquidmaster.pl\/en\/wp-json\/wp\/v2\/product_tag?post=1799544"}],"curies":[{"name":"wp","href":"https:\/\/api.w.org\/{rel}","templated":true}]}}