{"id":1799417,"date":"2025-03-27T19:57:14","date_gmt":"2025-03-27T17:57:14","guid":{"rendered":"https:\/\/liquidmaster.pl\/carpro-reset-shampoo-4l-szampon-pielegnuje-i-odtyka-powloki-kwarcowe-ceramiczne\/"},"modified":"2026-04-18T04:10:37","modified_gmt":"2026-04-18T02:10:37","slug":"carpro-reset-shampoo-4l-szampon-pielegnuje-i-odtyka-powloki-kwarcowe-ceramiczne","status":"publish","type":"product","link":"https:\/\/liquidmaster.pl\/en\/carpro-reset-shampoo-4l-szampon-pielegnuje-i-odtyka-powloki-kwarcoweceramiczne\/","title":{"rendered":"CarPro Reset - shampoo 4L - shampoo cares for and unclogs quartz\/ceramic coatings"},"content":{"rendered":"<p>Cquartz Reset Shampoo - this is the latest shampoo from CarPro, created especially for cars protected with quartz coatings. It is free of unnecessary polishing or slip-enhancing additives. It is a clean, intensively cleansing shampoo that allows you to thoroughly clean the coating and thus restore its original properties.<\/p>\n<p>Capacity: 4 l<\/p>","protected":false},"excerpt":{"rendered":"<p>Cquartz Reset Shampoo &#8211; jest to najnowszy szampon od firmy CarPro stworzony specjalnie z my\u015bl\u0105 o autach zabezpieczonych pow\u0142okami kwarcowymi. Jest on wolny od zb\u0119dnych dodatk\u00f3w nab\u0142yszczaj\u0105cych czy zwi\u0119kszaj\u0105cych po\u015blizg. Jest to czysty, intensywnie oczyszczaj\u0105cy szampon, kt\u00f3ry pozwala na dog\u0142\u0119bne oczyszczenie pow\u0142oki i co za tym idzie przywr\u00f3cenie jej pierwotnych w\u0142a\u015bciwo\u015bci. Pojemno\u015b\u0107: 4 l<\/p>","protected":false},"featured_media":1842899,"comment_status":"open","ping_status":"open","template":"","meta":{"neve_meta_sidebar":"","neve_meta_container":"","neve_meta_enable_content_width":"","neve_meta_content_width":0,"neve_meta_title_alignment":"","neve_meta_author_avatar":"","neve_post_elements_order":"","neve_meta_disable_header":"","neve_meta_disable_footer":"","neve_meta_disable_title":"","_themeisle_gutenberg_block_has_review":false},"product_brand":[],"product_cat":[734,733,740],"product_tag":[275],"class_list":{"0":"post-1799417","1":"product","2":"type-product","3":"status-publish","4":"has-post-thumbnail","6":"product_cat-mycie-i-osuszanie","7":"product_cat-na-zewnatrz","8":"product_cat-szampony-mycie-i-osuszanie","9":"product_tag-carpro","11":"first","12":"outofstock","13":"taxable","14":"shipping-taxable","15":"purchasable","16":"product-type-simple"},"_links":{"self":[{"href":"https:\/\/liquidmaster.pl\/en\/wp-json\/wp\/v2\/product\/1799417","targetHints":{"allow":["GET"]}}],"collection":[{"href":"https:\/\/liquidmaster.pl\/en\/wp-json\/wp\/v2\/product"}],"about":[{"href":"https:\/\/liquidmaster.pl\/en\/wp-json\/wp\/v2\/types\/product"}],"replies":[{"embeddable":true,"href":"https:\/\/liquidmaster.pl\/en\/wp-json\/wp\/v2\/comments?post=1799417"}],"wp:featuredmedia":[{"embeddable":true,"href":"https:\/\/liquidmaster.pl\/en\/wp-json\/wp\/v2\/media\/1842899"}],"wp:attachment":[{"href":"https:\/\/liquidmaster.pl\/en\/wp-json\/wp\/v2\/media?parent=1799417"}],"wp:term":[{"taxonomy":"product_brand","embeddable":true,"href":"https:\/\/liquidmaster.pl\/en\/wp-json\/wp\/v2\/product_brand?post=1799417"},{"taxonomy":"product_cat","embeddable":true,"href":"https:\/\/liquidmaster.pl\/en\/wp-json\/wp\/v2\/product_cat?post=1799417"},{"taxonomy":"product_tag","embeddable":true,"href":"https:\/\/liquidmaster.pl\/en\/wp-json\/wp\/v2\/product_tag?post=1799417"}],"curies":[{"name":"wp","href":"https:\/\/api.w.org\/{rel}","templated":true}]}}