{"id":1799389,"date":"2025-03-27T19:55:49","date_gmt":"2025-03-27T17:55:49","guid":{"rendered":"https:\/\/liquidmaster.pl\/carpro-c-quartz-applicator-duzy-aplikator-do-powlok-kwarcowych\/"},"modified":"2026-04-18T04:10:31","modified_gmt":"2026-04-18T02:10:31","slug":"carpro-c-quartz-applicator-duzy-aplikator-do-powlok-kwarcowych","status":"publish","type":"product","link":"https:\/\/liquidmaster.pl\/en\/carpro-cquartz-applicator-duzy-aplikator-do-powlok-kwarcowych\/","title":{"rendered":"CarPro C.Quartz Applicator - a large applicator for quartz coatings"},"content":{"rendered":"<p>CarPro C.Quartz Applicator \u2013 a large applicator used for applying ceramic and quartz coatings.<\/p>\n<p>Dimensions: 80 x 150 x 25 mm<\/p>","protected":false},"excerpt":{"rendered":"<p>CarPro C.Quartz Applicator \u2013 du\u017cy aplikator s\u0142u\u017c\u0105cy do aplikacji pow\u0142ok ceramicznych i kwarcowych. Wymiary: 80 x 150 x 25 mm<\/p>","protected":false},"featured_media":1842838,"comment_status":"open","ping_status":"open","template":"","meta":{"neve_meta_sidebar":"","neve_meta_container":"","neve_meta_enable_content_width":"","neve_meta_content_width":0,"neve_meta_title_alignment":"","neve_meta_author_avatar":"","neve_post_elements_order":"","neve_meta_disable_header":"","neve_meta_disable_footer":"","neve_meta_disable_title":"","_themeisle_gutenberg_block_has_review":false},"product_brand":[],"product_cat":[757,786,787],"product_tag":[275],"class_list":{"0":"post-1799389","1":"product","2":"type-product","3":"status-publish","4":"has-post-thumbnail","6":"product_cat-akcesoria","7":"product_cat-aplikatory","8":"product_cat-aplikatory-do-ceramiki","9":"product_tag-carpro","11":"first","12":"instock","13":"taxable","14":"shipping-taxable","15":"purchasable","16":"product-type-simple"},"_links":{"self":[{"href":"https:\/\/liquidmaster.pl\/en\/wp-json\/wp\/v2\/product\/1799389","targetHints":{"allow":["GET"]}}],"collection":[{"href":"https:\/\/liquidmaster.pl\/en\/wp-json\/wp\/v2\/product"}],"about":[{"href":"https:\/\/liquidmaster.pl\/en\/wp-json\/wp\/v2\/types\/product"}],"replies":[{"embeddable":true,"href":"https:\/\/liquidmaster.pl\/en\/wp-json\/wp\/v2\/comments?post=1799389"}],"wp:featuredmedia":[{"embeddable":true,"href":"https:\/\/liquidmaster.pl\/en\/wp-json\/wp\/v2\/media\/1842838"}],"wp:attachment":[{"href":"https:\/\/liquidmaster.pl\/en\/wp-json\/wp\/v2\/media?parent=1799389"}],"wp:term":[{"taxonomy":"product_brand","embeddable":true,"href":"https:\/\/liquidmaster.pl\/en\/wp-json\/wp\/v2\/product_brand?post=1799389"},{"taxonomy":"product_cat","embeddable":true,"href":"https:\/\/liquidmaster.pl\/en\/wp-json\/wp\/v2\/product_cat?post=1799389"},{"taxonomy":"product_tag","embeddable":true,"href":"https:\/\/liquidmaster.pl\/en\/wp-json\/wp\/v2\/product_tag?post=1799389"}],"curies":[{"name":"wp","href":"https:\/\/api.w.org\/{rel}","templated":true}]}}