{"id":1799372,"date":"2025-03-27T19:54:51","date_gmt":"2025-03-27T17:54:51","guid":{"rendered":"https:\/\/liquidmaster.pl\/soft99-glaco-roll-on-large-120ml-niewidzialna-wycieraczka-od-45km-h\/"},"modified":"2026-04-20T07:47:35","modified_gmt":"2026-04-20T05:47:35","slug":"soft99-glaco-roll-on-large-120ml-niewidzialna-wycieraczka-od-45km-h","status":"publish","type":"product","link":"https:\/\/liquidmaster.pl\/en\/soft99-glaco-roll-on-large-120ml-niewidzialna-wycieraczka-od-45kmh\/","title":{"rendered":"Soft99 Glaco Roll On Large 120ml \u2013 invisible wiper from 45km\/h"},"content":{"rendered":"<p align=\"left\">SOFT99 Glaco Roll On Large \u2013 a product designed to protect glass with a protective coating, ensuring hydrophobization. It works well in both small cars and minivans. Water repulsion begins at approximately 45 km\/h. It is perfect for all weather conditions: in winter it makes it harder to freeze. Specially designed packaging with a very ergonomic shape facilitates application.<\/p>\n<p>Usage:<\/p>\n<li style=\"margin-bottom: 0cm;\">Before using Glaco Roll On Large, rinse the glass with water and remove volatile dirt.<\/li>\n<li style=\"margin-bottom: 0cm;\">Remove the cap, press the bottle lightly and spread the liquid evenly on the dry surface of the glass using the applicator.<\/li>\n<li style=\"margin-bottom: 0cm;\">Do not apply on wet windows! Spreading the product on undried windows may damage them!<\/li>\n<li>Leave to dry for 5-10 minutes, then wipe off with a slightly damp towel.<\/li>\n<p align=\"left\">Capacity: 120 ml<\/p>\n<p>\u00a0<\/p>\n<p align=\"left\">","protected":false},"excerpt":{"rendered":"<p>SOFT99 Glaco Roll On Large &#8211; produkt przeznaczony do zabezpieczania szyb pow\u0142ok\u0105 ochronn\u0105, zapewniaj\u0105cy hydrofobizacj\u0119. Dobrze sprawdza si\u0119 w u\u017cyciu zar\u00f3wno w ma\u0142ych autach jak i tych typu minivany. Odpychanie wody rozpoczyna si\u0119 ju\u017c od ok. 45 km\/h. Idealnie sprawdza si\u0119 w ka\u017cdych warunkach pogodowych: w zimie utrudnia zamarzanie. Specjalnie zaprojektowane opakowanie o bardzo ergonomicznym&hellip;&nbsp;<a href=\"https:\/\/liquidmaster.pl\/en\/soft99-glaco-roll-on-large-120ml-niewidzialna-wycieraczka-od-45kmh\/\" rel=\"bookmark\">Read More \u00bb<span class=\"screen-reader-text\">Soft99 Glaco Roll On Large 120ml \u2013 invisible wiper from 45km\/h<\/span><\/a><\/p>","protected":false},"featured_media":1842797,"comment_status":"open","ping_status":"open","template":"","meta":{"neve_meta_sidebar":"","neve_meta_container":"","neve_meta_enable_content_width":"","neve_meta_content_width":0,"neve_meta_title_alignment":"","neve_meta_author_avatar":"","neve_post_elements_order":"","neve_meta_disable_header":"","neve_meta_disable_footer":"","neve_meta_disable_title":"","_themeisle_gutenberg_block_has_review":false},"product_brand":[],"product_cat":[733,794,773],"product_tag":[362],"class_list":{"0":"post-1799372","1":"product","2":"type-product","3":"status-publish","4":"has-post-thumbnail","6":"product_cat-na-zewnatrz","7":"product_cat-niewidzialna-wycieraczka","8":"product_cat-szyby","9":"product_tag-soft99","11":"first","12":"instock","13":"taxable","14":"shipping-taxable","15":"purchasable","16":"product-type-simple"},"_links":{"self":[{"href":"https:\/\/liquidmaster.pl\/en\/wp-json\/wp\/v2\/product\/1799372","targetHints":{"allow":["GET"]}}],"collection":[{"href":"https:\/\/liquidmaster.pl\/en\/wp-json\/wp\/v2\/product"}],"about":[{"href":"https:\/\/liquidmaster.pl\/en\/wp-json\/wp\/v2\/types\/product"}],"replies":[{"embeddable":true,"href":"https:\/\/liquidmaster.pl\/en\/wp-json\/wp\/v2\/comments?post=1799372"}],"wp:featuredmedia":[{"embeddable":true,"href":"https:\/\/liquidmaster.pl\/en\/wp-json\/wp\/v2\/media\/1842797"}],"wp:attachment":[{"href":"https:\/\/liquidmaster.pl\/en\/wp-json\/wp\/v2\/media?parent=1799372"}],"wp:term":[{"taxonomy":"product_brand","embeddable":true,"href":"https:\/\/liquidmaster.pl\/en\/wp-json\/wp\/v2\/product_brand?post=1799372"},{"taxonomy":"product_cat","embeddable":true,"href":"https:\/\/liquidmaster.pl\/en\/wp-json\/wp\/v2\/product_cat?post=1799372"},{"taxonomy":"product_tag","embeddable":true,"href":"https:\/\/liquidmaster.pl\/en\/wp-json\/wp\/v2\/product_tag?post=1799372"}],"curies":[{"name":"wp","href":"https:\/\/api.w.org\/{rel}","templated":true}]}}