{"id":1799346,"date":"2025-03-27T19:53:28","date_gmt":"2025-03-27T17:53:28","guid":{"rendered":"https:\/\/liquidmaster.pl\/brayt-inspekcyjna-lampa-akumulatorowa-wl4011-5w-12-latarka-inspekcyjna\/"},"modified":"2026-04-19T08:35:46","modified_gmt":"2026-04-19T06:35:46","slug":"brayt-inspekcyjna-lampa-akumulatorowa-wl4011-5w-12-latarka-inspekcyjna","status":"publish","type":"product","link":"https:\/\/liquidmaster.pl\/en\/brayt-inspekcyjna-lampa-akumulatorowa-wl4011-5w12-latarka-inspekcyjna\/","title":{"rendered":"Brayt Battery Inspection Lamp WL4011 5W\/12 - Inspection Torch"},"content":{"rendered":"<p>Brayt Rechargeable inspection lamp \u2013 a portable lamp that perfectly reproduces natural light conditions. A modern COB LED source with a very high color rendering index RA&gt;95, as close as possible to daylight, allows you to perfectly select the right color and shade of varnish, among others. automotive. It makes it easier to check the color against the sample and check the covering itself. In the light of this lamp, you can easily detect the smallest defects in the paint coating, such as stains, holograms or overheating of the surface.<\/p>\n<ul>\n<li>Checking the color with a sample - remove the lens (scattered light).<\/li>\n<li>Coating check \u2013 with lens attached.<\/li>\n<\/ul>","protected":false},"excerpt":{"rendered":"<p>Brayt Inspekcyjna lampa akumulatorowa \u2013 przeno\u015bna lampa idealnie odtwarzaj\u0105ca warunki \u015bwiat\u0142a naturalnego. Nowoczesne \u017ar\u00f3d\u0142o LED COB o bardzo wysokim wsp\u00f3\u0142czynniku oddawania barw RA>95 maksymalnie zbli\u017conym do \u015bwiat\u0142a dziennego, umo\u017cliwia perfekcyjne dobranie w\u0142a\u015bciwego koloru i odcienia lakieru m.in. samochodowego. U\u0142atwia sprawdzenie koloru wzgl\u0119dem wzornika oraz sprawdzenie samego pokrycia. W \u015bwietle tej lampy \u0142atwo mo\u017cna wykry\u0107 najmniejsze&hellip;&nbsp;<a href=\"https:\/\/liquidmaster.pl\/en\/brayt-inspekcyjna-lampa-akumulatorowa-wl4011-5w12-latarka-inspekcyjna\/\" rel=\"bookmark\">Read More \u00bb<span class=\"screen-reader-text\">Brayt Battery Inspection Lamp WL4011 5W\/12 - Inspection Torch<\/span><\/a><\/p>","protected":false},"featured_media":1842753,"comment_status":"open","ping_status":"open","template":"","meta":{"neve_meta_sidebar":"","neve_meta_container":"","neve_meta_enable_content_width":"","neve_meta_content_width":0,"neve_meta_title_alignment":"","neve_meta_author_avatar":"","neve_post_elements_order":"","neve_meta_disable_header":"","neve_meta_disable_footer":"","neve_meta_disable_title":"","_themeisle_gutenberg_block_has_review":false},"product_brand":[],"product_cat":[749,827,748],"product_tag":[271],"class_list":{"0":"post-1799346","1":"product","2":"type-product","3":"status-publish","4":"has-post-thumbnail","6":"product_cat-akcesoria-polerskie","7":"product_cat-lampy-inspekcyjne","8":"product_cat-polerowanie","9":"product_tag-brayt","11":"first","12":"instock","13":"taxable","14":"shipping-taxable","15":"purchasable","16":"product-type-simple"},"_links":{"self":[{"href":"https:\/\/liquidmaster.pl\/en\/wp-json\/wp\/v2\/product\/1799346","targetHints":{"allow":["GET"]}}],"collection":[{"href":"https:\/\/liquidmaster.pl\/en\/wp-json\/wp\/v2\/product"}],"about":[{"href":"https:\/\/liquidmaster.pl\/en\/wp-json\/wp\/v2\/types\/product"}],"replies":[{"embeddable":true,"href":"https:\/\/liquidmaster.pl\/en\/wp-json\/wp\/v2\/comments?post=1799346"}],"wp:featuredmedia":[{"embeddable":true,"href":"https:\/\/liquidmaster.pl\/en\/wp-json\/wp\/v2\/media\/1842753"}],"wp:attachment":[{"href":"https:\/\/liquidmaster.pl\/en\/wp-json\/wp\/v2\/media?parent=1799346"}],"wp:term":[{"taxonomy":"product_brand","embeddable":true,"href":"https:\/\/liquidmaster.pl\/en\/wp-json\/wp\/v2\/product_brand?post=1799346"},{"taxonomy":"product_cat","embeddable":true,"href":"https:\/\/liquidmaster.pl\/en\/wp-json\/wp\/v2\/product_cat?post=1799346"},{"taxonomy":"product_tag","embeddable":true,"href":"https:\/\/liquidmaster.pl\/en\/wp-json\/wp\/v2\/product_tag?post=1799346"}],"curies":[{"name":"wp","href":"https:\/\/api.w.org\/{rel}","templated":true}]}}