{"id":1799318,"date":"2025-03-27T19:51:24","date_gmt":"2025-03-27T17:51:24","guid":{"rendered":"https:\/\/liquidmaster.pl\/koch-chemie-1k-nano-powloka-ochronna-do-lakieru\/"},"modified":"2026-04-19T02:54:51","modified_gmt":"2026-04-19T00:54:51","slug":"koch-chemie-1k-nano-powloka-ochronna-do-lakieru","status":"publish","type":"product","link":"https:\/\/liquidmaster.pl\/en\/koch-chemie-1k-nano-3\/","title":{"rendered":"Koch Chemie 1K NANO - protective coating for varnish"},"content":{"rendered":"<p>1K Nano (self-crosslinking molecules) is an innovative product based on reactive ingredients that bonds closely with the varnish and creates a smooth, high-gloss, protective coating, resistant to chemicals, UV rays and abrasion.<\/p>\n<p>Thanks to this, the paint is permanently protected against the unfavorable influence of the external environment.<\/p>\n<p>Insects, bird droppings and other adhering substances are much easier to remove.<\/p>\n<p>The so-called easy to clean-performance related to repeated dirt is a feature that gives our product the first place among similar products.<\/p>\n<p>The durability of this coating is approximately 1 year and can be significantly extended with regular care with Nano Magic shampoo.<\/p>","protected":false},"excerpt":{"rendered":"<p>1K Nano (samo sieciuj\u0105ce moleku\u0142y) to innowacyjny, bazuj\u0105cy na reaktywnych sk\u0142adnikach produkt, kt\u00f3ry \u0142\u0105czy si\u0119 \u015bci\u015ble z lakierem i tworzy g\u0142adk\u0105, o wysokim po\u0142ysku, pow\u0142ok\u0119 ochronn\u0105, odporn\u0105 na chemikalia, promienie UV i \u015bcieranie. Dzi\u0119ki temu lakier jest trwale chroniony przed nieprzyjaznym wp\u0142ywem \u015brodowiska zewn\u0119trznego. lnsekty, ptasie odchody i inne przylegaj\u0105ce substancje daj\u0105 si\u0119 zdecydowanie \u0142atwiej&hellip;&nbsp;<a href=\"https:\/\/liquidmaster.pl\/en\/koch-chemie-1k-nano-3\/\" rel=\"bookmark\">Read More \u00bb<span class=\"screen-reader-text\">Koch Chemie 1K NANO - protective coating for varnish<\/span><\/a><\/p>","protected":false},"featured_media":1842724,"comment_status":"open","ping_status":"open","template":"","meta":{"neve_meta_sidebar":"","neve_meta_container":"","neve_meta_enable_content_width":"","neve_meta_content_width":0,"neve_meta_title_alignment":"","neve_meta_author_avatar":"","neve_post_elements_order":"","neve_meta_disable_header":"","neve_meta_disable_footer":"","neve_meta_disable_title":"","_themeisle_gutenberg_block_has_review":false},"product_brand":[],"product_cat":[733,766,775],"product_tag":[313],"class_list":{"0":"post-1799318","1":"product","2":"type-product","3":"status-publish","4":"has-post-thumbnail","6":"product_cat-na-zewnatrz","7":"product_cat-ochrona-lakieru","8":"product_cat-powloki-ceramiczne","9":"product_tag-koch-chemie","11":"first","12":"instock","13":"taxable","14":"shipping-taxable","15":"purchasable","16":"product-type-simple"},"_links":{"self":[{"href":"https:\/\/liquidmaster.pl\/en\/wp-json\/wp\/v2\/product\/1799318","targetHints":{"allow":["GET"]}}],"collection":[{"href":"https:\/\/liquidmaster.pl\/en\/wp-json\/wp\/v2\/product"}],"about":[{"href":"https:\/\/liquidmaster.pl\/en\/wp-json\/wp\/v2\/types\/product"}],"replies":[{"embeddable":true,"href":"https:\/\/liquidmaster.pl\/en\/wp-json\/wp\/v2\/comments?post=1799318"}],"wp:featuredmedia":[{"embeddable":true,"href":"https:\/\/liquidmaster.pl\/en\/wp-json\/wp\/v2\/media\/1842724"}],"wp:attachment":[{"href":"https:\/\/liquidmaster.pl\/en\/wp-json\/wp\/v2\/media?parent=1799318"}],"wp:term":[{"taxonomy":"product_brand","embeddable":true,"href":"https:\/\/liquidmaster.pl\/en\/wp-json\/wp\/v2\/product_brand?post=1799318"},{"taxonomy":"product_cat","embeddable":true,"href":"https:\/\/liquidmaster.pl\/en\/wp-json\/wp\/v2\/product_cat?post=1799318"},{"taxonomy":"product_tag","embeddable":true,"href":"https:\/\/liquidmaster.pl\/en\/wp-json\/wp\/v2\/product_tag?post=1799318"}],"curies":[{"name":"wp","href":"https:\/\/api.w.org\/{rel}","templated":true}]}}