{"id":1799151,"date":"2025-03-27T19:41:17","date_gmt":"2025-03-27T17:41:17","guid":{"rendered":"https:\/\/liquidmaster.pl\/shiny-garage-foil-fixer-5l-produkt-do-aplikacji-folii-ochronnych\/"},"modified":"2026-04-18T04:09:44","modified_gmt":"2026-04-18T02:09:44","slug":"shiny-garage-foil-fixer-5l-produkt-do-aplikacji-folii-ochronnych","status":"publish","type":"product","link":"https:\/\/liquidmaster.pl\/en\/shiny-garage-foil-fixer-5l-produkt-do-aplikacji-folii-ochronnych\/","title":{"rendered":"Shiny Garage Foil Fixer 5L - a product for applying protective foils"},"content":{"rendered":"<p>Shiny Garage Foil Fixer is the answer to the needs of professional installers of colorless protective foils. A properly selected composition of wetting and slipping ingredients guarantees trouble-free application of the foil and better bonding with the varnish. The product does not leave streaks or stains on the paint. It significantly speeds up work and enables precise application.<\/p>\n<p>Usage:<\/p>\n<ul>\n<li>degrease the surface well with Scan Inspection Spray<\/li>\n<li>moisten the foil on both sides with the gel<\/li>\n<li>apply on varnish<\/li>\n<li>place the foil in the appropriate place<\/li>\n<li>remove the rest of the gel from the inner and outer layers of the foil<\/li>\n<\/ul>\n<p>\u00a0Capacity: 1 l, 5 l, 25 l<\/p>","protected":false},"excerpt":{"rendered":"<p>Shiny Garage Foil Fixer to odpowied\u017a na potrzeby profesjonalnych instalator\u00f3w bezbarwnych folii ochronnych. Odpowiednio dobrana kompozycja sk\u0142adnik\u00f3w zwil\u017caj\u0105cych i nadaj\u0105cych po\u015blizg, gwarantuje bezproblemow\u0105 aplikacj\u0119 folii i lepsze jej wi\u0105zanie z lakierem. Produkt nie pozostawia smug na lakierze ani zaciek\u00f3w. Znacz\u0105co przyspiesza prac\u0119 i umo\u017cliwia precyzyjn\u0105 aplikacj\u0119. Spos\u00f3b u\u017cycia: dobrze odt\u0142u\u015b\u0107 powierzchni\u0119 przy pomocy Scan Inspection&hellip;&nbsp;<a href=\"https:\/\/liquidmaster.pl\/en\/shiny-garage-foil-fixer-5l-produkt-do-aplikacji-folii-ochronnych\/\" rel=\"bookmark\">Read More \u00bb<span class=\"screen-reader-text\">Shiny Garage Foil Fixer 5L - a product for applying protective foils<\/span><\/a><\/p>","protected":false},"featured_media":1842551,"comment_status":"open","ping_status":"open","template":"","meta":{"neve_meta_sidebar":"","neve_meta_container":"","neve_meta_enable_content_width":"","neve_meta_content_width":0,"neve_meta_title_alignment":"","neve_meta_author_avatar":"","neve_post_elements_order":"","neve_meta_disable_header":"","neve_meta_disable_footer":"","neve_meta_disable_title":"","_themeisle_gutenberg_block_has_review":false},"product_brand":[],"product_cat":[880,879,897],"product_tag":[360],"class_list":{"0":"post-1799151","1":"product","2":"type-product","3":"status-publish","4":"has-post-thumbnail","6":"product_cat-folie-samochodowe","7":"product_cat-oklejanie","8":"product_cat-pielegnacja-folii-ppf-folie-samochodowe","9":"product_tag-shiny-garage","11":"first","12":"outofstock","13":"taxable","14":"shipping-taxable","15":"purchasable","16":"product-type-simple"},"_links":{"self":[{"href":"https:\/\/liquidmaster.pl\/en\/wp-json\/wp\/v2\/product\/1799151","targetHints":{"allow":["GET"]}}],"collection":[{"href":"https:\/\/liquidmaster.pl\/en\/wp-json\/wp\/v2\/product"}],"about":[{"href":"https:\/\/liquidmaster.pl\/en\/wp-json\/wp\/v2\/types\/product"}],"replies":[{"embeddable":true,"href":"https:\/\/liquidmaster.pl\/en\/wp-json\/wp\/v2\/comments?post=1799151"}],"wp:featuredmedia":[{"embeddable":true,"href":"https:\/\/liquidmaster.pl\/en\/wp-json\/wp\/v2\/media\/1842551"}],"wp:attachment":[{"href":"https:\/\/liquidmaster.pl\/en\/wp-json\/wp\/v2\/media?parent=1799151"}],"wp:term":[{"taxonomy":"product_brand","embeddable":true,"href":"https:\/\/liquidmaster.pl\/en\/wp-json\/wp\/v2\/product_brand?post=1799151"},{"taxonomy":"product_cat","embeddable":true,"href":"https:\/\/liquidmaster.pl\/en\/wp-json\/wp\/v2\/product_cat?post=1799151"},{"taxonomy":"product_tag","embeddable":true,"href":"https:\/\/liquidmaster.pl\/en\/wp-json\/wp\/v2\/product_tag?post=1799151"}],"curies":[{"name":"wp","href":"https:\/\/api.w.org\/{rel}","templated":true}]}}