{"id":1799055,"date":"2025-03-27T19:35:36","date_gmt":"2025-03-27T17:35:36","guid":{"rendered":"https:\/\/liquidmaster.pl\/koch-chemie-h8-02-heavy-cut-250ml-pasta-polerska\/"},"modified":"2026-04-19T02:53:53","modified_gmt":"2026-04-19T00:53:53","slug":"koch-chemie-h8-02-heavy-cut-250ml-pasta-polerska","status":"publish","type":"product","link":"https:\/\/liquidmaster.pl\/en\/koch-chemie-h802-heavy-cut-250ml-pasta-polerska\/","title":{"rendered":"Koch Chemie H8.02 Heavy Cut 250ml - polishing paste"},"content":{"rendered":"<p>KOCH CHEMIE Heavy Cut H8.02 - an innovative machine polish designed for quick polishing of heavily damaged paints, removal of deeper scratches, effective removal of varnish tarnish and abrasive marks left by sandpaper with a grit of up to 1500.\u00a0<\/p>\n<p>HC 8.02 is characterized by very uniform abrasive grains, thanks to which it achieves a very high level of correction with excellent gloss.<\/p>\n<p>This paste can be polished for a long time without fear of sticking or dust formation.\u00a0<\/p>\n<p>Perfect for all types of varnishes (both soft and scratch-resistant).<\/p>","protected":false},"excerpt":{"rendered":"<p>KOCH CHEMIE Heavy Cut H8.02\u00a0&#8211; jest to innowacyjna politura maszynowa stworzona w celu szybkiego polerowania silnie zniszczonych lakier\u00f3w, usuwania g\u0142\u0119bszych rys, skutecznego pozbywania si\u0119 nalotu po lakierowaniu i \u015blad\u00f3w \u015bciernych po papierze \u015bciernym o gradacji nawet 1500.\u00a0 HC 8.02 charakteryzuje si\u0119 bardzo jednorodnymi ziarnami \u015bciernymi, dzi\u0119ki czemu osi\u0105ga bardzo wysoki poziom korekty z jednoczesnym doskona\u0142ym&hellip;&nbsp;<a href=\"https:\/\/liquidmaster.pl\/en\/koch-chemie-h802-heavy-cut-250ml-pasta-polerska\/\" rel=\"bookmark\">Read More \u00bb<span class=\"screen-reader-text\">Koch Chemie H8.02 Heavy Cut 250ml - polishing paste<\/span><\/a><\/p>","protected":false},"featured_media":1842450,"comment_status":"open","ping_status":"open","template":"","meta":{"neve_meta_sidebar":"","neve_meta_container":"","neve_meta_enable_content_width":"","neve_meta_content_width":0,"neve_meta_title_alignment":"","neve_meta_author_avatar":"","neve_post_elements_order":"","neve_meta_disable_header":"","neve_meta_disable_footer":"","neve_meta_disable_title":"","_themeisle_gutenberg_block_has_review":false},"product_brand":[],"product_cat":[790,789,748],"product_tag":[313],"class_list":{"0":"post-1799055","1":"product","2":"type-product","3":"status-publish","4":"has-post-thumbnail","6":"product_cat-pasty-cuttingowe","7":"product_cat-pasty-polerskie","8":"product_cat-polerowanie","9":"product_tag-koch-chemie","11":"first","12":"instock","13":"taxable","14":"shipping-taxable","15":"purchasable","16":"product-type-simple"},"_links":{"self":[{"href":"https:\/\/liquidmaster.pl\/en\/wp-json\/wp\/v2\/product\/1799055","targetHints":{"allow":["GET"]}}],"collection":[{"href":"https:\/\/liquidmaster.pl\/en\/wp-json\/wp\/v2\/product"}],"about":[{"href":"https:\/\/liquidmaster.pl\/en\/wp-json\/wp\/v2\/types\/product"}],"replies":[{"embeddable":true,"href":"https:\/\/liquidmaster.pl\/en\/wp-json\/wp\/v2\/comments?post=1799055"}],"wp:featuredmedia":[{"embeddable":true,"href":"https:\/\/liquidmaster.pl\/en\/wp-json\/wp\/v2\/media\/1842450"}],"wp:attachment":[{"href":"https:\/\/liquidmaster.pl\/en\/wp-json\/wp\/v2\/media?parent=1799055"}],"wp:term":[{"taxonomy":"product_brand","embeddable":true,"href":"https:\/\/liquidmaster.pl\/en\/wp-json\/wp\/v2\/product_brand?post=1799055"},{"taxonomy":"product_cat","embeddable":true,"href":"https:\/\/liquidmaster.pl\/en\/wp-json\/wp\/v2\/product_cat?post=1799055"},{"taxonomy":"product_tag","embeddable":true,"href":"https:\/\/liquidmaster.pl\/en\/wp-json\/wp\/v2\/product_tag?post=1799055"}],"curies":[{"name":"wp","href":"https:\/\/api.w.org\/{rel}","templated":true}]}}